{"id":3067,"date":"2025-01-08T11:11:51","date_gmt":"2025-01-08T11:11:51","guid":{"rendered":"https:\/\/www.mauro-lucini.it\/negozio-di-violini\/bez-kategorii\/skrzypce-nr-36-officina-mauro-lucini-cremona-2024\/"},"modified":"2025-05-15T19:14:23","modified_gmt":"2025-05-15T19:14:23","slug":"cremona-skrzypce-nr-36-officina-mauro-lucini-2024","status":"publish","type":"product","link":"https:\/\/www.mauro-lucini.it\/pl\/negozio-di-violini\/skrzypce-kremonskie\/cremona-skrzypce-nr-36-officina-mauro-lucini-2024\/","title":{"rendered":"Skrzypce nr. 36 Officina Mauro Lucini, Cremona 2024 &#8211; SPRZEDANE"},"content":{"rendered":"","protected":false},"excerpt":{"rendered":"<p>Skrzypce Mauro Lucini Cremona No. 36 to kreacja w stylu Guarneri z d\u017awi\u0119kiem, kt\u00f3ry jest jasny, czysty i bogaty w tre\u015b\u0107. Ka\u017cdy szczeg\u00f3\u0142 tego instrumentu, od delikatnego \u015bwierkowego topu po klonowy ty\u0142 z g\u0142\u0119boko p\u0142omienistym ziarnem, \u015bwiadczy o wielkim do\u015bwiadczeniu mistrza Luciniego. Z\u0142oto-pomara\u0144czowy lakier, przygotowany wed\u0142ug osobistej receptury, podkre\u015bla s\u0142oje drewna, nadaj\u0105c instrumentowi elegancki wygl\u0105d i niepowtarzalny charakter. Podstawa, podzielona na dwie cz\u0119\u015bci, sprzyja g\u0142\u0119bokiemu i harmonijnemu brzmieniu, kt\u00f3re wzbogaca ka\u017cdy wyst\u0119p. Drobno rze\u017abiony zw\u00f3j dodaje kolejny element pi\u0119kna i kunsztu, czyni\u0105c skrzypce dzie\u0142em sztuki, na kt\u00f3rym mo\u017cna gra\u0107 i podziwia\u0107.     <\/p>\n","protected":false},"featured_media":3027,"template":"","meta":{"_coblocks_attr":"","_coblocks_dimensions":"","_coblocks_responsive_height":"","_coblocks_accordion_ie_support":"","hide_page_title":""},"product_brand":[],"product_cat":[111],"product_tag":[151,149,189,153,152,150],"class_list":{"0":"post-3067","1":"product","2":"type-product","3":"status-publish","4":"has-post-thumbnail","6":"product_cat-skrzypce-kremonskie","7":"product_tag-cremonaviolin-pl","8":"product_tag-skrzypce","9":"product_tag-skrzypce-pl","10":"product_tag-violinocremona-pl","11":"product_tag-violinocremonese-pl","12":"product_tag-wloskie-skrzypce","14":"first","15":"outofstock","16":"taxable","17":"shipping-taxable","18":"purchasable","19":"product-type-simple"},"yoast_head":"<!-- This site is optimized with the Yoast SEO plugin v27.4 - https:\/\/yoast.com\/product\/yoast-seo-wordpress\/ -->\n<title>Skrzypce nr. 36 Officina Mauro Lucini, Cremona 2024 - SPRZEDANE - Mauro Lucini - Liutaio a Cremona<\/title>\n<meta name=\"description\" content=\"W\u0142oskie skrzypce z Cremony w stylu Guarneri z doskona\u0142ym, bogatym d\u017awi\u0119kiem, dzielonym ty\u0142em i pomara\u0144czowo-z\u0142otym lakierem, z certyfikatem autentyczno\u015bci.\" \/>\n<meta name=\"robots\" content=\"index, follow, max-snippet:-1, max-image-preview:large, max-video-preview:-1\" \/>\n<link rel=\"canonical\" href=\"https:\/\/www.mauro-lucini.it\/pl\/negozio-di-violini\/skrzypce-kremonskie\/cremona-skrzypce-nr-36-officina-mauro-lucini-2024\/\" \/>\n<meta property=\"og:locale\" content=\"pl_PL\" \/>\n<meta property=\"og:type\" content=\"article\" \/>\n<meta property=\"og:title\" content=\"Skrzypce nr. 36 Officina Mauro Lucini, Cremona 2024 - SPRZEDANE - Mauro Lucini - Liutaio a Cremona\" \/>\n<meta property=\"og:description\" content=\"W\u0142oskie skrzypce z Cremony w stylu Guarneri z doskona\u0142ym, bogatym d\u017awi\u0119kiem, dzielonym ty\u0142em i pomara\u0144czowo-z\u0142otym lakierem, z certyfikatem autentyczno\u015bci.\" \/>\n<meta property=\"og:url\" content=\"https:\/\/www.mauro-lucini.it\/pl\/negozio-di-violini\/skrzypce-kremonskie\/cremona-skrzypce-nr-36-officina-mauro-lucini-2024\/\" \/>\n<meta property=\"og:site_name\" content=\"Mauro Lucini - Liutaio a Cremona\" \/>\n<meta property=\"article:modified_time\" content=\"2025-05-15T19:14:23+00:00\" \/>\n<meta property=\"og:image\" content=\"https:\/\/www.mauro-lucini.it\/wp-content\/uploads\/2025\/01\/mauro-lucini-guarneri-7602-1.jpg\" \/>\n\t<meta property=\"og:image:width\" content=\"1181\" \/>\n\t<meta property=\"og:image:height\" content=\"1890\" \/>\n\t<meta property=\"og:image:type\" content=\"image\/jpeg\" \/>\n<meta name=\"twitter:card\" content=\"summary_large_image\" \/>\n<!-- \/ Yoast SEO plugin. -->","yoast_head_json":{"title":"Skrzypce nr. 36 Officina Mauro Lucini, Cremona 2024 - SPRZEDANE - Mauro Lucini - Liutaio a Cremona","description":"W\u0142oskie skrzypce z Cremony w stylu Guarneri z doskona\u0142ym, bogatym d\u017awi\u0119kiem, dzielonym ty\u0142em i pomara\u0144czowo-z\u0142otym lakierem, z certyfikatem autentyczno\u015bci.","robots":{"index":"index","follow":"follow","max-snippet":"max-snippet:-1","max-image-preview":"max-image-preview:large","max-video-preview":"max-video-preview:-1"},"canonical":"https:\/\/www.mauro-lucini.it\/pl\/negozio-di-violini\/skrzypce-kremonskie\/cremona-skrzypce-nr-36-officina-mauro-lucini-2024\/","og_locale":"pl_PL","og_type":"article","og_title":"Skrzypce nr. 36 Officina Mauro Lucini, Cremona 2024 - SPRZEDANE - Mauro Lucini - Liutaio a Cremona","og_description":"W\u0142oskie skrzypce z Cremony w stylu Guarneri z doskona\u0142ym, bogatym d\u017awi\u0119kiem, dzielonym ty\u0142em i pomara\u0144czowo-z\u0142otym lakierem, z certyfikatem autentyczno\u015bci.","og_url":"https:\/\/www.mauro-lucini.it\/pl\/negozio-di-violini\/skrzypce-kremonskie\/cremona-skrzypce-nr-36-officina-mauro-lucini-2024\/","og_site_name":"Mauro Lucini - Liutaio a Cremona","article_modified_time":"2025-05-15T19:14:23+00:00","og_image":[{"width":1181,"height":1890,"url":"https:\/\/www.mauro-lucini.it\/wp-content\/uploads\/2025\/01\/mauro-lucini-guarneri-7602-1.jpg","type":"image\/jpeg"}],"twitter_card":"summary_large_image","schema":{"@context":"https:\/\/schema.org","@graph":[{"@type":"WebPage","@id":"https:\/\/www.mauro-lucini.it\/pl\/negozio-di-violini\/skrzypce-kremonskie\/cremona-skrzypce-nr-36-officina-mauro-lucini-2024\/","url":"https:\/\/www.mauro-lucini.it\/pl\/negozio-di-violini\/skrzypce-kremonskie\/cremona-skrzypce-nr-36-officina-mauro-lucini-2024\/","name":"Skrzypce nr. 36 Officina Mauro Lucini, Cremona 2024 - SPRZEDANE - Mauro Lucini - Liutaio a Cremona","isPartOf":{"@id":"https:\/\/www.mauro-lucini.it\/pl\/#website"},"primaryImageOfPage":{"@id":"https:\/\/www.mauro-lucini.it\/pl\/negozio-di-violini\/skrzypce-kremonskie\/cremona-skrzypce-nr-36-officina-mauro-lucini-2024\/#primaryimage"},"image":{"@id":"https:\/\/www.mauro-lucini.it\/pl\/negozio-di-violini\/skrzypce-kremonskie\/cremona-skrzypce-nr-36-officina-mauro-lucini-2024\/#primaryimage"},"thumbnailUrl":"https:\/\/www.mauro-lucini.it\/wp-content\/uploads\/2025\/01\/mauro-lucini-guarneri-7602-1.jpg","datePublished":"2025-01-08T11:11:51+00:00","dateModified":"2025-05-15T19:14:23+00:00","description":"W\u0142oskie skrzypce z Cremony w stylu Guarneri z doskona\u0142ym, bogatym d\u017awi\u0119kiem, dzielonym ty\u0142em i pomara\u0144czowo-z\u0142otym lakierem, z certyfikatem autentyczno\u015bci.","breadcrumb":{"@id":"https:\/\/www.mauro-lucini.it\/pl\/negozio-di-violini\/skrzypce-kremonskie\/cremona-skrzypce-nr-36-officina-mauro-lucini-2024\/#breadcrumb"},"inLanguage":"pl-PL","potentialAction":[{"@type":"ReadAction","target":["https:\/\/www.mauro-lucini.it\/pl\/negozio-di-violini\/skrzypce-kremonskie\/cremona-skrzypce-nr-36-officina-mauro-lucini-2024\/"]}]},{"@type":"ImageObject","inLanguage":"pl-PL","@id":"https:\/\/www.mauro-lucini.it\/pl\/negozio-di-violini\/skrzypce-kremonskie\/cremona-skrzypce-nr-36-officina-mauro-lucini-2024\/#primaryimage","url":"https:\/\/www.mauro-lucini.it\/wp-content\/uploads\/2025\/01\/mauro-lucini-guarneri-7602-1.jpg","contentUrl":"https:\/\/www.mauro-lucini.it\/wp-content\/uploads\/2025\/01\/mauro-lucini-guarneri-7602-1.jpg","width":1181,"height":1890},{"@type":"BreadcrumbList","@id":"https:\/\/www.mauro-lucini.it\/pl\/negozio-di-violini\/skrzypce-kremonskie\/cremona-skrzypce-nr-36-officina-mauro-lucini-2024\/#breadcrumb","itemListElement":[{"@type":"ListItem","position":1,"name":"Home","item":"https:\/\/www.mauro-lucini.it\/pl\/"},{"@type":"ListItem","position":2,"name":"Shop","item":"https:\/\/www.mauro-lucini.it\/en\/shop\/"},{"@type":"ListItem","position":3,"name":"Skrzypce nr. 36 Officina Mauro Lucini, Cremona 2024 &#8211; SPRZEDANE"}]},{"@type":"WebSite","@id":"https:\/\/www.mauro-lucini.it\/pl\/#website","url":"https:\/\/www.mauro-lucini.it\/pl\/","name":"Mauro Lucini - Liutaio a Cremona","description":"Mauro Lucini liutaio a Cremona - 40 anni di passione ed esperienza","publisher":{"@id":"https:\/\/www.mauro-lucini.it\/pl\/#organization"},"potentialAction":[{"@type":"SearchAction","target":{"@type":"EntryPoint","urlTemplate":"https:\/\/www.mauro-lucini.it\/pl\/?s={search_term_string}"},"query-input":{"@type":"PropertyValueSpecification","valueRequired":true,"valueName":"search_term_string"}}],"inLanguage":"pl-PL"},{"@type":"Organization","@id":"https:\/\/www.mauro-lucini.it\/pl\/#organization","name":"Mauro Lucini - Liutaio a Cremona","url":"https:\/\/www.mauro-lucini.it\/pl\/","logo":{"@type":"ImageObject","inLanguage":"pl-PL","@id":"https:\/\/www.mauro-lucini.it\/pl\/#\/schema\/logo\/image\/","url":"https:\/\/www.mauro-lucini.it\/wp-content\/uploads\/2024\/09\/Mauro-Lucini-Liutaio-Cremona.png","contentUrl":"https:\/\/www.mauro-lucini.it\/wp-content\/uploads\/2024\/09\/Mauro-Lucini-Liutaio-Cremona.png","width":480,"height":84,"caption":"Mauro Lucini - Liutaio a Cremona"},"image":{"@id":"https:\/\/www.mauro-lucini.it\/pl\/#\/schema\/logo\/image\/"}}]}},"_links":{"self":[{"href":"https:\/\/www.mauro-lucini.it\/pl\/wp-json\/wp\/v2\/product\/3067","targetHints":{"allow":["GET"]}}],"collection":[{"href":"https:\/\/www.mauro-lucini.it\/pl\/wp-json\/wp\/v2\/product"}],"about":[{"href":"https:\/\/www.mauro-lucini.it\/pl\/wp-json\/wp\/v2\/types\/product"}],"wp:featuredmedia":[{"embeddable":true,"href":"https:\/\/www.mauro-lucini.it\/pl\/wp-json\/wp\/v2\/media\/3027"}],"wp:attachment":[{"href":"https:\/\/www.mauro-lucini.it\/pl\/wp-json\/wp\/v2\/media?parent=3067"}],"wp:term":[{"taxonomy":"product_brand","embeddable":true,"href":"https:\/\/www.mauro-lucini.it\/pl\/wp-json\/wp\/v2\/product_brand?post=3067"},{"taxonomy":"product_cat","embeddable":true,"href":"https:\/\/www.mauro-lucini.it\/pl\/wp-json\/wp\/v2\/product_cat?post=3067"},{"taxonomy":"product_tag","embeddable":true,"href":"https:\/\/www.mauro-lucini.it\/pl\/wp-json\/wp\/v2\/product_tag?post=3067"}],"curies":[{"name":"wp","href":"https:\/\/api.w.org\/{rel}","templated":true}]}}