{"id":2945,"date":"2025-01-08T10:44:26","date_gmt":"2025-01-08T10:44:26","guid":{"rendered":"https:\/\/www.mauro-lucini.it\/negozio-di-violini\/bez-kategorii\/skrzypce-nr-30-officina-mauro-lucini-cremona-2024\/"},"modified":"2025-05-15T19:26:02","modified_gmt":"2025-05-15T19:26:02","slug":"skrzypce-nr-30-officina-mauro-lucini-cremona-2024","status":"publish","type":"product","link":"https:\/\/www.mauro-lucini.it\/pl\/negozio-di-violini\/skrzypce-kremonskie\/skrzypce-nr-30-officina-mauro-lucini-cremona-2024\/","title":{"rendered":"Skrzypce nr. 30 Officina Mauro Lucini, Cremona 2024 &#8211; SPRZEDANE"},"content":{"rendered":"","protected":false},"excerpt":{"rendered":"<p>Jest to nowoczesna alt\u00f3wka z Cremony, stworzona w celu zaspokojenia potrzeb zar\u00f3wno wsp\u00f3\u0142czesnych muzyk\u00f3w, jak i tych zainteresowanych praktyk\u0105 barokow\u0105. Dzi\u0119ki niezwykle lekkiej reakcji i jasnemu, dojrza\u0142emu brzmieniu, skrzypce No. 30 Officina Mauro Lucini pozwalaj\u0105 na p\u0142ynne przej\u015bcia mi\u0119dzy r\u00f3\u017cnymi \u015bwiatami muzycznymi. Ich d\u017awi\u0119k, z bogatym, krystalicznie czystym charakterem, doskonale nadaje si\u0119 do nowoczesnych wykona\u0144, ale jego struktura zosta\u0142a r\u00f3wnie\u017c zaprojektowana tak, aby wspiera\u0107 autentyczn\u0105 gr\u0119 barokow\u0105. Dwucz\u0119\u015bciowy ty\u0142 nadaje instrumentowi unikalny rezonans, podczas gdy ciep\u0142y pomara\u0144czowo-br\u0105zowy przezroczysty lakier doskonale wyra\u017ca charakter skrzypiec. Perfekcja monta\u017cu i wykonania znajduje odzwierciedlenie w przyjemno\u015bci z gry.     <\/p>\n","protected":false},"featured_media":2916,"template":"","meta":{"_coblocks_attr":"","_coblocks_dimensions":"","_coblocks_responsive_height":"","_coblocks_accordion_ie_support":"","hide_page_title":""},"product_brand":[],"product_cat":[111],"product_tag":[151,149,189,153,152,150],"class_list":{"0":"post-2945","1":"product","2":"type-product","3":"status-publish","4":"has-post-thumbnail","6":"product_cat-skrzypce-kremonskie","7":"product_tag-cremonaviolin-pl","8":"product_tag-skrzypce","9":"product_tag-skrzypce-pl","10":"product_tag-violinocremona-pl","11":"product_tag-violinocremonese-pl","12":"product_tag-wloskie-skrzypce","14":"first","15":"outofstock","16":"taxable","17":"shipping-taxable","18":"purchasable","19":"product-type-simple"},"yoast_head":"<!-- This site is optimized with the Yoast SEO plugin v27.4 - https:\/\/yoast.com\/product\/yoast-seo-wordpress\/ -->\n<title>Skrzypce nr. 30 Officina Mauro Lucini, Cremona 2024 - SPRZEDANE - Mauro Lucini - Liutaio a Cremona<\/title>\n<meta name=\"description\" content=\"Nowoczesne skrzypce Cremona nr 30 o jasnym i dojrza\u0142ym brzmieniu, idealne do stylu barokowego i nowoczesnego, z dzielonym ty\u0142em i pomara\u0144czowo-br\u0105zowym lakierem.\" \/>\n<meta name=\"robots\" content=\"index, follow, max-snippet:-1, max-image-preview:large, max-video-preview:-1\" \/>\n<link rel=\"canonical\" href=\"https:\/\/www.mauro-lucini.it\/pl\/negozio-di-violini\/skrzypce-kremonskie\/skrzypce-nr-30-officina-mauro-lucini-cremona-2024\/\" \/>\n<meta property=\"og:locale\" content=\"pl_PL\" \/>\n<meta property=\"og:type\" content=\"article\" \/>\n<meta property=\"og:title\" content=\"Skrzypce nr. 30 Officina Mauro Lucini, Cremona 2024 - SPRZEDANE - Mauro Lucini - Liutaio a Cremona\" \/>\n<meta property=\"og:description\" content=\"Nowoczesne skrzypce Cremona nr 30 o jasnym i dojrza\u0142ym brzmieniu, idealne do stylu barokowego i nowoczesnego, z dzielonym ty\u0142em i pomara\u0144czowo-br\u0105zowym lakierem.\" \/>\n<meta property=\"og:url\" content=\"https:\/\/www.mauro-lucini.it\/pl\/negozio-di-violini\/skrzypce-kremonskie\/skrzypce-nr-30-officina-mauro-lucini-cremona-2024\/\" \/>\n<meta property=\"og:site_name\" content=\"Mauro Lucini - Liutaio a Cremona\" \/>\n<meta property=\"article:modified_time\" content=\"2025-05-15T19:26:02+00:00\" \/>\n<meta property=\"og:image\" content=\"https:\/\/www.mauro-lucini.it\/wp-content\/uploads\/2025\/01\/mauro-lucini-stradivari-7601-1_1890x1890.jpg\" \/>\n\t<meta property=\"og:image:width\" content=\"1181\" \/>\n\t<meta property=\"og:image:height\" content=\"1890\" \/>\n\t<meta property=\"og:image:type\" content=\"image\/jpeg\" \/>\n<meta name=\"twitter:card\" content=\"summary_large_image\" \/>\n<!-- \/ Yoast SEO plugin. -->","yoast_head_json":{"title":"Skrzypce nr. 30 Officina Mauro Lucini, Cremona 2024 - SPRZEDANE - Mauro Lucini - Liutaio a Cremona","description":"Nowoczesne skrzypce Cremona nr 30 o jasnym i dojrza\u0142ym brzmieniu, idealne do stylu barokowego i nowoczesnego, z dzielonym ty\u0142em i pomara\u0144czowo-br\u0105zowym lakierem.","robots":{"index":"index","follow":"follow","max-snippet":"max-snippet:-1","max-image-preview":"max-image-preview:large","max-video-preview":"max-video-preview:-1"},"canonical":"https:\/\/www.mauro-lucini.it\/pl\/negozio-di-violini\/skrzypce-kremonskie\/skrzypce-nr-30-officina-mauro-lucini-cremona-2024\/","og_locale":"pl_PL","og_type":"article","og_title":"Skrzypce nr. 30 Officina Mauro Lucini, Cremona 2024 - SPRZEDANE - Mauro Lucini - Liutaio a Cremona","og_description":"Nowoczesne skrzypce Cremona nr 30 o jasnym i dojrza\u0142ym brzmieniu, idealne do stylu barokowego i nowoczesnego, z dzielonym ty\u0142em i pomara\u0144czowo-br\u0105zowym lakierem.","og_url":"https:\/\/www.mauro-lucini.it\/pl\/negozio-di-violini\/skrzypce-kremonskie\/skrzypce-nr-30-officina-mauro-lucini-cremona-2024\/","og_site_name":"Mauro Lucini - Liutaio a Cremona","article_modified_time":"2025-05-15T19:26:02+00:00","og_image":[{"width":1181,"height":1890,"url":"https:\/\/www.mauro-lucini.it\/wp-content\/uploads\/2025\/01\/mauro-lucini-stradivari-7601-1_1890x1890.jpg","type":"image\/jpeg"}],"twitter_card":"summary_large_image","schema":{"@context":"https:\/\/schema.org","@graph":[{"@type":"WebPage","@id":"https:\/\/www.mauro-lucini.it\/pl\/negozio-di-violini\/skrzypce-kremonskie\/skrzypce-nr-30-officina-mauro-lucini-cremona-2024\/","url":"https:\/\/www.mauro-lucini.it\/pl\/negozio-di-violini\/skrzypce-kremonskie\/skrzypce-nr-30-officina-mauro-lucini-cremona-2024\/","name":"Skrzypce nr. 30 Officina Mauro Lucini, Cremona 2024 - SPRZEDANE - Mauro Lucini - Liutaio a Cremona","isPartOf":{"@id":"https:\/\/www.mauro-lucini.it\/pl\/#website"},"primaryImageOfPage":{"@id":"https:\/\/www.mauro-lucini.it\/pl\/negozio-di-violini\/skrzypce-kremonskie\/skrzypce-nr-30-officina-mauro-lucini-cremona-2024\/#primaryimage"},"image":{"@id":"https:\/\/www.mauro-lucini.it\/pl\/negozio-di-violini\/skrzypce-kremonskie\/skrzypce-nr-30-officina-mauro-lucini-cremona-2024\/#primaryimage"},"thumbnailUrl":"https:\/\/www.mauro-lucini.it\/wp-content\/uploads\/2025\/01\/mauro-lucini-stradivari-7601-1_1890x1890.jpg","datePublished":"2025-01-08T10:44:26+00:00","dateModified":"2025-05-15T19:26:02+00:00","description":"Nowoczesne skrzypce Cremona nr 30 o jasnym i dojrza\u0142ym brzmieniu, idealne do stylu barokowego i nowoczesnego, z dzielonym ty\u0142em i pomara\u0144czowo-br\u0105zowym lakierem.","breadcrumb":{"@id":"https:\/\/www.mauro-lucini.it\/pl\/negozio-di-violini\/skrzypce-kremonskie\/skrzypce-nr-30-officina-mauro-lucini-cremona-2024\/#breadcrumb"},"inLanguage":"pl-PL","potentialAction":[{"@type":"ReadAction","target":["https:\/\/www.mauro-lucini.it\/pl\/negozio-di-violini\/skrzypce-kremonskie\/skrzypce-nr-30-officina-mauro-lucini-cremona-2024\/"]}]},{"@type":"ImageObject","inLanguage":"pl-PL","@id":"https:\/\/www.mauro-lucini.it\/pl\/negozio-di-violini\/skrzypce-kremonskie\/skrzypce-nr-30-officina-mauro-lucini-cremona-2024\/#primaryimage","url":"https:\/\/www.mauro-lucini.it\/wp-content\/uploads\/2025\/01\/mauro-lucini-stradivari-7601-1_1890x1890.jpg","contentUrl":"https:\/\/www.mauro-lucini.it\/wp-content\/uploads\/2025\/01\/mauro-lucini-stradivari-7601-1_1890x1890.jpg","width":1181,"height":1890},{"@type":"BreadcrumbList","@id":"https:\/\/www.mauro-lucini.it\/pl\/negozio-di-violini\/skrzypce-kremonskie\/skrzypce-nr-30-officina-mauro-lucini-cremona-2024\/#breadcrumb","itemListElement":[{"@type":"ListItem","position":1,"name":"Home","item":"https:\/\/www.mauro-lucini.it\/pl\/"},{"@type":"ListItem","position":2,"name":"Shop","item":"https:\/\/www.mauro-lucini.it\/en\/shop\/"},{"@type":"ListItem","position":3,"name":"Skrzypce nr. 30 Officina Mauro Lucini, Cremona 2024 &#8211; SPRZEDANE"}]},{"@type":"WebSite","@id":"https:\/\/www.mauro-lucini.it\/pl\/#website","url":"https:\/\/www.mauro-lucini.it\/pl\/","name":"Mauro Lucini - Liutaio a Cremona","description":"Mauro Lucini liutaio a Cremona - 40 anni di passione ed esperienza","publisher":{"@id":"https:\/\/www.mauro-lucini.it\/pl\/#organization"},"potentialAction":[{"@type":"SearchAction","target":{"@type":"EntryPoint","urlTemplate":"https:\/\/www.mauro-lucini.it\/pl\/?s={search_term_string}"},"query-input":{"@type":"PropertyValueSpecification","valueRequired":true,"valueName":"search_term_string"}}],"inLanguage":"pl-PL"},{"@type":"Organization","@id":"https:\/\/www.mauro-lucini.it\/pl\/#organization","name":"Mauro Lucini - Liutaio a Cremona","url":"https:\/\/www.mauro-lucini.it\/pl\/","logo":{"@type":"ImageObject","inLanguage":"pl-PL","@id":"https:\/\/www.mauro-lucini.it\/pl\/#\/schema\/logo\/image\/","url":"https:\/\/www.mauro-lucini.it\/wp-content\/uploads\/2024\/09\/Mauro-Lucini-Liutaio-Cremona.png","contentUrl":"https:\/\/www.mauro-lucini.it\/wp-content\/uploads\/2024\/09\/Mauro-Lucini-Liutaio-Cremona.png","width":480,"height":84,"caption":"Mauro Lucini - Liutaio a Cremona"},"image":{"@id":"https:\/\/www.mauro-lucini.it\/pl\/#\/schema\/logo\/image\/"}}]}},"_links":{"self":[{"href":"https:\/\/www.mauro-lucini.it\/pl\/wp-json\/wp\/v2\/product\/2945","targetHints":{"allow":["GET"]}}],"collection":[{"href":"https:\/\/www.mauro-lucini.it\/pl\/wp-json\/wp\/v2\/product"}],"about":[{"href":"https:\/\/www.mauro-lucini.it\/pl\/wp-json\/wp\/v2\/types\/product"}],"wp:featuredmedia":[{"embeddable":true,"href":"https:\/\/www.mauro-lucini.it\/pl\/wp-json\/wp\/v2\/media\/2916"}],"wp:attachment":[{"href":"https:\/\/www.mauro-lucini.it\/pl\/wp-json\/wp\/v2\/media?parent=2945"}],"wp:term":[{"taxonomy":"product_brand","embeddable":true,"href":"https:\/\/www.mauro-lucini.it\/pl\/wp-json\/wp\/v2\/product_brand?post=2945"},{"taxonomy":"product_cat","embeddable":true,"href":"https:\/\/www.mauro-lucini.it\/pl\/wp-json\/wp\/v2\/product_cat?post=2945"},{"taxonomy":"product_tag","embeddable":true,"href":"https:\/\/www.mauro-lucini.it\/pl\/wp-json\/wp\/v2\/product_tag?post=2945"}],"curies":[{"name":"wp","href":"https:\/\/api.w.org\/{rel}","templated":true}]}}