{"id":2280,"date":"2023-05-28T18:02:15","date_gmt":"2023-05-28T18:02:15","guid":{"rendered":"https:\/\/www.mauro-lucini.it\/negozio\/bez-kategorii\/skrzypce-cremonese-mauro-lucini-2024-nr-31-lakier-olejny-sprzedane"},"modified":"2023-05-28T18:02:15","modified_gmt":"2023-05-28T18:02:15","slug":"skrzypce-cremonese-mauro-lucini-2024-nr-31-lakier-olejny-sprzedane","status":"publish","type":"product","link":"https:\/\/www.mauro-lucini.it\/pl\/negozio-di-violini\/skrzypce-kremonskie\/skrzypce-cremonese-mauro-lucini-2024-nr-31-lakier-olejny-sprzedane\/","title":{"rendered":"Skrzypce Cremonese, Mauro Lucini 2024 nr 31 &#8211; lakier olejny &#8211; SPRZEDANE"},"content":{"rendered":"<ul>\n<li>Pi\u0119kne skrzypce z Cremony wykonane przez Officina Mauro Lucini model Guarneri, Cremona 2024.<\/li>\n<li>Ton: silny, mocny, promienny. Lakier olejny, lakier antyczny. <\/li>\n<li>Cena skrzypiec 4990 netto + 22% VAT.<\/li>\n<li>Niedrogie skrzypce Cremonese s\u0105 obecnie dost\u0119pne u dealera <a href=\"https:\/\/www.corilon.com\">Corilon violins<\/a> i mo\u017cna je zam\u00f3wi\u0107 w cenie netto z bezp\u0142atn\u0105 wysy\u0142k\u0105 na ca\u0142y \u015bwiat.<\/li>\n<\/ul>\n","protected":false},"excerpt":{"rendered":"<p>Pi\u0119kne skrzypce z Cremony wykonane przez Officina Mauro Lucini model Guarneri, Cremona 2024. Ton: silny, mocny, promienny. Lakier olejny, lakier antyczny. Cena skrzypiec 4990 netto + 22% VAT. Niedrogie skrzypce Cremonese s\u0105 obecnie dost\u0119pne u dealera Corilon violins i mo\u017cna je zam\u00f3wi\u0107 w cenie netto z bezp\u0142atn\u0105 wysy\u0142k\u0105 na ca\u0142y \u015bwiat.<\/p>\n","protected":false},"featured_media":1473,"template":"","meta":{"_coblocks_attr":"","_coblocks_dimensions":"","_coblocks_responsive_height":"","_coblocks_accordion_ie_support":"","hide_page_title":""},"product_brand":[],"product_cat":[111],"product_tag":[151,149,153,152,150],"class_list":{"0":"post-2280","1":"product","2":"type-product","3":"status-publish","4":"has-post-thumbnail","6":"product_cat-skrzypce-kremonskie","7":"product_tag-cremonaviolin-pl","8":"product_tag-skrzypce","9":"product_tag-violinocremona-pl","10":"product_tag-violinocremonese-pl","11":"product_tag-wloskie-skrzypce","13":"first","14":"outofstock","15":"sold-individually","16":"taxable","17":"shipping-taxable","18":"purchasable","19":"product-type-simple"},"yoast_head":"<!-- This site is optimized with the Yoast SEO plugin v27.4 - https:\/\/yoast.com\/product\/yoast-seo-wordpress\/ -->\n<title>Skrzypce Cremonese, Mauro Lucini 2024 nr 31 - lakier olejny - SPRZEDANE - Mauro Lucini - Liutaio a Cremona<\/title>\n<meta name=\"description\" content=\"Skrzypce model Guarneri z warsztatu lutniczego Mauro Lucini, Cremona 2023. Brzmienie: mocne, pot\u0119\u017cne, promienne\" \/>\n<meta name=\"robots\" content=\"index, follow, max-snippet:-1, max-image-preview:large, max-video-preview:-1\" \/>\n<link rel=\"canonical\" href=\"https:\/\/www.mauro-lucini.it\/pl\/negozio-di-violini\/skrzypce-kremonskie\/skrzypce-cremonese-mauro-lucini-2024-nr-31-lakier-olejny-sprzedane\/\" \/>\n<meta property=\"og:locale\" content=\"pl_PL\" \/>\n<meta property=\"og:type\" content=\"article\" \/>\n<meta property=\"og:title\" content=\"Skrzypce Cremonese, Mauro Lucini 2024 nr 31 - lakier olejny - SPRZEDANE - Mauro Lucini - Liutaio a Cremona\" \/>\n<meta property=\"og:description\" content=\"Skrzypce model Guarneri z warsztatu lutniczego Mauro Lucini, Cremona 2023. Brzmienie: mocne, pot\u0119\u017cne, promienne\" \/>\n<meta property=\"og:url\" content=\"https:\/\/www.mauro-lucini.it\/pl\/negozio-di-violini\/skrzypce-kremonskie\/skrzypce-cremonese-mauro-lucini-2024-nr-31-lakier-olejny-sprzedane\/\" \/>\n<meta property=\"og:site_name\" content=\"Mauro Lucini - Liutaio a Cremona\" \/>\n<meta property=\"og:image\" content=\"https:\/\/www.mauro-lucini.it\/wp-content\/uploads\/2023\/05\/mauro-lucini-maestro-2.jpg\" \/>\n\t<meta property=\"og:image:width\" content=\"1181\" \/>\n\t<meta property=\"og:image:height\" content=\"1890\" \/>\n\t<meta property=\"og:image:type\" content=\"image\/jpeg\" \/>\n<meta name=\"twitter:card\" content=\"summary_large_image\" \/>\n<!-- \/ Yoast SEO plugin. -->","yoast_head_json":{"title":"Skrzypce Cremonese, Mauro Lucini 2024 nr 31 - lakier olejny - SPRZEDANE - Mauro Lucini - Liutaio a Cremona","description":"Skrzypce model Guarneri z warsztatu lutniczego Mauro Lucini, Cremona 2023. Brzmienie: mocne, pot\u0119\u017cne, promienne","robots":{"index":"index","follow":"follow","max-snippet":"max-snippet:-1","max-image-preview":"max-image-preview:large","max-video-preview":"max-video-preview:-1"},"canonical":"https:\/\/www.mauro-lucini.it\/pl\/negozio-di-violini\/skrzypce-kremonskie\/skrzypce-cremonese-mauro-lucini-2024-nr-31-lakier-olejny-sprzedane\/","og_locale":"pl_PL","og_type":"article","og_title":"Skrzypce Cremonese, Mauro Lucini 2024 nr 31 - lakier olejny - SPRZEDANE - Mauro Lucini - Liutaio a Cremona","og_description":"Skrzypce model Guarneri z warsztatu lutniczego Mauro Lucini, Cremona 2023. Brzmienie: mocne, pot\u0119\u017cne, promienne","og_url":"https:\/\/www.mauro-lucini.it\/pl\/negozio-di-violini\/skrzypce-kremonskie\/skrzypce-cremonese-mauro-lucini-2024-nr-31-lakier-olejny-sprzedane\/","og_site_name":"Mauro Lucini - Liutaio a Cremona","og_image":[{"width":1181,"height":1890,"url":"https:\/\/www.mauro-lucini.it\/wp-content\/uploads\/2023\/05\/mauro-lucini-maestro-2.jpg","type":"image\/jpeg"}],"twitter_card":"summary_large_image","schema":{"@context":"https:\/\/schema.org","@graph":[{"@type":"WebPage","@id":"https:\/\/www.mauro-lucini.it\/pl\/negozio-di-violini\/skrzypce-kremonskie\/skrzypce-cremonese-mauro-lucini-2024-nr-31-lakier-olejny-sprzedane\/","url":"https:\/\/www.mauro-lucini.it\/pl\/negozio-di-violini\/skrzypce-kremonskie\/skrzypce-cremonese-mauro-lucini-2024-nr-31-lakier-olejny-sprzedane\/","name":"Skrzypce Cremonese, Mauro Lucini 2024 nr 31 - lakier olejny - SPRZEDANE - Mauro Lucini - Liutaio a Cremona","isPartOf":{"@id":"https:\/\/www.mauro-lucini.it\/pl\/#website"},"primaryImageOfPage":{"@id":"https:\/\/www.mauro-lucini.it\/pl\/negozio-di-violini\/skrzypce-kremonskie\/skrzypce-cremonese-mauro-lucini-2024-nr-31-lakier-olejny-sprzedane\/#primaryimage"},"image":{"@id":"https:\/\/www.mauro-lucini.it\/pl\/negozio-di-violini\/skrzypce-kremonskie\/skrzypce-cremonese-mauro-lucini-2024-nr-31-lakier-olejny-sprzedane\/#primaryimage"},"thumbnailUrl":"https:\/\/www.mauro-lucini.it\/wp-content\/uploads\/2023\/05\/mauro-lucini-maestro-2.jpg","datePublished":"2023-05-28T18:02:15+00:00","description":"Skrzypce model Guarneri z warsztatu lutniczego Mauro Lucini, Cremona 2023. Brzmienie: mocne, pot\u0119\u017cne, promienne","breadcrumb":{"@id":"https:\/\/www.mauro-lucini.it\/pl\/negozio-di-violini\/skrzypce-kremonskie\/skrzypce-cremonese-mauro-lucini-2024-nr-31-lakier-olejny-sprzedane\/#breadcrumb"},"inLanguage":"pl-PL","potentialAction":[{"@type":"ReadAction","target":["https:\/\/www.mauro-lucini.it\/pl\/negozio-di-violini\/skrzypce-kremonskie\/skrzypce-cremonese-mauro-lucini-2024-nr-31-lakier-olejny-sprzedane\/"]}]},{"@type":"ImageObject","inLanguage":"pl-PL","@id":"https:\/\/www.mauro-lucini.it\/pl\/negozio-di-violini\/skrzypce-kremonskie\/skrzypce-cremonese-mauro-lucini-2024-nr-31-lakier-olejny-sprzedane\/#primaryimage","url":"https:\/\/www.mauro-lucini.it\/wp-content\/uploads\/2023\/05\/mauro-lucini-maestro-2.jpg","contentUrl":"https:\/\/www.mauro-lucini.it\/wp-content\/uploads\/2023\/05\/mauro-lucini-maestro-2.jpg","width":1181,"height":1890},{"@type":"BreadcrumbList","@id":"https:\/\/www.mauro-lucini.it\/pl\/negozio-di-violini\/skrzypce-kremonskie\/skrzypce-cremonese-mauro-lucini-2024-nr-31-lakier-olejny-sprzedane\/#breadcrumb","itemListElement":[{"@type":"ListItem","position":1,"name":"Home","item":"https:\/\/www.mauro-lucini.it\/pl\/"},{"@type":"ListItem","position":2,"name":"Shop","item":"https:\/\/www.mauro-lucini.it\/en\/shop\/"},{"@type":"ListItem","position":3,"name":"Skrzypce Cremonese, Mauro Lucini 2024 nr 31 &#8211; lakier olejny &#8211; SPRZEDANE"}]},{"@type":"WebSite","@id":"https:\/\/www.mauro-lucini.it\/pl\/#website","url":"https:\/\/www.mauro-lucini.it\/pl\/","name":"Mauro Lucini - Liutaio a Cremona","description":"Mauro Lucini liutaio a Cremona - 40 anni di passione ed esperienza","publisher":{"@id":"https:\/\/www.mauro-lucini.it\/pl\/#organization"},"potentialAction":[{"@type":"SearchAction","target":{"@type":"EntryPoint","urlTemplate":"https:\/\/www.mauro-lucini.it\/pl\/?s={search_term_string}"},"query-input":{"@type":"PropertyValueSpecification","valueRequired":true,"valueName":"search_term_string"}}],"inLanguage":"pl-PL"},{"@type":"Organization","@id":"https:\/\/www.mauro-lucini.it\/pl\/#organization","name":"Mauro Lucini - Liutaio a Cremona","url":"https:\/\/www.mauro-lucini.it\/pl\/","logo":{"@type":"ImageObject","inLanguage":"pl-PL","@id":"https:\/\/www.mauro-lucini.it\/pl\/#\/schema\/logo\/image\/","url":"https:\/\/www.mauro-lucini.it\/wp-content\/uploads\/2024\/09\/Mauro-Lucini-Liutaio-Cremona.png","contentUrl":"https:\/\/www.mauro-lucini.it\/wp-content\/uploads\/2024\/09\/Mauro-Lucini-Liutaio-Cremona.png","width":480,"height":84,"caption":"Mauro Lucini - Liutaio a Cremona"},"image":{"@id":"https:\/\/www.mauro-lucini.it\/pl\/#\/schema\/logo\/image\/"}}]}},"_links":{"self":[{"href":"https:\/\/www.mauro-lucini.it\/pl\/wp-json\/wp\/v2\/product\/2280","targetHints":{"allow":["GET"]}}],"collection":[{"href":"https:\/\/www.mauro-lucini.it\/pl\/wp-json\/wp\/v2\/product"}],"about":[{"href":"https:\/\/www.mauro-lucini.it\/pl\/wp-json\/wp\/v2\/types\/product"}],"wp:featuredmedia":[{"embeddable":true,"href":"https:\/\/www.mauro-lucini.it\/pl\/wp-json\/wp\/v2\/media\/1473"}],"wp:attachment":[{"href":"https:\/\/www.mauro-lucini.it\/pl\/wp-json\/wp\/v2\/media?parent=2280"}],"wp:term":[{"taxonomy":"product_brand","embeddable":true,"href":"https:\/\/www.mauro-lucini.it\/pl\/wp-json\/wp\/v2\/product_brand?post=2280"},{"taxonomy":"product_cat","embeddable":true,"href":"https:\/\/www.mauro-lucini.it\/pl\/wp-json\/wp\/v2\/product_cat?post=2280"},{"taxonomy":"product_tag","embeddable":true,"href":"https:\/\/www.mauro-lucini.it\/pl\/wp-json\/wp\/v2\/product_tag?post=2280"}],"curies":[{"name":"wp","href":"https:\/\/api.w.org\/{rel}","templated":true}]}}