{"id":2231,"date":"2024-08-30T05:29:03","date_gmt":"2024-08-30T05:29:03","guid":{"rendered":"https:\/\/www.mauro-lucini.it\/negozio\/bez-kategorii\/skrzypce-nr-24-officina-mauro-lucini-cremona-2024-sprzedane"},"modified":"2025-05-28T10:16:25","modified_gmt":"2025-05-28T10:16:25","slug":"skrzypce-nr-24-officina-mauro-lucini-cremona-2024","status":"publish","type":"product","link":"https:\/\/www.mauro-lucini.it\/pl\/negozio-di-violini\/skrzypce-kremonskie\/skrzypce-nr-24-officina-mauro-lucini-cremona-2024\/","title":{"rendered":"Skrzypce nr. 24 Officina Mauro Lucini, Cremona 2024 &#8211; SPRZEDANE"},"content":{"rendered":"<p>Skrzypce nr. 24 jest niezwykle lekki w d\u0142oni i ma g\u0142adki, promiennie s\u0142odki d\u017awi\u0119k w wysokich tonach. Jest to model Guarneri. Dno sk\u0142ada si\u0119 z dw\u00f3ch cz\u0119\u015bci. Znaczki marki Mauro Lucini mo\u017cna znale\u017a\u0107 na desce i spodzie. Do skrzypiec do\u0142\u0105czony jest certyfikat od lutnika z Cremony, Mauro Luciniego.<\/p>\n","protected":false},"excerpt":{"rendered":"<p>Skrzypce nr. 24 jest niezwykle lekki w d\u0142oni i ma g\u0142adki, promiennie s\u0142odki d\u017awi\u0119k w wysokich tonach. Jest to model Guarneri. Dno sk\u0142ada si\u0119 z dw\u00f3ch cz\u0119\u015bci. Znaczki marki Mauro Lucini mo\u017cna znale\u017a\u0107 na desce i spodzie. Do skrzypiec do\u0142\u0105czony jest certyfikat od lutnika z Cremony, Mauro Luciniego.     <\/p>\n","protected":false},"featured_media":1902,"template":"","meta":{"_coblocks_attr":"","_coblocks_dimensions":"","_coblocks_responsive_height":"","_coblocks_accordion_ie_support":"","hide_page_title":""},"product_brand":[],"product_cat":[111],"product_tag":[],"class_list":{"0":"post-2231","1":"product","2":"type-product","3":"status-publish","4":"has-post-thumbnail","6":"product_cat-skrzypce-kremonskie","8":"first","9":"outofstock","10":"sold-individually","11":"taxable","12":"shipping-taxable","13":"purchasable","14":"product-type-simple"},"yoast_head":"<!-- This site is optimized with the Yoast SEO plugin v27.4 - https:\/\/yoast.com\/product\/yoast-seo-wordpress\/ -->\n<title>Skrzypce nr. 24 Officina Mauro Lucini, Cremona 2024 - SPRZEDANE - Mauro Lucini - Liutaio a Cremona<\/title>\n<meta name=\"description\" content=\"Skrzypce Mauro Lucini nr. 24 jest niezwykle lekki w d\u0142oni i ma g\u0142adki, promiennie s\u0142odki d\u017awi\u0119k w wysokich tonach. W sprzeda\u017cy 3 990 \u20ac\" \/>\n<meta name=\"robots\" content=\"index, follow, max-snippet:-1, max-image-preview:large, max-video-preview:-1\" \/>\n<link rel=\"canonical\" href=\"https:\/\/www.mauro-lucini.it\/pl\/negozio-di-violini\/skrzypce-kremonskie\/skrzypce-nr-24-officina-mauro-lucini-cremona-2024\/\" \/>\n<meta property=\"og:locale\" content=\"pl_PL\" \/>\n<meta property=\"og:type\" content=\"article\" \/>\n<meta property=\"og:title\" content=\"Skrzypce nr. 24 Officina Mauro Lucini, Cremona 2024 - SPRZEDANE - Mauro Lucini - Liutaio a Cremona\" \/>\n<meta property=\"og:description\" content=\"Skrzypce Mauro Lucini nr. 24 jest niezwykle lekki w d\u0142oni i ma g\u0142adki, promiennie s\u0142odki d\u017awi\u0119k w wysokich tonach. W sprzeda\u017cy 3 990 \u20ac\" \/>\n<meta property=\"og:url\" content=\"https:\/\/www.mauro-lucini.it\/pl\/negozio-di-violini\/skrzypce-kremonskie\/skrzypce-nr-24-officina-mauro-lucini-cremona-2024\/\" \/>\n<meta property=\"og:site_name\" content=\"Mauro Lucini - Liutaio a Cremona\" \/>\n<meta property=\"article:modified_time\" content=\"2025-05-28T10:16:25+00:00\" \/>\n<meta property=\"og:image\" content=\"https:\/\/www.mauro-lucini.it\/wp-content\/uploads\/2024\/08\/mauro-lucini-cremona-ml24-2.jpg\" \/>\n\t<meta property=\"og:image:width\" content=\"1181\" \/>\n\t<meta property=\"og:image:height\" content=\"1890\" \/>\n\t<meta property=\"og:image:type\" content=\"image\/jpeg\" \/>\n<meta name=\"twitter:card\" content=\"summary_large_image\" \/>\n<!-- \/ Yoast SEO plugin. -->","yoast_head_json":{"title":"Skrzypce nr. 24 Officina Mauro Lucini, Cremona 2024 - SPRZEDANE - Mauro Lucini - Liutaio a Cremona","description":"Skrzypce Mauro Lucini nr. 24 jest niezwykle lekki w d\u0142oni i ma g\u0142adki, promiennie s\u0142odki d\u017awi\u0119k w wysokich tonach. W sprzeda\u017cy 3 990 \u20ac","robots":{"index":"index","follow":"follow","max-snippet":"max-snippet:-1","max-image-preview":"max-image-preview:large","max-video-preview":"max-video-preview:-1"},"canonical":"https:\/\/www.mauro-lucini.it\/pl\/negozio-di-violini\/skrzypce-kremonskie\/skrzypce-nr-24-officina-mauro-lucini-cremona-2024\/","og_locale":"pl_PL","og_type":"article","og_title":"Skrzypce nr. 24 Officina Mauro Lucini, Cremona 2024 - SPRZEDANE - Mauro Lucini - Liutaio a Cremona","og_description":"Skrzypce Mauro Lucini nr. 24 jest niezwykle lekki w d\u0142oni i ma g\u0142adki, promiennie s\u0142odki d\u017awi\u0119k w wysokich tonach. W sprzeda\u017cy 3 990 \u20ac","og_url":"https:\/\/www.mauro-lucini.it\/pl\/negozio-di-violini\/skrzypce-kremonskie\/skrzypce-nr-24-officina-mauro-lucini-cremona-2024\/","og_site_name":"Mauro Lucini - Liutaio a Cremona","article_modified_time":"2025-05-28T10:16:25+00:00","og_image":[{"width":1181,"height":1890,"url":"https:\/\/www.mauro-lucini.it\/wp-content\/uploads\/2024\/08\/mauro-lucini-cremona-ml24-2.jpg","type":"image\/jpeg"}],"twitter_card":"summary_large_image","schema":{"@context":"https:\/\/schema.org","@graph":[{"@type":"WebPage","@id":"https:\/\/www.mauro-lucini.it\/pl\/negozio-di-violini\/skrzypce-kremonskie\/skrzypce-nr-24-officina-mauro-lucini-cremona-2024\/","url":"https:\/\/www.mauro-lucini.it\/pl\/negozio-di-violini\/skrzypce-kremonskie\/skrzypce-nr-24-officina-mauro-lucini-cremona-2024\/","name":"Skrzypce nr. 24 Officina Mauro Lucini, Cremona 2024 - SPRZEDANE - Mauro Lucini - Liutaio a Cremona","isPartOf":{"@id":"https:\/\/www.mauro-lucini.it\/pl\/#website"},"primaryImageOfPage":{"@id":"https:\/\/www.mauro-lucini.it\/pl\/negozio-di-violini\/skrzypce-kremonskie\/skrzypce-nr-24-officina-mauro-lucini-cremona-2024\/#primaryimage"},"image":{"@id":"https:\/\/www.mauro-lucini.it\/pl\/negozio-di-violini\/skrzypce-kremonskie\/skrzypce-nr-24-officina-mauro-lucini-cremona-2024\/#primaryimage"},"thumbnailUrl":"https:\/\/www.mauro-lucini.it\/wp-content\/uploads\/2024\/08\/mauro-lucini-cremona-ml24-2.jpg","datePublished":"2024-08-30T05:29:03+00:00","dateModified":"2025-05-28T10:16:25+00:00","description":"Skrzypce Mauro Lucini nr. 24 jest niezwykle lekki w d\u0142oni i ma g\u0142adki, promiennie s\u0142odki d\u017awi\u0119k w wysokich tonach. W sprzeda\u017cy 3 990 \u20ac","breadcrumb":{"@id":"https:\/\/www.mauro-lucini.it\/pl\/negozio-di-violini\/skrzypce-kremonskie\/skrzypce-nr-24-officina-mauro-lucini-cremona-2024\/#breadcrumb"},"inLanguage":"pl-PL","potentialAction":[{"@type":"ReadAction","target":["https:\/\/www.mauro-lucini.it\/pl\/negozio-di-violini\/skrzypce-kremonskie\/skrzypce-nr-24-officina-mauro-lucini-cremona-2024\/"]}]},{"@type":"ImageObject","inLanguage":"pl-PL","@id":"https:\/\/www.mauro-lucini.it\/pl\/negozio-di-violini\/skrzypce-kremonskie\/skrzypce-nr-24-officina-mauro-lucini-cremona-2024\/#primaryimage","url":"https:\/\/www.mauro-lucini.it\/wp-content\/uploads\/2024\/08\/mauro-lucini-cremona-ml24-2.jpg","contentUrl":"https:\/\/www.mauro-lucini.it\/wp-content\/uploads\/2024\/08\/mauro-lucini-cremona-ml24-2.jpg","width":1181,"height":1890},{"@type":"BreadcrumbList","@id":"https:\/\/www.mauro-lucini.it\/pl\/negozio-di-violini\/skrzypce-kremonskie\/skrzypce-nr-24-officina-mauro-lucini-cremona-2024\/#breadcrumb","itemListElement":[{"@type":"ListItem","position":1,"name":"Home","item":"https:\/\/www.mauro-lucini.it\/pl\/"},{"@type":"ListItem","position":2,"name":"Shop","item":"https:\/\/www.mauro-lucini.it\/en\/shop\/"},{"@type":"ListItem","position":3,"name":"Skrzypce nr. 24 Officina Mauro Lucini, Cremona 2024 &#8211; SPRZEDANE"}]},{"@type":"WebSite","@id":"https:\/\/www.mauro-lucini.it\/pl\/#website","url":"https:\/\/www.mauro-lucini.it\/pl\/","name":"Mauro Lucini - Liutaio a Cremona","description":"Mauro Lucini liutaio a Cremona - 40 anni di passione ed esperienza","publisher":{"@id":"https:\/\/www.mauro-lucini.it\/pl\/#organization"},"potentialAction":[{"@type":"SearchAction","target":{"@type":"EntryPoint","urlTemplate":"https:\/\/www.mauro-lucini.it\/pl\/?s={search_term_string}"},"query-input":{"@type":"PropertyValueSpecification","valueRequired":true,"valueName":"search_term_string"}}],"inLanguage":"pl-PL"},{"@type":"Organization","@id":"https:\/\/www.mauro-lucini.it\/pl\/#organization","name":"Mauro Lucini - Liutaio a Cremona","url":"https:\/\/www.mauro-lucini.it\/pl\/","logo":{"@type":"ImageObject","inLanguage":"pl-PL","@id":"https:\/\/www.mauro-lucini.it\/pl\/#\/schema\/logo\/image\/","url":"https:\/\/www.mauro-lucini.it\/wp-content\/uploads\/2024\/09\/Mauro-Lucini-Liutaio-Cremona.png","contentUrl":"https:\/\/www.mauro-lucini.it\/wp-content\/uploads\/2024\/09\/Mauro-Lucini-Liutaio-Cremona.png","width":480,"height":84,"caption":"Mauro Lucini - Liutaio a Cremona"},"image":{"@id":"https:\/\/www.mauro-lucini.it\/pl\/#\/schema\/logo\/image\/"}}]}},"_links":{"self":[{"href":"https:\/\/www.mauro-lucini.it\/pl\/wp-json\/wp\/v2\/product\/2231","targetHints":{"allow":["GET"]}}],"collection":[{"href":"https:\/\/www.mauro-lucini.it\/pl\/wp-json\/wp\/v2\/product"}],"about":[{"href":"https:\/\/www.mauro-lucini.it\/pl\/wp-json\/wp\/v2\/types\/product"}],"wp:featuredmedia":[{"embeddable":true,"href":"https:\/\/www.mauro-lucini.it\/pl\/wp-json\/wp\/v2\/media\/1902"}],"wp:attachment":[{"href":"https:\/\/www.mauro-lucini.it\/pl\/wp-json\/wp\/v2\/media?parent=2231"}],"wp:term":[{"taxonomy":"product_brand","embeddable":true,"href":"https:\/\/www.mauro-lucini.it\/pl\/wp-json\/wp\/v2\/product_brand?post=2231"},{"taxonomy":"product_cat","embeddable":true,"href":"https:\/\/www.mauro-lucini.it\/pl\/wp-json\/wp\/v2\/product_cat?post=2231"},{"taxonomy":"product_tag","embeddable":true,"href":"https:\/\/www.mauro-lucini.it\/pl\/wp-json\/wp\/v2\/product_tag?post=2231"}],"curies":[{"name":"wp","href":"https:\/\/api.w.org\/{rel}","templated":true}]}}