{"id":2220,"date":"2024-12-13T11:49:03","date_gmt":"2024-12-13T11:49:03","guid":{"rendered":"https:\/\/www.mauro-lucini.it\/negozio\/bez-kategorii\/skrzypce-nr-42-officina-mauro-lucini-cremona-2024"},"modified":"2025-05-27T11:17:39","modified_gmt":"2025-05-27T11:17:39","slug":"mauro-lucini-cremona-2024-skrzypce-nr-42","status":"publish","type":"product","link":"https:\/\/www.mauro-lucini.it\/pl\/negozio-di-violini\/skrzypce-kremonskie\/mauro-lucini-cremona-2024-skrzypce-nr-42\/","title":{"rendered":"Skrzypce nr 42 Officina Mauro Lucini, Cremona 2024 \u2013 SPRZEDANE"},"content":{"rendered":"<p>Skrzypce nr 42 z Officina Mauro Lucini w Cremonie &#8211; s\u0142odki, bogaty i zaskakuj\u0105cy d\u017awi\u0119k. Stworzy\u0142em ten instrument w 2024 roku, zgodnie z tradycj\u0105 Cremonese, z pomara\u0144czowo-czerwonym wyko\u0144czeniem, kt\u00f3re podkre\u015bla naturalne pi\u0119kno drewna. Model inspirowany Guarnerim, z w\u0105skimi i dobrze ustawionymi otworami f, pozwala uzyska\u0107 zr\u00f3wnowa\u017cony i otaczaj\u0105cy d\u017awi\u0119k, zdolny do wyra\u017cenia ca\u0142ej osobowo\u015bci alt\u00f3wki Cremonese. Ty\u0142 jest wykonany w jednym kawa\u0142ku, co sprzyja lepszemu rezonansowi i harmonijnemu brzmieniu. Do ka\u017cdego instrumentu do\u0142\u0105czam certyfikat autentyczno\u015bci, 30-dniowe prawo zwrotu i bezp\u0142atn\u0105 wysy\u0142k\u0119.<\/p>\n","protected":false},"excerpt":{"rendered":"<p>Skrzypce nr 42 z Officina Mauro Lucini w Cremonie \u2013 s\u0142odki, bogaty i zaskakuj\u0105cy d\u017awi\u0119k. Instrument ten stworzy\u0142em w 2024 roku, zgodnie z tradycj\u0105 cremona\u0144sk\u0105, z pomara\u0144czowo-czerwonym wyko\u0144czeniem, kt\u00f3re podkre\u015bla naturalne pi\u0119kno drewna. Model, inspirowany Guarnerim, z w\u0105skimi i dobrze rozmieszczonymi otworami f, zapewnia zr\u00f3wnowa\u017cone i otulaj\u0105ce brzmienie, kt\u00f3re oddaje ca\u0142\u0105 osobowo\u015b\u0107 skrzypiec z Cremony. Dno jest wykonane z jednego kawa\u0142ka, co sprzyja wi\u0119kszej rezonansowi i harmonijnemu brzmieniu. Ka\u017cdy instrument, kt\u00f3ry wykonuj\u0119, posiada certyfikat autentyczno\u015bci, 30-dniowe prawo do zwrotu i bezp\u0142atn\u0105 wysy\u0142k\u0119.     <\/p>\n","protected":false},"featured_media":2155,"template":"","meta":{"_coblocks_attr":"","_coblocks_dimensions":"","_coblocks_responsive_height":"","_coblocks_accordion_ie_support":"","hide_page_title":""},"product_brand":[],"product_cat":[111],"product_tag":[151,149,189,153,152,150],"class_list":{"0":"post-2220","1":"product","2":"type-product","3":"status-publish","4":"has-post-thumbnail","6":"product_cat-skrzypce-kremonskie","7":"product_tag-cremonaviolin-pl","8":"product_tag-skrzypce","9":"product_tag-skrzypce-pl","10":"product_tag-violinocremona-pl","11":"product_tag-violinocremonese-pl","12":"product_tag-wloskie-skrzypce","14":"first","15":"outofstock","16":"taxable","17":"shipping-taxable","18":"purchasable","19":"product-type-simple"},"yoast_head":"<!-- This site is optimized with the Yoast SEO plugin v27.4 - https:\/\/yoast.com\/product\/yoast-seo-wordpress\/ -->\n<title>Skrzypce nr 42 Officina Mauro Lucini, Cremona 2024 \u2013 SPRZEDANE - Mauro Lucini - Liutaio a Cremona<\/title>\n<meta name=\"description\" content=\"Skrzypce nr 42 z Officina Mauro Lucini w Cremonie, wykonane w 2024 roku z pomara\u0144czowo-czerwonym wyko\u0144czeniem i jednocz\u0119\u015bciowym dnem, oferuj\u0105 s\u0142odkie i harmonijne brzmienie, inspirowane tradycj\u0105 cremo\u0144sk\u0105 i charakteryzuj\u0105ce si\u0119 idealn\u0105 r\u00f3wnowag\u0105.\" \/>\n<meta name=\"robots\" content=\"index, follow, max-snippet:-1, max-image-preview:large, max-video-preview:-1\" \/>\n<link rel=\"canonical\" href=\"https:\/\/www.mauro-lucini.it\/pl\/negozio-di-violini\/skrzypce-kremonskie\/mauro-lucini-cremona-2024-skrzypce-nr-42\/\" \/>\n<meta property=\"og:locale\" content=\"pl_PL\" \/>\n<meta property=\"og:type\" content=\"article\" \/>\n<meta property=\"og:title\" content=\"Skrzypce nr 42 Officina Mauro Lucini, Cremona 2024 \u2013 SPRZEDANE - Mauro Lucini - Liutaio a Cremona\" \/>\n<meta property=\"og:description\" content=\"Skrzypce nr 42 z Officina Mauro Lucini w Cremonie, wykonane w 2024 roku z pomara\u0144czowo-czerwonym wyko\u0144czeniem i jednocz\u0119\u015bciowym dnem, oferuj\u0105 s\u0142odkie i harmonijne brzmienie, inspirowane tradycj\u0105 cremo\u0144sk\u0105 i charakteryzuj\u0105ce si\u0119 idealn\u0105 r\u00f3wnowag\u0105.\" \/>\n<meta property=\"og:url\" content=\"https:\/\/www.mauro-lucini.it\/pl\/negozio-di-violini\/skrzypce-kremonskie\/mauro-lucini-cremona-2024-skrzypce-nr-42\/\" \/>\n<meta property=\"og:site_name\" content=\"Mauro Lucini - Liutaio a Cremona\" \/>\n<meta property=\"article:modified_time\" content=\"2025-05-27T11:17:39+00:00\" \/>\n<meta property=\"og:image\" content=\"https:\/\/www.mauro-lucini.it\/wp-content\/uploads\/2024\/12\/mauro-lucini-no42-1_1890x1890-1.jpg\" \/>\n\t<meta property=\"og:image:width\" content=\"1181\" \/>\n\t<meta property=\"og:image:height\" content=\"1890\" \/>\n\t<meta property=\"og:image:type\" content=\"image\/jpeg\" \/>\n<meta name=\"twitter:card\" content=\"summary_large_image\" \/>\n<!-- \/ Yoast SEO plugin. -->","yoast_head_json":{"title":"Skrzypce nr 42 Officina Mauro Lucini, Cremona 2024 \u2013 SPRZEDANE - Mauro Lucini - Liutaio a Cremona","description":"Skrzypce nr 42 z Officina Mauro Lucini w Cremonie, wykonane w 2024 roku z pomara\u0144czowo-czerwonym wyko\u0144czeniem i jednocz\u0119\u015bciowym dnem, oferuj\u0105 s\u0142odkie i harmonijne brzmienie, inspirowane tradycj\u0105 cremo\u0144sk\u0105 i charakteryzuj\u0105ce si\u0119 idealn\u0105 r\u00f3wnowag\u0105.","robots":{"index":"index","follow":"follow","max-snippet":"max-snippet:-1","max-image-preview":"max-image-preview:large","max-video-preview":"max-video-preview:-1"},"canonical":"https:\/\/www.mauro-lucini.it\/pl\/negozio-di-violini\/skrzypce-kremonskie\/mauro-lucini-cremona-2024-skrzypce-nr-42\/","og_locale":"pl_PL","og_type":"article","og_title":"Skrzypce nr 42 Officina Mauro Lucini, Cremona 2024 \u2013 SPRZEDANE - Mauro Lucini - Liutaio a Cremona","og_description":"Skrzypce nr 42 z Officina Mauro Lucini w Cremonie, wykonane w 2024 roku z pomara\u0144czowo-czerwonym wyko\u0144czeniem i jednocz\u0119\u015bciowym dnem, oferuj\u0105 s\u0142odkie i harmonijne brzmienie, inspirowane tradycj\u0105 cremo\u0144sk\u0105 i charakteryzuj\u0105ce si\u0119 idealn\u0105 r\u00f3wnowag\u0105.","og_url":"https:\/\/www.mauro-lucini.it\/pl\/negozio-di-violini\/skrzypce-kremonskie\/mauro-lucini-cremona-2024-skrzypce-nr-42\/","og_site_name":"Mauro Lucini - Liutaio a Cremona","article_modified_time":"2025-05-27T11:17:39+00:00","og_image":[{"width":1181,"height":1890,"url":"https:\/\/www.mauro-lucini.it\/wp-content\/uploads\/2024\/12\/mauro-lucini-no42-1_1890x1890-1.jpg","type":"image\/jpeg"}],"twitter_card":"summary_large_image","schema":{"@context":"https:\/\/schema.org","@graph":[{"@type":"WebPage","@id":"https:\/\/www.mauro-lucini.it\/pl\/negozio-di-violini\/skrzypce-kremonskie\/mauro-lucini-cremona-2024-skrzypce-nr-42\/","url":"https:\/\/www.mauro-lucini.it\/pl\/negozio-di-violini\/skrzypce-kremonskie\/mauro-lucini-cremona-2024-skrzypce-nr-42\/","name":"Skrzypce nr 42 Officina Mauro Lucini, Cremona 2024 \u2013 SPRZEDANE - Mauro Lucini - Liutaio a Cremona","isPartOf":{"@id":"https:\/\/www.mauro-lucini.it\/pl\/#website"},"primaryImageOfPage":{"@id":"https:\/\/www.mauro-lucini.it\/pl\/negozio-di-violini\/skrzypce-kremonskie\/mauro-lucini-cremona-2024-skrzypce-nr-42\/#primaryimage"},"image":{"@id":"https:\/\/www.mauro-lucini.it\/pl\/negozio-di-violini\/skrzypce-kremonskie\/mauro-lucini-cremona-2024-skrzypce-nr-42\/#primaryimage"},"thumbnailUrl":"https:\/\/www.mauro-lucini.it\/wp-content\/uploads\/2024\/12\/mauro-lucini-no42-1_1890x1890-1.jpg","datePublished":"2024-12-13T11:49:03+00:00","dateModified":"2025-05-27T11:17:39+00:00","description":"Skrzypce nr 42 z Officina Mauro Lucini w Cremonie, wykonane w 2024 roku z pomara\u0144czowo-czerwonym wyko\u0144czeniem i jednocz\u0119\u015bciowym dnem, oferuj\u0105 s\u0142odkie i harmonijne brzmienie, inspirowane tradycj\u0105 cremo\u0144sk\u0105 i charakteryzuj\u0105ce si\u0119 idealn\u0105 r\u00f3wnowag\u0105.","breadcrumb":{"@id":"https:\/\/www.mauro-lucini.it\/pl\/negozio-di-violini\/skrzypce-kremonskie\/mauro-lucini-cremona-2024-skrzypce-nr-42\/#breadcrumb"},"inLanguage":"pl-PL","potentialAction":[{"@type":"ReadAction","target":["https:\/\/www.mauro-lucini.it\/pl\/negozio-di-violini\/skrzypce-kremonskie\/mauro-lucini-cremona-2024-skrzypce-nr-42\/"]}]},{"@type":"ImageObject","inLanguage":"pl-PL","@id":"https:\/\/www.mauro-lucini.it\/pl\/negozio-di-violini\/skrzypce-kremonskie\/mauro-lucini-cremona-2024-skrzypce-nr-42\/#primaryimage","url":"https:\/\/www.mauro-lucini.it\/wp-content\/uploads\/2024\/12\/mauro-lucini-no42-1_1890x1890-1.jpg","contentUrl":"https:\/\/www.mauro-lucini.it\/wp-content\/uploads\/2024\/12\/mauro-lucini-no42-1_1890x1890-1.jpg","width":1181,"height":1890},{"@type":"BreadcrumbList","@id":"https:\/\/www.mauro-lucini.it\/pl\/negozio-di-violini\/skrzypce-kremonskie\/mauro-lucini-cremona-2024-skrzypce-nr-42\/#breadcrumb","itemListElement":[{"@type":"ListItem","position":1,"name":"Home","item":"https:\/\/www.mauro-lucini.it\/pl\/"},{"@type":"ListItem","position":2,"name":"Shop","item":"https:\/\/www.mauro-lucini.it\/en\/shop\/"},{"@type":"ListItem","position":3,"name":"Skrzypce nr 42 Officina Mauro Lucini, Cremona 2024 \u2013 SPRZEDANE"}]},{"@type":"WebSite","@id":"https:\/\/www.mauro-lucini.it\/pl\/#website","url":"https:\/\/www.mauro-lucini.it\/pl\/","name":"Mauro Lucini - Liutaio a Cremona","description":"Mauro Lucini liutaio a Cremona - 40 anni di passione ed esperienza","publisher":{"@id":"https:\/\/www.mauro-lucini.it\/pl\/#organization"},"potentialAction":[{"@type":"SearchAction","target":{"@type":"EntryPoint","urlTemplate":"https:\/\/www.mauro-lucini.it\/pl\/?s={search_term_string}"},"query-input":{"@type":"PropertyValueSpecification","valueRequired":true,"valueName":"search_term_string"}}],"inLanguage":"pl-PL"},{"@type":"Organization","@id":"https:\/\/www.mauro-lucini.it\/pl\/#organization","name":"Mauro Lucini - Liutaio a Cremona","url":"https:\/\/www.mauro-lucini.it\/pl\/","logo":{"@type":"ImageObject","inLanguage":"pl-PL","@id":"https:\/\/www.mauro-lucini.it\/pl\/#\/schema\/logo\/image\/","url":"https:\/\/www.mauro-lucini.it\/wp-content\/uploads\/2024\/09\/Mauro-Lucini-Liutaio-Cremona.png","contentUrl":"https:\/\/www.mauro-lucini.it\/wp-content\/uploads\/2024\/09\/Mauro-Lucini-Liutaio-Cremona.png","width":480,"height":84,"caption":"Mauro Lucini - Liutaio a Cremona"},"image":{"@id":"https:\/\/www.mauro-lucini.it\/pl\/#\/schema\/logo\/image\/"}}]}},"_links":{"self":[{"href":"https:\/\/www.mauro-lucini.it\/pl\/wp-json\/wp\/v2\/product\/2220","targetHints":{"allow":["GET"]}}],"collection":[{"href":"https:\/\/www.mauro-lucini.it\/pl\/wp-json\/wp\/v2\/product"}],"about":[{"href":"https:\/\/www.mauro-lucini.it\/pl\/wp-json\/wp\/v2\/types\/product"}],"wp:featuredmedia":[{"embeddable":true,"href":"https:\/\/www.mauro-lucini.it\/pl\/wp-json\/wp\/v2\/media\/2155"}],"wp:attachment":[{"href":"https:\/\/www.mauro-lucini.it\/pl\/wp-json\/wp\/v2\/media?parent=2220"}],"wp:term":[{"taxonomy":"product_brand","embeddable":true,"href":"https:\/\/www.mauro-lucini.it\/pl\/wp-json\/wp\/v2\/product_brand?post=2220"},{"taxonomy":"product_cat","embeddable":true,"href":"https:\/\/www.mauro-lucini.it\/pl\/wp-json\/wp\/v2\/product_cat?post=2220"},{"taxonomy":"product_tag","embeddable":true,"href":"https:\/\/www.mauro-lucini.it\/pl\/wp-json\/wp\/v2\/product_tag?post=2220"}],"curies":[{"name":"wp","href":"https:\/\/api.w.org\/{rel}","templated":true}]}}