{"id":2443,"date":"2023-05-28T18:56:38","date_gmt":"2023-05-28T18:56:38","guid":{"rendered":"https:\/\/www.mauro-lucini.it\/sklep\/zwrot-i-zwrot-pieniedzy"},"modified":"2024-12-14T07:17:21","modified_gmt":"2024-12-14T07:17:21","slug":"zwrot-i-zwrot-pieniedzy","status":"publish","type":"page","link":"https:\/\/www.mauro-lucini.it\/pl\/zwrot-i-zwrot-pieniedzy\/","title":{"rendered":"Zwrot i zwrot pieni\u0119dzy"},"content":{"rendered":"\n<p><\/p>\n\n<p>Informacje dla u\u017cytkownik\u00f3w &#8211; Prawo do odst\u0105pienia od umowy<\/p>\n\n<p><\/p>\n\n<p>Zgodnie z dekretem ustawodawczym nr. 206\/2005 (&#8222;Kodeks konsumencki&#8221;), u\u017cytkownik ma prawo odst\u0105pi\u0107 od umowy kupna bez podania przyczyny w ci\u0105gu 14 dni od daty otrzymania produktu. Niniejsze prawo do odst\u0105pienia od umowy dotyczy wy\u0142\u0105cznie zakup\u00f3w dokonanych na stronie internetowej <a href=\"https:\/\/www.mauro-lucini.it\/pl\">www.mauro-lucini.it<\/a> (zwanej dalej &#8222;Stron\u0105&#8221;).<\/p>\n\n<p><\/p>\n\n<p>Wykonanie prawa do odst\u0105pienia od umowy<\/p>\n\n<p>Aby skorzysta\u0107 z prawa do odst\u0105pienia od umowy, u\u017cytkownik musi poinformowa\u0107 nas o swojej decyzji o odst\u0105pieniu od umowy w drodze wyra\u017anego o\u015bwiadczenia przes\u0142anego poczt\u0105 elektroniczn\u0105 lub za pomoc\u0105 innego \u015brodka komunikacji pisemnej. U\u017cytkownik mo\u017ce skorzysta\u0107 z formularza odst\u0105pienia od umowy dost\u0119pnego na Stronie, cho\u0107 nie jest to obowi\u0105zkowe.<\/p>\n\n<p><\/p>\n\n<p>Zwrot produkt\u00f3w<\/p>\n\n<p>W przypadku skorzystania z prawa do odst\u0105pienia od umowy, u\u017cytkownik musi zwr\u00f3ci\u0107 otrzymane produkty w ci\u0105gu 14 dni od dnia, w kt\u00f3rym poinformowa\u0142 o swojej decyzji o odst\u0105pieniu od umowy. U\u017cytkownik jest odpowiedzialny za koszty wysy\u0142ki zwi\u0105zane ze zwrotem produkt\u00f3w, chyba \u017ce powodem zwrotu jest nasz b\u0142\u0105d lub wada produktu.<\/p>\n\n<p><\/p>\n\n<p>Warunki zwrotu produkt\u00f3w<\/p>\n\n<p>Zwracane produkty musz\u0105 by\u0107 w oryginalnym, nieu\u017cywanym stanie i kompletne ze wszystkimi oryginalnymi akcesoriami i etykietami. Zastrzegamy sobie prawo do oceny stanu zwr\u00f3conych produkt\u00f3w przed dokonaniem zwrotu pieni\u0119dzy.<\/p>\n\n<p><\/p>\n\n<p>Zwrot koszt\u00f3w<\/p>\n\n<p>W przypadku wa\u017cnego skorzystania z prawa do odst\u0105pienia od umowy, zwr\u00f3cimy zap\u0142acon\u0105 przez u\u017cytkownika kwot\u0119, w tym standardowe koszty dostawy (z wy\u0142\u0105czeniem dodatkowych koszt\u00f3w wynikaj\u0105cych z wyboru metody dostawy innej ni\u017c nasza standardowa oferta), w ci\u0105gu 14 dni od daty otrzymania przez nas zwr\u00f3conych produkt\u00f3w lub od daty dostarczenia przez u\u017cytkownika dowodu wysy\u0142ki produkt\u00f3w, w zale\u017cno\u015bci od tego, kt\u00f3ra z tych dat jest wcze\u015bniejsza.<\/p>\n\n<p><\/p>\n\n<p>Wyj\u0105tki od prawa do odst\u0105pienia od umowy<\/p>\n\n<p>Prawo do odst\u0105pienia od umowy nie ma zastosowania w nast\u0119puj\u0105cych przypadkach:<\/p>\n\n<ul class=\"wp-block-list\">\n<li>Produkty dostosowane do indywidualnych potrzeb;<\/li>\n\n\n\n<li>Zapiecz\u0119towane produkty, kt\u00f3re nie mog\u0105 zosta\u0107 zwr\u00f3cone ze wzgl\u0119d\u00f3w higienicznych lub zdrowotnych, je\u015bli zosta\u0142y otwarte po dostawie;<\/li>\n\n\n\n<li>Produkty zagro\u017cone szybkim zepsuciem lub wyga\u015bni\u0119ciem;<\/li>\n\n\n\n<li>Zapiecz\u0119towane produkty audio lub wideo lub zapiecz\u0119towane oprogramowanie, je\u015bli zosta\u0142o otwarte po dostawie.<\/li>\n<\/ul>\n\n<p>Kontakt<\/p>\n\n<p>Aby skorzysta\u0107 z prawa do odst\u0105pienia od umowy lub uzyska\u0107 dodatkowe informacje, u\u017cytkownik mo\u017ce <a href=\"mailto:mauro@mauro-lucini.it\">skontaktowa\u0107 si\u0119 z nami<\/a>, korzystaj\u0105c z danych kontaktowych podanych w Witrynie.<\/p>\n\n<p><\/p>\n\n<p><\/p>\n\n<p><\/p>\n\n<p><\/p>\n","protected":false},"excerpt":{"rendered":"<p>Informacje dla u\u017cytkownik\u00f3w &#8211; Prawo do odst\u0105pienia od umowy Zgodnie z dekretem ustawodawczym nr. 206\/2005 (&#8222;Kodeks konsumencki&#8221;), u\u017cytkownik ma prawo odst\u0105pi\u0107 od umowy kupna bez podania przyczyny w ci\u0105gu 14 dni od daty otrzymania produktu. Niniejsze prawo do odst\u0105pienia od umowy dotyczy wy\u0142\u0105cznie zakup\u00f3w dokonanych na stronie internetowej www.mauro-lucini.it (zwanej dalej &#8222;Stron\u0105&#8221;). Wykonanie prawa do [&hellip;]<\/p>\n","protected":false},"author":1,"featured_media":0,"parent":0,"menu_order":4,"comment_status":"closed","ping_status":"closed","template":"","meta":{"_coblocks_attr":"","_coblocks_dimensions":"","_coblocks_responsive_height":"","_coblocks_accordion_ie_support":"","hide_page_title":"","footnotes":""},"class_list":["post-2443","page","type-page","status-publish","hentry"],"yoast_head":"<!-- This site is optimized with the Yoast SEO plugin v27.4 - https:\/\/yoast.com\/product\/yoast-seo-wordpress\/ -->\n<title>Zwrot i zwrot pieni\u0119dzy - Mauro Lucini - Liutaio a Cremona<\/title>\n<meta name=\"description\" content=\"Masz 30-dniowe prawo do odst\u0105pienia od umowy w przypadku ka\u017cdego zam\u00f3wienia w sklepie internetowym Mauro Lucini&#039;s Cremona violins\" \/>\n<meta name=\"robots\" content=\"index, follow, max-snippet:-1, max-image-preview:large, max-video-preview:-1\" \/>\n<link rel=\"canonical\" href=\"https:\/\/www.mauro-lucini.it\/pl\/zwrot-i-zwrot-pieniedzy\/\" \/>\n<meta property=\"og:locale\" content=\"pl_PL\" \/>\n<meta property=\"og:type\" content=\"article\" \/>\n<meta property=\"og:title\" content=\"Zwrot i zwrot pieni\u0119dzy - Mauro Lucini - Liutaio a Cremona\" \/>\n<meta property=\"og:description\" content=\"Masz 30-dniowe prawo do odst\u0105pienia od umowy w przypadku ka\u017cdego zam\u00f3wienia w sklepie internetowym Mauro Lucini&#039;s Cremona violins\" \/>\n<meta property=\"og:url\" content=\"https:\/\/www.mauro-lucini.it\/pl\/zwrot-i-zwrot-pieniedzy\/\" \/>\n<meta property=\"og:site_name\" content=\"Mauro Lucini - Liutaio a Cremona\" \/>\n<meta property=\"article:modified_time\" content=\"2024-12-14T07:17:21+00:00\" \/>\n<meta name=\"twitter:card\" content=\"summary_large_image\" \/>\n<!-- \/ Yoast SEO plugin. -->","yoast_head_json":{"title":"Zwrot i zwrot pieni\u0119dzy - Mauro Lucini - Liutaio a Cremona","description":"Masz 30-dniowe prawo do odst\u0105pienia od umowy w przypadku ka\u017cdego zam\u00f3wienia w sklepie internetowym Mauro Lucini's Cremona violins","robots":{"index":"index","follow":"follow","max-snippet":"max-snippet:-1","max-image-preview":"max-image-preview:large","max-video-preview":"max-video-preview:-1"},"canonical":"https:\/\/www.mauro-lucini.it\/pl\/zwrot-i-zwrot-pieniedzy\/","og_locale":"pl_PL","og_type":"article","og_title":"Zwrot i zwrot pieni\u0119dzy - Mauro Lucini - Liutaio a Cremona","og_description":"Masz 30-dniowe prawo do odst\u0105pienia od umowy w przypadku ka\u017cdego zam\u00f3wienia w sklepie internetowym Mauro Lucini's Cremona violins","og_url":"https:\/\/www.mauro-lucini.it\/pl\/zwrot-i-zwrot-pieniedzy\/","og_site_name":"Mauro Lucini - Liutaio a Cremona","article_modified_time":"2024-12-14T07:17:21+00:00","twitter_card":"summary_large_image","schema":{"@context":"https:\/\/schema.org","@graph":[{"@type":"WebPage","@id":"https:\/\/www.mauro-lucini.it\/pl\/zwrot-i-zwrot-pieniedzy\/","url":"https:\/\/www.mauro-lucini.it\/pl\/zwrot-i-zwrot-pieniedzy\/","name":"Zwrot i zwrot pieni\u0119dzy - Mauro Lucini - Liutaio a Cremona","isPartOf":{"@id":"https:\/\/www.mauro-lucini.it\/pl\/#website"},"datePublished":"2023-05-28T18:56:38+00:00","dateModified":"2024-12-14T07:17:21+00:00","description":"Masz 30-dniowe prawo do odst\u0105pienia od umowy w przypadku ka\u017cdego zam\u00f3wienia w sklepie internetowym Mauro Lucini's Cremona violins","breadcrumb":{"@id":"https:\/\/www.mauro-lucini.it\/pl\/zwrot-i-zwrot-pieniedzy\/#breadcrumb"},"inLanguage":"pl-PL","potentialAction":[{"@type":"ReadAction","target":["https:\/\/www.mauro-lucini.it\/pl\/zwrot-i-zwrot-pieniedzy\/"]}]},{"@type":"BreadcrumbList","@id":"https:\/\/www.mauro-lucini.it\/pl\/zwrot-i-zwrot-pieniedzy\/#breadcrumb","itemListElement":[{"@type":"ListItem","position":1,"name":"Home","item":"https:\/\/www.mauro-lucini.it\/pl\/"},{"@type":"ListItem","position":2,"name":"Zwrot i zwrot pieni\u0119dzy"}]},{"@type":"WebSite","@id":"https:\/\/www.mauro-lucini.it\/pl\/#website","url":"https:\/\/www.mauro-lucini.it\/pl\/","name":"Mauro Lucini - Liutaio a Cremona","description":"Mauro Lucini liutaio a Cremona - 40 anni di passione ed esperienza","publisher":{"@id":"https:\/\/www.mauro-lucini.it\/pl\/#organization"},"potentialAction":[{"@type":"SearchAction","target":{"@type":"EntryPoint","urlTemplate":"https:\/\/www.mauro-lucini.it\/pl\/?s={search_term_string}"},"query-input":{"@type":"PropertyValueSpecification","valueRequired":true,"valueName":"search_term_string"}}],"inLanguage":"pl-PL"},{"@type":"Organization","@id":"https:\/\/www.mauro-lucini.it\/pl\/#organization","name":"Mauro Lucini - Liutaio a Cremona","url":"https:\/\/www.mauro-lucini.it\/pl\/","logo":{"@type":"ImageObject","inLanguage":"pl-PL","@id":"https:\/\/www.mauro-lucini.it\/pl\/#\/schema\/logo\/image\/","url":"https:\/\/www.mauro-lucini.it\/wp-content\/uploads\/2024\/09\/Mauro-Lucini-Liutaio-Cremona.png","contentUrl":"https:\/\/www.mauro-lucini.it\/wp-content\/uploads\/2024\/09\/Mauro-Lucini-Liutaio-Cremona.png","width":480,"height":84,"caption":"Mauro Lucini - Liutaio a Cremona"},"image":{"@id":"https:\/\/www.mauro-lucini.it\/pl\/#\/schema\/logo\/image\/"}}]}},"_links":{"self":[{"href":"https:\/\/www.mauro-lucini.it\/pl\/wp-json\/wp\/v2\/pages\/2443","targetHints":{"allow":["GET"]}}],"collection":[{"href":"https:\/\/www.mauro-lucini.it\/pl\/wp-json\/wp\/v2\/pages"}],"about":[{"href":"https:\/\/www.mauro-lucini.it\/pl\/wp-json\/wp\/v2\/types\/page"}],"author":[{"embeddable":true,"href":"https:\/\/www.mauro-lucini.it\/pl\/wp-json\/wp\/v2\/users\/1"}],"replies":[{"embeddable":true,"href":"https:\/\/www.mauro-lucini.it\/pl\/wp-json\/wp\/v2\/comments?post=2443"}],"version-history":[{"count":1,"href":"https:\/\/www.mauro-lucini.it\/pl\/wp-json\/wp\/v2\/pages\/2443\/revisions"}],"predecessor-version":[{"id":2446,"href":"https:\/\/www.mauro-lucini.it\/pl\/wp-json\/wp\/v2\/pages\/2443\/revisions\/2446"}],"wp:attachment":[{"href":"https:\/\/www.mauro-lucini.it\/pl\/wp-json\/wp\/v2\/media?parent=2443"}],"curies":[{"name":"wp","href":"https:\/\/api.w.org\/{rel}","templated":true}]}}