{"id":2368,"date":"2024-09-02T11:45:19","date_gmt":"2024-09-02T11:45:19","guid":{"rendered":"https:\/\/www.mauro-lucini.it\/warsztat-lutniczy"},"modified":"2025-05-23T12:43:09","modified_gmt":"2025-05-23T12:43:09","slug":"warsztat-lutniczy","status":"publish","type":"page","link":"https:\/\/www.mauro-lucini.it\/pl\/warsztat-lutniczy\/","title":{"rendered":"Warsztat lutniczy"},"content":{"rendered":"\n<div class=\"wp-block-cover alignfull\"><span aria-hidden=\"true\" class=\"wp-block-cover__background has-background-dim\" style=\"background-color:#583a26\"><\/span><img loading=\"lazy\" decoding=\"async\" width=\"2170\" height=\"1202\" class=\"wp-block-cover__image-background wp-image-331\" alt=\"\" src=\"https:\/\/www.mauro-lucini.it\/wp-content\/uploads\/2024\/08\/legno-bottega-liuteria.jpg\" data-object-fit=\"cover\" srcset=\"https:\/\/www.mauro-lucini.it\/wp-content\/uploads\/2024\/08\/legno-bottega-liuteria.jpg 2170w, https:\/\/www.mauro-lucini.it\/wp-content\/uploads\/2024\/08\/legno-bottega-liuteria-300x166.jpg 300w, https:\/\/www.mauro-lucini.it\/wp-content\/uploads\/2024\/08\/legno-bottega-liuteria-1024x567.jpg 1024w, https:\/\/www.mauro-lucini.it\/wp-content\/uploads\/2024\/08\/legno-bottega-liuteria-768x425.jpg 768w, https:\/\/www.mauro-lucini.it\/wp-content\/uploads\/2024\/08\/legno-bottega-liuteria-1536x851.jpg 1536w, https:\/\/www.mauro-lucini.it\/wp-content\/uploads\/2024\/08\/legno-bottega-liuteria-2048x1134.jpg 2048w, https:\/\/www.mauro-lucini.it\/wp-content\/uploads\/2024\/08\/legno-bottega-liuteria-600x332.jpg 600w\" sizes=\"auto, (max-width: 2170px) 100vw, 2170px\" \/><div class=\"wp-block-cover__inner-container is-layout-constrained wp-block-cover-is-layout-constrained\">\n<h2 class=\"wp-block-heading has-text-align-center\">Warsztat lutniczy<\/h2>\n<\/div><\/div>\n\n<h2 class=\"wp-block-heading has-text-align-center\">Warsztat Mauro Lucini w Cremonie<\/h2>\n\n<p>Kiedy Maestro Mauro Lucini otworzy\u0142 sw\u00f3j warsztat w staro\u017cytnych ceglanych sklepieniach naprzeciwko bazyliki San Michele ponad 40 lat temu, kierowa\u0142 si\u0119 nieomylnym wyczuciem historii i wielowiekow\u0105 tradycj\u0105 rzemie\u015blnicz\u0105 swojego rodzinnego miasta. Pomieszczenia, w kt\u00f3rych niegdy\u015b mie\u015bci\u0142a si\u0119 kaplica \u015bredniowiecznego szpitala San Giovanni, oferuj\u0105 nie tylko niezb\u0119dn\u0105 przestrze\u0144 i dobry klimat wewn\u0119trzny do delikatnej pracy z cennym drewnem, ale tak\u017ce charakteryzuj\u0105 si\u0119 otwartym i stymuluj\u0105cym duchem: mniej ni\u017c pi\u0119\u0107 minut spacerem od miejsca narodzin Claudio Monteverdiego w 1567 roku, Piazza San Michele oferuje intymny i lokalny widok na Cremon\u0119. <br\/><\/p>\n\n<figure class=\"wp-block-image size-large\"><img loading=\"lazy\" decoding=\"async\" width=\"1024\" height=\"507\" src=\"https:\/\/www.mauro-lucini.it\/wp-content\/uploads\/2024\/08\/vernice-1024x507.jpg\" alt=\"farba\" class=\"wp-image-334\" srcset=\"https:\/\/www.mauro-lucini.it\/wp-content\/uploads\/2024\/08\/vernice-1024x507.jpg 1024w, https:\/\/www.mauro-lucini.it\/wp-content\/uploads\/2024\/08\/vernice-300x149.jpg 300w, https:\/\/www.mauro-lucini.it\/wp-content\/uploads\/2024\/08\/vernice-768x380.jpg 768w, https:\/\/www.mauro-lucini.it\/wp-content\/uploads\/2024\/08\/vernice-1536x761.jpg 1536w, https:\/\/www.mauro-lucini.it\/wp-content\/uploads\/2024\/08\/vernice-2048x1014.jpg 2048w, https:\/\/www.mauro-lucini.it\/wp-content\/uploads\/2024\/08\/vernice-600x297.jpg 600w\" sizes=\"auto, (max-width: 1024px) 100vw, 1024px\" \/><\/figure>\n\n<p><br\/>Lucini i jego warsztat stworzyli kapsu\u0142\u0119 czasu, w kt\u00f3rej \u015bwiat Stradivariego \u0142\u0105czy si\u0119 z wysokimi standardami wsp\u00f3\u0142czesnego lutnictwa. Jego wsp\u00f3\u0142pracownicy, wykszta\u0142ceni w najlepszych szko\u0142ach lutniczych, daj\u0105 nowy impuls do pracy nad instrumentami Officiny, gdzie pod kierunkiem maestro powstaj\u0105 skrzypce o wyj\u0105tkowym pi\u0119knie, wyj\u0105tkowych walorach d\u017awi\u0119kowych, niepowtarzalnym w\u0142oskim charakterze i niezr\u00f3wnanym stosunku ceny do jako\u015bci.<\/p>\n\n<p><\/p>\n\n<p><\/p>\n\n<p><\/p>\n","protected":false},"excerpt":{"rendered":"<p>Warsztat Mauro Lucini w Cremonie Kiedy Maestro Mauro Lucini otworzy\u0142 sw\u00f3j warsztat w staro\u017cytnych ceglanych sklepieniach naprzeciwko bazyliki San Michele ponad 40 lat temu, kierowa\u0142 si\u0119 nieomylnym wyczuciem historii i wielowiekow\u0105 tradycj\u0105 rzemie\u015blnicz\u0105 swojego rodzinnego miasta. Pomieszczenia, w kt\u00f3rych niegdy\u015b mie\u015bci\u0142a si\u0119 kaplica \u015bredniowiecznego szpitala San Giovanni, oferuj\u0105 nie tylko niezb\u0119dn\u0105 przestrze\u0144 i dobry klimat [&hellip;]<\/p>\n","protected":false},"author":1,"featured_media":0,"parent":0,"menu_order":21,"comment_status":"closed","ping_status":"closed","template":"","meta":{"_coblocks_attr":"","_coblocks_dimensions":"","_coblocks_responsive_height":"","_coblocks_accordion_ie_support":"","hide_page_title":"","footnotes":""},"class_list":["post-2368","page","type-page","status-publish","hentry"],"yoast_head":"<!-- This site is optimized with the Yoast SEO plugin v27.4 - https:\/\/yoast.com\/product\/yoast-seo-wordpress\/ -->\n<title>Warsztat lutniczy Mauro Lucini w Cremonie<\/title>\n<meta name=\"description\" content=\"Officina Mauro Lucini w Cremonie: kapsu\u0142a czasu, w kt\u00f3rej \u015bwiat Stradivariego spotyka si\u0119 z wysokimi standardami wsp\u00f3\u0142czesnego lutnictwa\" \/>\n<meta name=\"robots\" content=\"index, follow, max-snippet:-1, max-image-preview:large, max-video-preview:-1\" \/>\n<link rel=\"canonical\" href=\"https:\/\/www.mauro-lucini.it\/pl\/warsztat-lutniczy\/\" \/>\n<meta property=\"og:locale\" content=\"pl_PL\" \/>\n<meta property=\"og:type\" content=\"article\" \/>\n<meta property=\"og:title\" content=\"Warsztat lutniczy Mauro Lucini w Cremonie\" \/>\n<meta property=\"og:description\" content=\"Officina Mauro Lucini w Cremonie: kapsu\u0142a czasu, w kt\u00f3rej \u015bwiat Stradivariego spotyka si\u0119 z wysokimi standardami wsp\u00f3\u0142czesnego lutnictwa\" \/>\n<meta property=\"og:url\" content=\"https:\/\/www.mauro-lucini.it\/pl\/warsztat-lutniczy\/\" \/>\n<meta property=\"og:site_name\" content=\"Mauro Lucini - Liutaio a Cremona\" \/>\n<meta property=\"article:modified_time\" content=\"2025-05-23T12:43:09+00:00\" \/>\n<meta property=\"og:image\" content=\"https:\/\/www.mauro-lucini.it\/wp-content\/uploads\/2024\/08\/legno-bottega-liuteria.jpg\" \/>\n\t<meta property=\"og:image:width\" content=\"2170\" \/>\n\t<meta property=\"og:image:height\" content=\"1202\" \/>\n\t<meta property=\"og:image:type\" content=\"image\/jpeg\" \/>\n<meta name=\"twitter:card\" content=\"summary_large_image\" \/>\n<!-- \/ Yoast SEO plugin. -->","yoast_head_json":{"title":"Warsztat lutniczy Mauro Lucini w Cremonie","description":"Officina Mauro Lucini w Cremonie: kapsu\u0142a czasu, w kt\u00f3rej \u015bwiat Stradivariego spotyka si\u0119 z wysokimi standardami wsp\u00f3\u0142czesnego lutnictwa","robots":{"index":"index","follow":"follow","max-snippet":"max-snippet:-1","max-image-preview":"max-image-preview:large","max-video-preview":"max-video-preview:-1"},"canonical":"https:\/\/www.mauro-lucini.it\/pl\/warsztat-lutniczy\/","og_locale":"pl_PL","og_type":"article","og_title":"Warsztat lutniczy Mauro Lucini w Cremonie","og_description":"Officina Mauro Lucini w Cremonie: kapsu\u0142a czasu, w kt\u00f3rej \u015bwiat Stradivariego spotyka si\u0119 z wysokimi standardami wsp\u00f3\u0142czesnego lutnictwa","og_url":"https:\/\/www.mauro-lucini.it\/pl\/warsztat-lutniczy\/","og_site_name":"Mauro Lucini - Liutaio a Cremona","article_modified_time":"2025-05-23T12:43:09+00:00","og_image":[{"width":2170,"height":1202,"url":"https:\/\/www.mauro-lucini.it\/wp-content\/uploads\/2024\/08\/legno-bottega-liuteria.jpg","type":"image\/jpeg"}],"twitter_card":"summary_large_image","schema":{"@context":"https:\/\/schema.org","@graph":[{"@type":"WebPage","@id":"https:\/\/www.mauro-lucini.it\/pl\/warsztat-lutniczy\/","url":"https:\/\/www.mauro-lucini.it\/pl\/warsztat-lutniczy\/","name":"Warsztat lutniczy Mauro Lucini w Cremonie","isPartOf":{"@id":"https:\/\/www.mauro-lucini.it\/pl\/#website"},"primaryImageOfPage":{"@id":"https:\/\/www.mauro-lucini.it\/pl\/warsztat-lutniczy\/#primaryimage"},"image":{"@id":"https:\/\/www.mauro-lucini.it\/pl\/warsztat-lutniczy\/#primaryimage"},"thumbnailUrl":"https:\/\/www.mauro-lucini.it\/wp-content\/uploads\/2024\/08\/legno-bottega-liuteria.jpg","datePublished":"2024-09-02T11:45:19+00:00","dateModified":"2025-05-23T12:43:09+00:00","description":"Officina Mauro Lucini w Cremonie: kapsu\u0142a czasu, w kt\u00f3rej \u015bwiat Stradivariego spotyka si\u0119 z wysokimi standardami wsp\u00f3\u0142czesnego lutnictwa","breadcrumb":{"@id":"https:\/\/www.mauro-lucini.it\/pl\/warsztat-lutniczy\/#breadcrumb"},"inLanguage":"pl-PL","potentialAction":[{"@type":"ReadAction","target":["https:\/\/www.mauro-lucini.it\/pl\/warsztat-lutniczy\/"]}]},{"@type":"ImageObject","inLanguage":"pl-PL","@id":"https:\/\/www.mauro-lucini.it\/pl\/warsztat-lutniczy\/#primaryimage","url":"https:\/\/www.mauro-lucini.it\/wp-content\/uploads\/2024\/08\/legno-bottega-liuteria.jpg","contentUrl":"https:\/\/www.mauro-lucini.it\/wp-content\/uploads\/2024\/08\/legno-bottega-liuteria.jpg"},{"@type":"BreadcrumbList","@id":"https:\/\/www.mauro-lucini.it\/pl\/warsztat-lutniczy\/#breadcrumb","itemListElement":[{"@type":"ListItem","position":1,"name":"Home","item":"https:\/\/www.mauro-lucini.it\/pl\/"},{"@type":"ListItem","position":2,"name":"Warsztat lutniczy"}]},{"@type":"WebSite","@id":"https:\/\/www.mauro-lucini.it\/pl\/#website","url":"https:\/\/www.mauro-lucini.it\/pl\/","name":"Mauro Lucini - Liutaio a Cremona","description":"Mauro Lucini liutaio a Cremona - 40 anni di passione ed esperienza","publisher":{"@id":"https:\/\/www.mauro-lucini.it\/pl\/#organization"},"potentialAction":[{"@type":"SearchAction","target":{"@type":"EntryPoint","urlTemplate":"https:\/\/www.mauro-lucini.it\/pl\/?s={search_term_string}"},"query-input":{"@type":"PropertyValueSpecification","valueRequired":true,"valueName":"search_term_string"}}],"inLanguage":"pl-PL"},{"@type":"Organization","@id":"https:\/\/www.mauro-lucini.it\/pl\/#organization","name":"Mauro Lucini - Liutaio a Cremona","url":"https:\/\/www.mauro-lucini.it\/pl\/","logo":{"@type":"ImageObject","inLanguage":"pl-PL","@id":"https:\/\/www.mauro-lucini.it\/pl\/#\/schema\/logo\/image\/","url":"https:\/\/www.mauro-lucini.it\/wp-content\/uploads\/2024\/09\/Mauro-Lucini-Liutaio-Cremona.png","contentUrl":"https:\/\/www.mauro-lucini.it\/wp-content\/uploads\/2024\/09\/Mauro-Lucini-Liutaio-Cremona.png","width":480,"height":84,"caption":"Mauro Lucini - Liutaio a Cremona"},"image":{"@id":"https:\/\/www.mauro-lucini.it\/pl\/#\/schema\/logo\/image\/"}}]}},"_links":{"self":[{"href":"https:\/\/www.mauro-lucini.it\/pl\/wp-json\/wp\/v2\/pages\/2368","targetHints":{"allow":["GET"]}}],"collection":[{"href":"https:\/\/www.mauro-lucini.it\/pl\/wp-json\/wp\/v2\/pages"}],"about":[{"href":"https:\/\/www.mauro-lucini.it\/pl\/wp-json\/wp\/v2\/types\/page"}],"author":[{"embeddable":true,"href":"https:\/\/www.mauro-lucini.it\/pl\/wp-json\/wp\/v2\/users\/1"}],"replies":[{"embeddable":true,"href":"https:\/\/www.mauro-lucini.it\/pl\/wp-json\/wp\/v2\/comments?post=2368"}],"version-history":[{"count":2,"href":"https:\/\/www.mauro-lucini.it\/pl\/wp-json\/wp\/v2\/pages\/2368\/revisions"}],"predecessor-version":[{"id":2508,"href":"https:\/\/www.mauro-lucini.it\/pl\/wp-json\/wp\/v2\/pages\/2368\/revisions\/2508"}],"wp:attachment":[{"href":"https:\/\/www.mauro-lucini.it\/pl\/wp-json\/wp\/v2\/media?parent=2368"}],"curies":[{"name":"wp","href":"https:\/\/api.w.org\/{rel}","templated":true}]}}