{"id":2345,"date":"2024-09-02T11:55:31","date_gmt":"2024-09-02T11:55:31","guid":{"rendered":"https:\/\/www.mauro-lucini.it\/produkcja-skrzypiec"},"modified":"2025-05-23T12:43:59","modified_gmt":"2025-05-23T12:43:59","slug":"produkcja-skrzypiec","status":"publish","type":"page","link":"https:\/\/www.mauro-lucini.it\/pl\/produkcja-skrzypiec\/","title":{"rendered":"Produkcja skrzypiec"},"content":{"rendered":"\n<div class=\"wp-block-cover alignfull\"><span aria-hidden=\"true\" class=\"wp-block-cover__background has-background-dim\" style=\"background-color:#867c74\"><\/span><img loading=\"lazy\" decoding=\"async\" width=\"2128\" height=\"985\" class=\"wp-block-cover__image-background wp-image-335\" alt=\"\" src=\"https:\/\/www.mauro-lucini.it\/wp-content\/uploads\/2024\/08\/manifattura-violini.jpg\" data-object-fit=\"cover\" srcset=\"https:\/\/www.mauro-lucini.it\/wp-content\/uploads\/2024\/08\/manifattura-violini.jpg 2128w, https:\/\/www.mauro-lucini.it\/wp-content\/uploads\/2024\/08\/manifattura-violini-300x139.jpg 300w, https:\/\/www.mauro-lucini.it\/wp-content\/uploads\/2024\/08\/manifattura-violini-1024x474.jpg 1024w, https:\/\/www.mauro-lucini.it\/wp-content\/uploads\/2024\/08\/manifattura-violini-768x355.jpg 768w, https:\/\/www.mauro-lucini.it\/wp-content\/uploads\/2024\/08\/manifattura-violini-1536x711.jpg 1536w, https:\/\/www.mauro-lucini.it\/wp-content\/uploads\/2024\/08\/manifattura-violini-2048x948.jpg 2048w, https:\/\/www.mauro-lucini.it\/wp-content\/uploads\/2024\/08\/manifattura-violini-600x278.jpg 600w\" sizes=\"auto, (max-width: 2128px) 100vw, 2128px\" \/><div class=\"wp-block-cover__inner-container is-layout-constrained wp-block-cover-is-layout-constrained\">\n<h2 class=\"wp-block-heading has-text-align-center\">Produkcja skrzypiec<\/h2>\n<\/div><\/div>\n\n<h2 class=\"wp-block-heading has-text-align-center\">W\u0142oskie lutnictwo Officina Mauro Lucini: tradycja w awangardzie<\/h2>\n\n<p><br\/>Instrumenty smyczkowe produkowane przez Officina Mauro Lucini \u0142\u0105cz\u0105 w sobie g\u0142\u0119bok\u0105 wiedz\u0119 staro\u017cytnej sztuki w\u0142oskiego lutnictwa, dojrzewaj\u0105c\u0105 przez dziesi\u0119ciolecia praktyki, z wiedz\u0105 naszych czas\u00f3w, nauczan\u0105 w najlepszych na \u015bwiecie szko\u0142ach lutniczych. Maestro Mauro Lucini i jego uczniowie doskonal\u0105 ka\u017cde skrzypce, alt\u00f3wk\u0119 i wiolonczel\u0119 z zami\u0142owaniem do szczeg\u00f3\u0142\u00f3w i wra\u017cliwo\u015bci\u0105 na indywidualne cechy najlepszych gatunk\u00f3w drewna, aby uzyska\u0107 charakterystyk\u0119 d\u017awi\u0119ku spe\u0142niaj\u0105c\u0105 wysokie standardy ich warsztatu.<\/p>\n\n<p><\/p>\n\n<figure class=\"wp-block-image size-large\"><img loading=\"lazy\" decoding=\"async\" width=\"1024\" height=\"681\" src=\"https:\/\/www.mauro-lucini.it\/wp-content\/uploads\/2024\/08\/DSC_3858-1024x681.jpg\" alt=\"Produkcja w&#x142;oskich skrzypiec w warsztacie Mauro Lucini\" class=\"wp-image-324\" srcset=\"https:\/\/www.mauro-lucini.it\/wp-content\/uploads\/2024\/08\/DSC_3858-1024x681.jpg 1024w, https:\/\/www.mauro-lucini.it\/wp-content\/uploads\/2024\/08\/DSC_3858-300x200.jpg 300w, https:\/\/www.mauro-lucini.it\/wp-content\/uploads\/2024\/08\/DSC_3858-768x511.jpg 768w, https:\/\/www.mauro-lucini.it\/wp-content\/uploads\/2024\/08\/DSC_3858-1536x1022.jpg 1536w, https:\/\/www.mauro-lucini.it\/wp-content\/uploads\/2024\/08\/DSC_3858-2048x1363.jpg 2048w, https:\/\/www.mauro-lucini.it\/wp-content\/uploads\/2024\/08\/DSC_3858-600x399.jpg 600w\" sizes=\"auto, (max-width: 1024px) 100vw, 1024px\" \/><\/figure>\n\n<p><br\/>Tam, gdzie dzie\u0142o natury \u0142\u0105czy si\u0119 z umiej\u0119tno\u015bciami r\u0119ki, aby stworzy\u0107 szczeg\u00f3lnie obiecuj\u0105ce dzie\u0142o, tworz\u0105 arcydzie\u0142a, kt\u00f3re spe\u0142niaj\u0105 najwy\u017csze standardy zawodowe i wyznaczaj\u0105 nowe standardy we wsp\u00f3\u0142czesnym w\u0142oskim lutnictwie.<br\/><\/p>\n\n<p>Te wysokiej klasy wyst\u0119py s\u0105siaduj\u0105 z nieco prostszymi, ma\u0142ymi osobowo\u015bciami muzycznymi, umo\u017cliwiaj\u0105c entuzjastycznym muzykom i m\u0142odym talentom zakup instrumentu smyczkowego o pi\u0119knym, typowo w\u0142oskim brzmieniu.<\/p>\n\n<p><\/p>\n\n<p>Kluczow\u0105 rol\u0119 odgrywa sekretna receptura farby w warsztacie oraz wyszukane i sprawdzone procesy, w szczeg\u00f3lno\u015bci malowania, kt\u00f3re s\u0105 stosowane do wszystkich narz\u0119dzi w warsztacie i s\u0105 stale rozwijane.<\/p>\n\n<p><\/p>\n","protected":false},"excerpt":{"rendered":"<p>W\u0142oskie lutnictwo Officina Mauro Lucini: tradycja w awangardzie Instrumenty smyczkowe produkowane przez Officina Mauro Lucini \u0142\u0105cz\u0105 w sobie g\u0142\u0119bok\u0105 wiedz\u0119 staro\u017cytnej sztuki w\u0142oskiego lutnictwa, dojrzewaj\u0105c\u0105 przez dziesi\u0119ciolecia praktyki, z wiedz\u0105 naszych czas\u00f3w, nauczan\u0105 w najlepszych na \u015bwiecie szko\u0142ach lutniczych. Maestro Mauro Lucini i jego uczniowie doskonal\u0105 ka\u017cde skrzypce, alt\u00f3wk\u0119 i wiolonczel\u0119 z zami\u0142owaniem do szczeg\u00f3\u0142\u00f3w [&hellip;]<\/p>\n","protected":false},"author":1,"featured_media":0,"parent":0,"menu_order":22,"comment_status":"closed","ping_status":"closed","template":"","meta":{"_coblocks_attr":"","_coblocks_dimensions":"","_coblocks_responsive_height":"","_coblocks_accordion_ie_support":"","hide_page_title":"","footnotes":""},"class_list":["post-2345","page","type-page","status-publish","hentry"],"yoast_head":"<!-- This site is optimized with the Yoast SEO plugin v27.4 - https:\/\/yoast.com\/product\/yoast-seo-wordpress\/ -->\n<title>Produkcja skrzypiec kremo\u0144skich w warsztacie Mauro Luciniego<\/title>\n<meta name=\"description\" content=\"Cremonese violin making for our time: Officina Mauro Lucini \u0142\u0105czy w\u0142oskie rzemios\u0142o ze wsp\u00f3\u0142czesn\u0105 wiedz\u0105 na temat najlepszego d\u017awi\u0119ku.\" \/>\n<meta name=\"robots\" content=\"index, follow, max-snippet:-1, max-image-preview:large, max-video-preview:-1\" \/>\n<link rel=\"canonical\" href=\"https:\/\/www.mauro-lucini.it\/pl\/produkcja-skrzypiec\/\" \/>\n<meta property=\"og:locale\" content=\"pl_PL\" \/>\n<meta property=\"og:type\" content=\"article\" \/>\n<meta property=\"og:title\" content=\"Produkcja skrzypiec kremo\u0144skich w warsztacie Mauro Luciniego\" \/>\n<meta property=\"og:description\" content=\"Cremonese violin making for our time: Officina Mauro Lucini \u0142\u0105czy w\u0142oskie rzemios\u0142o ze wsp\u00f3\u0142czesn\u0105 wiedz\u0105 na temat najlepszego d\u017awi\u0119ku.\" \/>\n<meta property=\"og:url\" content=\"https:\/\/www.mauro-lucini.it\/pl\/produkcja-skrzypiec\/\" \/>\n<meta property=\"og:site_name\" content=\"Mauro Lucini - Liutaio a Cremona\" \/>\n<meta property=\"article:modified_time\" content=\"2025-05-23T12:43:59+00:00\" \/>\n<meta property=\"og:image\" content=\"https:\/\/www.mauro-lucini.it\/wp-content\/uploads\/2024\/08\/manifattura-violini.jpg\" \/>\n\t<meta property=\"og:image:width\" content=\"2128\" \/>\n\t<meta property=\"og:image:height\" content=\"985\" \/>\n\t<meta property=\"og:image:type\" content=\"image\/jpeg\" \/>\n<meta name=\"twitter:card\" content=\"summary_large_image\" \/>\n<!-- \/ Yoast SEO plugin. -->","yoast_head_json":{"title":"Produkcja skrzypiec kremo\u0144skich w warsztacie Mauro Luciniego","description":"Cremonese violin making for our time: Officina Mauro Lucini \u0142\u0105czy w\u0142oskie rzemios\u0142o ze wsp\u00f3\u0142czesn\u0105 wiedz\u0105 na temat najlepszego d\u017awi\u0119ku.","robots":{"index":"index","follow":"follow","max-snippet":"max-snippet:-1","max-image-preview":"max-image-preview:large","max-video-preview":"max-video-preview:-1"},"canonical":"https:\/\/www.mauro-lucini.it\/pl\/produkcja-skrzypiec\/","og_locale":"pl_PL","og_type":"article","og_title":"Produkcja skrzypiec kremo\u0144skich w warsztacie Mauro Luciniego","og_description":"Cremonese violin making for our time: Officina Mauro Lucini \u0142\u0105czy w\u0142oskie rzemios\u0142o ze wsp\u00f3\u0142czesn\u0105 wiedz\u0105 na temat najlepszego d\u017awi\u0119ku.","og_url":"https:\/\/www.mauro-lucini.it\/pl\/produkcja-skrzypiec\/","og_site_name":"Mauro Lucini - Liutaio a Cremona","article_modified_time":"2025-05-23T12:43:59+00:00","og_image":[{"width":2128,"height":985,"url":"https:\/\/www.mauro-lucini.it\/wp-content\/uploads\/2024\/08\/manifattura-violini.jpg","type":"image\/jpeg"}],"twitter_card":"summary_large_image","schema":{"@context":"https:\/\/schema.org","@graph":[{"@type":"WebPage","@id":"https:\/\/www.mauro-lucini.it\/pl\/produkcja-skrzypiec\/","url":"https:\/\/www.mauro-lucini.it\/pl\/produkcja-skrzypiec\/","name":"Produkcja skrzypiec kremo\u0144skich w warsztacie Mauro Luciniego","isPartOf":{"@id":"https:\/\/www.mauro-lucini.it\/pl\/#website"},"primaryImageOfPage":{"@id":"https:\/\/www.mauro-lucini.it\/pl\/produkcja-skrzypiec\/#primaryimage"},"image":{"@id":"https:\/\/www.mauro-lucini.it\/pl\/produkcja-skrzypiec\/#primaryimage"},"thumbnailUrl":"https:\/\/www.mauro-lucini.it\/wp-content\/uploads\/2024\/08\/manifattura-violini.jpg","datePublished":"2024-09-02T11:55:31+00:00","dateModified":"2025-05-23T12:43:59+00:00","description":"Cremonese violin making for our time: Officina Mauro Lucini \u0142\u0105czy w\u0142oskie rzemios\u0142o ze wsp\u00f3\u0142czesn\u0105 wiedz\u0105 na temat najlepszego d\u017awi\u0119ku.","breadcrumb":{"@id":"https:\/\/www.mauro-lucini.it\/pl\/produkcja-skrzypiec\/#breadcrumb"},"inLanguage":"pl-PL","potentialAction":[{"@type":"ReadAction","target":["https:\/\/www.mauro-lucini.it\/pl\/produkcja-skrzypiec\/"]}]},{"@type":"ImageObject","inLanguage":"pl-PL","@id":"https:\/\/www.mauro-lucini.it\/pl\/produkcja-skrzypiec\/#primaryimage","url":"https:\/\/www.mauro-lucini.it\/wp-content\/uploads\/2024\/08\/manifattura-violini.jpg","contentUrl":"https:\/\/www.mauro-lucini.it\/wp-content\/uploads\/2024\/08\/manifattura-violini.jpg"},{"@type":"BreadcrumbList","@id":"https:\/\/www.mauro-lucini.it\/pl\/produkcja-skrzypiec\/#breadcrumb","itemListElement":[{"@type":"ListItem","position":1,"name":"Home","item":"https:\/\/www.mauro-lucini.it\/pl\/"},{"@type":"ListItem","position":2,"name":"Produkcja skrzypiec"}]},{"@type":"WebSite","@id":"https:\/\/www.mauro-lucini.it\/pl\/#website","url":"https:\/\/www.mauro-lucini.it\/pl\/","name":"Mauro Lucini - Liutaio a Cremona","description":"Mauro Lucini liutaio a Cremona - 40 anni di passione ed esperienza","publisher":{"@id":"https:\/\/www.mauro-lucini.it\/pl\/#organization"},"potentialAction":[{"@type":"SearchAction","target":{"@type":"EntryPoint","urlTemplate":"https:\/\/www.mauro-lucini.it\/pl\/?s={search_term_string}"},"query-input":{"@type":"PropertyValueSpecification","valueRequired":true,"valueName":"search_term_string"}}],"inLanguage":"pl-PL"},{"@type":"Organization","@id":"https:\/\/www.mauro-lucini.it\/pl\/#organization","name":"Mauro Lucini - Liutaio a Cremona","url":"https:\/\/www.mauro-lucini.it\/pl\/","logo":{"@type":"ImageObject","inLanguage":"pl-PL","@id":"https:\/\/www.mauro-lucini.it\/pl\/#\/schema\/logo\/image\/","url":"https:\/\/www.mauro-lucini.it\/wp-content\/uploads\/2024\/09\/Mauro-Lucini-Liutaio-Cremona.png","contentUrl":"https:\/\/www.mauro-lucini.it\/wp-content\/uploads\/2024\/09\/Mauro-Lucini-Liutaio-Cremona.png","width":480,"height":84,"caption":"Mauro Lucini - Liutaio a Cremona"},"image":{"@id":"https:\/\/www.mauro-lucini.it\/pl\/#\/schema\/logo\/image\/"}}]}},"_links":{"self":[{"href":"https:\/\/www.mauro-lucini.it\/pl\/wp-json\/wp\/v2\/pages\/2345","targetHints":{"allow":["GET"]}}],"collection":[{"href":"https:\/\/www.mauro-lucini.it\/pl\/wp-json\/wp\/v2\/pages"}],"about":[{"href":"https:\/\/www.mauro-lucini.it\/pl\/wp-json\/wp\/v2\/types\/page"}],"author":[{"embeddable":true,"href":"https:\/\/www.mauro-lucini.it\/pl\/wp-json\/wp\/v2\/users\/1"}],"replies":[{"embeddable":true,"href":"https:\/\/www.mauro-lucini.it\/pl\/wp-json\/wp\/v2\/comments?post=2345"}],"version-history":[{"count":2,"href":"https:\/\/www.mauro-lucini.it\/pl\/wp-json\/wp\/v2\/pages\/2345\/revisions"}],"predecessor-version":[{"id":2524,"href":"https:\/\/www.mauro-lucini.it\/pl\/wp-json\/wp\/v2\/pages\/2345\/revisions\/2524"}],"wp:attachment":[{"href":"https:\/\/www.mauro-lucini.it\/pl\/wp-json\/wp\/v2\/media?parent=2345"}],"curies":[{"name":"wp","href":"https:\/\/api.w.org\/{rel}","templated":true}]}}