{"id":2340,"date":"2024-09-02T11:55:31","date_gmt":"2024-09-02T11:55:31","guid":{"rendered":"https:\/\/www.mauro-lucini.it\/fabricacion-de-violines"},"modified":"2025-05-23T12:43:57","modified_gmt":"2025-05-23T12:43:57","slug":"fabricacion-de-violines","status":"publish","type":"page","link":"https:\/\/www.mauro-lucini.it\/es\/fabricacion-de-violines\/","title":{"rendered":"Fabricaci\u00f3n de violines"},"content":{"rendered":"\n<div class=\"wp-block-cover alignfull\"><span aria-hidden=\"true\" class=\"wp-block-cover__background has-background-dim\" style=\"background-color:#867c74\"><\/span><img loading=\"lazy\" decoding=\"async\" width=\"2128\" height=\"985\" class=\"wp-block-cover__image-background wp-image-335\" alt=\"\" src=\"https:\/\/www.mauro-lucini.it\/wp-content\/uploads\/2024\/08\/manifattura-violini.jpg\" data-object-fit=\"cover\" srcset=\"https:\/\/www.mauro-lucini.it\/wp-content\/uploads\/2024\/08\/manifattura-violini.jpg 2128w, https:\/\/www.mauro-lucini.it\/wp-content\/uploads\/2024\/08\/manifattura-violini-300x139.jpg 300w, https:\/\/www.mauro-lucini.it\/wp-content\/uploads\/2024\/08\/manifattura-violini-1024x474.jpg 1024w, https:\/\/www.mauro-lucini.it\/wp-content\/uploads\/2024\/08\/manifattura-violini-768x355.jpg 768w, https:\/\/www.mauro-lucini.it\/wp-content\/uploads\/2024\/08\/manifattura-violini-1536x711.jpg 1536w, https:\/\/www.mauro-lucini.it\/wp-content\/uploads\/2024\/08\/manifattura-violini-2048x948.jpg 2048w, https:\/\/www.mauro-lucini.it\/wp-content\/uploads\/2024\/08\/manifattura-violini-600x278.jpg 600w\" sizes=\"auto, (max-width: 2128px) 100vw, 2128px\" \/><div class=\"wp-block-cover__inner-container is-layout-constrained wp-block-cover-is-layout-constrained\">\n<h2 class=\"wp-block-heading has-text-align-center\">Fabricaci\u00f3n de violines<\/h2>\n<\/div><\/div>\n\n<h2 class=\"wp-block-heading has-text-align-center\">La luther\u00eda italiana de Officina Mauro Lucini: tradici\u00f3n de vanguardia<\/h2>\n\n<p><br\/>Los instrumentos de cuerda producidos por Officina Mauro Lucini combinan los profundos conocimientos del antiguo arte de la fabricaci\u00f3n italiana de violines, madurados durante d\u00e9cadas de pr\u00e1ctica, con los conocimientos de nuestro tiempo, impartidos en las mejores escuelas de fabricaci\u00f3n de violines del mundo. El maestro Mauro Lucini y sus aprendices perfeccionan cada viol\u00edn, viola y violonchelo con amor al detalle y sensibilidad a las caracter\u00edsticas individuales de las maderas m\u00e1s nobles para conseguir caracter\u00edsticas sonoras que satisfagan los altos est\u00e1ndares de su taller.<\/p>\n\n<p><\/p>\n\n<figure class=\"wp-block-image size-large\"><img loading=\"lazy\" decoding=\"async\" width=\"1024\" height=\"681\" src=\"https:\/\/www.mauro-lucini.it\/wp-content\/uploads\/2024\/08\/DSC_3858-1024x681.jpg\" alt=\"Fabricaci&#xF3;n de violines italianos en el taller de Mauro Lucini\" class=\"wp-image-324\" srcset=\"https:\/\/www.mauro-lucini.it\/wp-content\/uploads\/2024\/08\/DSC_3858-1024x681.jpg 1024w, https:\/\/www.mauro-lucini.it\/wp-content\/uploads\/2024\/08\/DSC_3858-300x200.jpg 300w, https:\/\/www.mauro-lucini.it\/wp-content\/uploads\/2024\/08\/DSC_3858-768x511.jpg 768w, https:\/\/www.mauro-lucini.it\/wp-content\/uploads\/2024\/08\/DSC_3858-1536x1022.jpg 1536w, https:\/\/www.mauro-lucini.it\/wp-content\/uploads\/2024\/08\/DSC_3858-2048x1363.jpg 2048w, https:\/\/www.mauro-lucini.it\/wp-content\/uploads\/2024\/08\/DSC_3858-600x399.jpg 600w\" sizes=\"auto, (max-width: 1024px) 100vw, 1024px\" \/><\/figure>\n\n<p><br\/>All\u00ed donde el trabajo de la naturaleza se combina con la habilidad de la mano para crear una obra especialmente prometedora, crean obras maestras que cumplen los m\u00e1s altos est\u00e1ndares profesionales y establecen nuevas referencias en la fabricaci\u00f3n de violines italianos contempor\u00e1neos.<br\/><\/p>\n\n<p>Estas actuaciones de alto nivel est\u00e1n flanqueadas por personalidades musicales algo m\u00e1s sencillas y de peque\u00f1o formato, que permiten a los m\u00fasicos entusiastas y a los j\u00f3venes talentos adquirir un instrumento de cuerda con un bello sonido t\u00edpicamente italiano.<\/p>\n\n<p><\/p>\n\n<p>Un papel clave lo desempe\u00f1an la receta secreta de pintura del taller y los elaborados y probados procesos, sobre todo de pintura, que se aplican a todas las herramientas del taller y se desarrollan constantemente.<\/p>\n\n<p><\/p>\n","protected":false},"excerpt":{"rendered":"<p>La luther\u00eda italiana de Officina Mauro Lucini: tradici\u00f3n de vanguardia Los instrumentos de cuerda producidos por Officina Mauro Lucini combinan los profundos conocimientos del antiguo arte de la fabricaci\u00f3n italiana de violines, madurados durante d\u00e9cadas de pr\u00e1ctica, con los conocimientos de nuestro tiempo, impartidos en las mejores escuelas de fabricaci\u00f3n de violines del mundo. El [&hellip;]<\/p>\n","protected":false},"author":1,"featured_media":0,"parent":0,"menu_order":22,"comment_status":"closed","ping_status":"closed","template":"","meta":{"_coblocks_attr":"","_coblocks_dimensions":"","_coblocks_responsive_height":"","_coblocks_accordion_ie_support":"","hide_page_title":"","footnotes":""},"class_list":["post-2340","page","type-page","status-publish","hentry"],"yoast_head":"<!-- This site is optimized with the Yoast SEO plugin v27.4 - https:\/\/yoast.com\/product\/yoast-seo-wordpress\/ -->\n<title>Fabricaci\u00f3n de violines cremonenses en el taller de Mauro Lucini<\/title>\n<meta name=\"description\" content=\"La fabricaci\u00f3n cremonense de violines para nuestro tiempo: Officina Mauro Lucini combina la artesan\u00eda italiana con el conocimiento contempor\u00e1neo del mejor sonido\" \/>\n<meta name=\"robots\" content=\"index, follow, max-snippet:-1, max-image-preview:large, max-video-preview:-1\" \/>\n<link rel=\"canonical\" href=\"https:\/\/www.mauro-lucini.it\/es\/fabricacion-de-violines\/\" \/>\n<meta property=\"og:locale\" content=\"es_ES\" \/>\n<meta property=\"og:type\" content=\"article\" \/>\n<meta property=\"og:title\" content=\"Fabricaci\u00f3n de violines cremonenses en el taller de Mauro Lucini\" \/>\n<meta property=\"og:description\" content=\"La fabricaci\u00f3n cremonense de violines para nuestro tiempo: Officina Mauro Lucini combina la artesan\u00eda italiana con el conocimiento contempor\u00e1neo del mejor sonido\" \/>\n<meta property=\"og:url\" content=\"https:\/\/www.mauro-lucini.it\/es\/fabricacion-de-violines\/\" \/>\n<meta property=\"og:site_name\" content=\"Mauro Lucini - Liutaio a Cremona\" \/>\n<meta property=\"article:modified_time\" content=\"2025-05-23T12:43:57+00:00\" \/>\n<meta property=\"og:image\" content=\"https:\/\/www.mauro-lucini.it\/wp-content\/uploads\/2024\/08\/manifattura-violini.jpg\" \/>\n\t<meta property=\"og:image:width\" content=\"2128\" \/>\n\t<meta property=\"og:image:height\" content=\"985\" \/>\n\t<meta property=\"og:image:type\" content=\"image\/jpeg\" \/>\n<meta name=\"twitter:card\" content=\"summary_large_image\" \/>\n<!-- \/ Yoast SEO plugin. -->","yoast_head_json":{"title":"Fabricaci\u00f3n de violines cremonenses en el taller de Mauro Lucini","description":"La fabricaci\u00f3n cremonense de violines para nuestro tiempo: Officina Mauro Lucini combina la artesan\u00eda italiana con el conocimiento contempor\u00e1neo del mejor sonido","robots":{"index":"index","follow":"follow","max-snippet":"max-snippet:-1","max-image-preview":"max-image-preview:large","max-video-preview":"max-video-preview:-1"},"canonical":"https:\/\/www.mauro-lucini.it\/es\/fabricacion-de-violines\/","og_locale":"es_ES","og_type":"article","og_title":"Fabricaci\u00f3n de violines cremonenses en el taller de Mauro Lucini","og_description":"La fabricaci\u00f3n cremonense de violines para nuestro tiempo: Officina Mauro Lucini combina la artesan\u00eda italiana con el conocimiento contempor\u00e1neo del mejor sonido","og_url":"https:\/\/www.mauro-lucini.it\/es\/fabricacion-de-violines\/","og_site_name":"Mauro Lucini - Liutaio a Cremona","article_modified_time":"2025-05-23T12:43:57+00:00","og_image":[{"width":2128,"height":985,"url":"https:\/\/www.mauro-lucini.it\/wp-content\/uploads\/2024\/08\/manifattura-violini.jpg","type":"image\/jpeg"}],"twitter_card":"summary_large_image","schema":{"@context":"https:\/\/schema.org","@graph":[{"@type":"WebPage","@id":"https:\/\/www.mauro-lucini.it\/es\/fabricacion-de-violines\/","url":"https:\/\/www.mauro-lucini.it\/es\/fabricacion-de-violines\/","name":"Fabricaci\u00f3n de violines cremonenses en el taller de Mauro Lucini","isPartOf":{"@id":"https:\/\/www.mauro-lucini.it\/es\/#website"},"primaryImageOfPage":{"@id":"https:\/\/www.mauro-lucini.it\/es\/fabricacion-de-violines\/#primaryimage"},"image":{"@id":"https:\/\/www.mauro-lucini.it\/es\/fabricacion-de-violines\/#primaryimage"},"thumbnailUrl":"https:\/\/www.mauro-lucini.it\/wp-content\/uploads\/2024\/08\/manifattura-violini.jpg","datePublished":"2024-09-02T11:55:31+00:00","dateModified":"2025-05-23T12:43:57+00:00","description":"La fabricaci\u00f3n cremonense de violines para nuestro tiempo: Officina Mauro Lucini combina la artesan\u00eda italiana con el conocimiento contempor\u00e1neo del mejor sonido","breadcrumb":{"@id":"https:\/\/www.mauro-lucini.it\/es\/fabricacion-de-violines\/#breadcrumb"},"inLanguage":"es","potentialAction":[{"@type":"ReadAction","target":["https:\/\/www.mauro-lucini.it\/es\/fabricacion-de-violines\/"]}]},{"@type":"ImageObject","inLanguage":"es","@id":"https:\/\/www.mauro-lucini.it\/es\/fabricacion-de-violines\/#primaryimage","url":"https:\/\/www.mauro-lucini.it\/wp-content\/uploads\/2024\/08\/manifattura-violini.jpg","contentUrl":"https:\/\/www.mauro-lucini.it\/wp-content\/uploads\/2024\/08\/manifattura-violini.jpg"},{"@type":"BreadcrumbList","@id":"https:\/\/www.mauro-lucini.it\/es\/fabricacion-de-violines\/#breadcrumb","itemListElement":[{"@type":"ListItem","position":1,"name":"Home","item":"https:\/\/www.mauro-lucini.it\/es\/"},{"@type":"ListItem","position":2,"name":"Fabricaci\u00f3n de violines"}]},{"@type":"WebSite","@id":"https:\/\/www.mauro-lucini.it\/es\/#website","url":"https:\/\/www.mauro-lucini.it\/es\/","name":"Mauro Lucini - Liutaio a Cremona","description":"Mauro Lucini liutaio a Cremona - 40 anni di passione ed esperienza","publisher":{"@id":"https:\/\/www.mauro-lucini.it\/es\/#organization"},"potentialAction":[{"@type":"SearchAction","target":{"@type":"EntryPoint","urlTemplate":"https:\/\/www.mauro-lucini.it\/es\/?s={search_term_string}"},"query-input":{"@type":"PropertyValueSpecification","valueRequired":true,"valueName":"search_term_string"}}],"inLanguage":"es"},{"@type":"Organization","@id":"https:\/\/www.mauro-lucini.it\/es\/#organization","name":"Mauro Lucini - Liutaio a Cremona","url":"https:\/\/www.mauro-lucini.it\/es\/","logo":{"@type":"ImageObject","inLanguage":"es","@id":"https:\/\/www.mauro-lucini.it\/es\/#\/schema\/logo\/image\/","url":"https:\/\/www.mauro-lucini.it\/wp-content\/uploads\/2024\/09\/Mauro-Lucini-Liutaio-Cremona.png","contentUrl":"https:\/\/www.mauro-lucini.it\/wp-content\/uploads\/2024\/09\/Mauro-Lucini-Liutaio-Cremona.png","width":480,"height":84,"caption":"Mauro Lucini - Liutaio a Cremona"},"image":{"@id":"https:\/\/www.mauro-lucini.it\/es\/#\/schema\/logo\/image\/"}}]}},"_links":{"self":[{"href":"https:\/\/www.mauro-lucini.it\/es\/wp-json\/wp\/v2\/pages\/2340","targetHints":{"allow":["GET"]}}],"collection":[{"href":"https:\/\/www.mauro-lucini.it\/es\/wp-json\/wp\/v2\/pages"}],"about":[{"href":"https:\/\/www.mauro-lucini.it\/es\/wp-json\/wp\/v2\/types\/page"}],"author":[{"embeddable":true,"href":"https:\/\/www.mauro-lucini.it\/es\/wp-json\/wp\/v2\/users\/1"}],"replies":[{"embeddable":true,"href":"https:\/\/www.mauro-lucini.it\/es\/wp-json\/wp\/v2\/comments?post=2340"}],"version-history":[{"count":2,"href":"https:\/\/www.mauro-lucini.it\/es\/wp-json\/wp\/v2\/pages\/2340\/revisions"}],"predecessor-version":[{"id":2522,"href":"https:\/\/www.mauro-lucini.it\/es\/wp-json\/wp\/v2\/pages\/2340\/revisions\/2522"}],"wp:attachment":[{"href":"https:\/\/www.mauro-lucini.it\/es\/wp-json\/wp\/v2\/media?parent=2340"}],"curies":[{"name":"wp","href":"https:\/\/api.w.org\/{rel}","templated":true}]}}