{"id":3423,"date":"2025-05-15T19:52:40","date_gmt":"2025-05-15T19:52:40","guid":{"rendered":"https:\/\/www.mauro-lucini.it\/negozio-di-violini\/unkategorisiert\/violine-aus-cremona-nach-antonio-stradivari-werkstatt-mauro-lucini-nr-72\/"},"modified":"2025-05-15T19:52:40","modified_gmt":"2025-05-15T19:52:40","slug":"violine-aus-cremona-nach-antonio-stradivari-werkstatt-mauro-lucini-nr-72","status":"publish","type":"product","link":"https:\/\/www.mauro-lucini.it\/de\/negozio-di-violini\/cremona-violinen\/violine-aus-cremona-nach-antonio-stradivari-werkstatt-mauro-lucini-nr-72\/","title":{"rendered":"Violine aus Cremona nach Antonio Stradivari, Werkstatt Mauro Lucini Nr. 72"},"content":{"rendered":"","protected":false},"excerpt":{"rendered":"<p>Die alte italienische Geigenbaukunst ist eine st\u00e4ndige Inspirationsquelle f\u00fcr Mauro Lucini und seine Mitarbeiter, wie die nach dem Vorbild von Antonio Stradivari gefertigte Geige Nr. 72 beweist. Mit traditioneller Handwerkskunst und modernen Fertigungsmethoden ist ein Instrument mit harmonischem Klang und klarem Cremoneser Charakter zu einem wirklich g\u00fcnstigen Preis entstanden. Die Geige \u00fcberzeugt durch ihre unmittelbare Ansprache und ihren warmen, vollen Klang und ist ideal f\u00fcr fortgeschrittene Sch\u00fcler oder als Zweitinstrument im professionellen Bereich. Edle H\u00f6lzer, ein leuchtend orange-brauner Lack mit geschw\u00e4rzten Details und die Meistermarke auf dem Boden unterstreichen die Qualit\u00e4t auch in \u00e4sthetischer Hinsicht.    <\/p>\n","protected":false},"featured_media":3378,"template":"","meta":{"_coblocks_attr":"","_coblocks_dimensions":"","_coblocks_responsive_height":"","_coblocks_accordion_ie_support":"","hide_page_title":""},"product_brand":[],"product_cat":[123],"product_tag":[],"class_list":{"0":"post-3423","1":"product","2":"type-product","3":"status-publish","4":"has-post-thumbnail","6":"product_cat-cremona-violinen","8":"first","9":"outofstock","10":"taxable","11":"shipping-taxable","12":"purchasable","13":"product-type-simple"},"yoast_head":"<!-- This site is optimized with the Yoast SEO plugin v27.4 - https:\/\/yoast.com\/product\/yoast-seo-wordpress\/ -->\n<title>Violine aus Cremona nach Antonio Stradivari, Werkstatt Mauro Lucini Nr. 72 - Mauro Lucini - Liutaio a Cremona<\/title>\n<meta name=\"robots\" content=\"index, follow, max-snippet:-1, max-image-preview:large, max-video-preview:-1\" \/>\n<link rel=\"canonical\" href=\"https:\/\/www.mauro-lucini.it\/de\/negozio-di-violini\/cremona-violinen\/violine-aus-cremona-nach-antonio-stradivari-werkstatt-mauro-lucini-nr-72\/\" \/>\n<meta property=\"og:locale\" content=\"de_DE\" \/>\n<meta property=\"og:type\" content=\"article\" \/>\n<meta property=\"og:title\" content=\"Violine aus Cremona nach Antonio Stradivari, Werkstatt Mauro Lucini Nr. 72 - Mauro Lucini - Liutaio a Cremona\" \/>\n<meta property=\"og:description\" content=\"Die alte italienische Geigenbaukunst ist eine st\u00e4ndige Inspirationsquelle f\u00fcr Mauro Lucini und seine Mitarbeiter, wie die nach dem Vorbild von Antonio Stradivari gefertigte Geige Nr. 72 beweist. Mit traditioneller Handwerkskunst und modernen Fertigungsmethoden ist ein Instrument mit harmonischem Klang und klarem Cremoneser Charakter zu einem wirklich g\u00fcnstigen Preis entstanden. Die Geige \u00fcberzeugt durch ihre unmittelbare Ansprache und ihren warmen, vollen Klang und ist ideal f\u00fcr fortgeschrittene Sch\u00fcler oder als Zweitinstrument im professionellen Bereich. Edle H\u00f6lzer, ein leuchtend orange-brauner Lack mit geschw\u00e4rzten Details und die Meistermarke auf dem Boden unterstreichen die Qualit\u00e4t auch in \u00e4sthetischer Hinsicht.\" \/>\n<meta property=\"og:url\" content=\"https:\/\/www.mauro-lucini.it\/de\/negozio-di-violini\/cremona-violinen\/violine-aus-cremona-nach-antonio-stradivari-werkstatt-mauro-lucini-nr-72\/\" \/>\n<meta property=\"og:site_name\" content=\"Mauro Lucini - Liutaio a Cremona\" \/>\n<meta property=\"og:image\" content=\"https:\/\/www.mauro-lucini.it\/wp-content\/uploads\/2025\/05\/mauro-lucini-creona-n72-1.jpg\" \/>\n\t<meta property=\"og:image:width\" content=\"1181\" \/>\n\t<meta property=\"og:image:height\" content=\"1890\" \/>\n\t<meta property=\"og:image:type\" content=\"image\/jpeg\" \/>\n<meta name=\"twitter:card\" content=\"summary_large_image\" \/>\n<!-- \/ Yoast SEO plugin. -->","yoast_head_json":{"title":"Violine aus Cremona nach Antonio Stradivari, Werkstatt Mauro Lucini Nr. 72 - Mauro Lucini - Liutaio a Cremona","robots":{"index":"index","follow":"follow","max-snippet":"max-snippet:-1","max-image-preview":"max-image-preview:large","max-video-preview":"max-video-preview:-1"},"canonical":"https:\/\/www.mauro-lucini.it\/de\/negozio-di-violini\/cremona-violinen\/violine-aus-cremona-nach-antonio-stradivari-werkstatt-mauro-lucini-nr-72\/","og_locale":"de_DE","og_type":"article","og_title":"Violine aus Cremona nach Antonio Stradivari, Werkstatt Mauro Lucini Nr. 72 - Mauro Lucini - Liutaio a Cremona","og_description":"Die alte italienische Geigenbaukunst ist eine st\u00e4ndige Inspirationsquelle f\u00fcr Mauro Lucini und seine Mitarbeiter, wie die nach dem Vorbild von Antonio Stradivari gefertigte Geige Nr. 72 beweist. Mit traditioneller Handwerkskunst und modernen Fertigungsmethoden ist ein Instrument mit harmonischem Klang und klarem Cremoneser Charakter zu einem wirklich g\u00fcnstigen Preis entstanden. Die Geige \u00fcberzeugt durch ihre unmittelbare Ansprache und ihren warmen, vollen Klang und ist ideal f\u00fcr fortgeschrittene Sch\u00fcler oder als Zweitinstrument im professionellen Bereich. Edle H\u00f6lzer, ein leuchtend orange-brauner Lack mit geschw\u00e4rzten Details und die Meistermarke auf dem Boden unterstreichen die Qualit\u00e4t auch in \u00e4sthetischer Hinsicht.","og_url":"https:\/\/www.mauro-lucini.it\/de\/negozio-di-violini\/cremona-violinen\/violine-aus-cremona-nach-antonio-stradivari-werkstatt-mauro-lucini-nr-72\/","og_site_name":"Mauro Lucini - Liutaio a Cremona","og_image":[{"width":1181,"height":1890,"url":"https:\/\/www.mauro-lucini.it\/wp-content\/uploads\/2025\/05\/mauro-lucini-creona-n72-1.jpg","type":"image\/jpeg"}],"twitter_card":"summary_large_image","schema":{"@context":"https:\/\/schema.org","@graph":[{"@type":"WebPage","@id":"https:\/\/www.mauro-lucini.it\/de\/negozio-di-violini\/cremona-violinen\/violine-aus-cremona-nach-antonio-stradivari-werkstatt-mauro-lucini-nr-72\/","url":"https:\/\/www.mauro-lucini.it\/de\/negozio-di-violini\/cremona-violinen\/violine-aus-cremona-nach-antonio-stradivari-werkstatt-mauro-lucini-nr-72\/","name":"Violine aus Cremona nach Antonio Stradivari, Werkstatt Mauro Lucini Nr. 72 - Mauro Lucini - Liutaio a Cremona","isPartOf":{"@id":"https:\/\/www.mauro-lucini.it\/de\/#website"},"primaryImageOfPage":{"@id":"https:\/\/www.mauro-lucini.it\/de\/negozio-di-violini\/cremona-violinen\/violine-aus-cremona-nach-antonio-stradivari-werkstatt-mauro-lucini-nr-72\/#primaryimage"},"image":{"@id":"https:\/\/www.mauro-lucini.it\/de\/negozio-di-violini\/cremona-violinen\/violine-aus-cremona-nach-antonio-stradivari-werkstatt-mauro-lucini-nr-72\/#primaryimage"},"thumbnailUrl":"https:\/\/www.mauro-lucini.it\/wp-content\/uploads\/2025\/05\/mauro-lucini-creona-n72-1.jpg","datePublished":"2025-05-15T19:52:40+00:00","breadcrumb":{"@id":"https:\/\/www.mauro-lucini.it\/de\/negozio-di-violini\/cremona-violinen\/violine-aus-cremona-nach-antonio-stradivari-werkstatt-mauro-lucini-nr-72\/#breadcrumb"},"inLanguage":"de","potentialAction":[{"@type":"ReadAction","target":["https:\/\/www.mauro-lucini.it\/de\/negozio-di-violini\/cremona-violinen\/violine-aus-cremona-nach-antonio-stradivari-werkstatt-mauro-lucini-nr-72\/"]}]},{"@type":"ImageObject","inLanguage":"de","@id":"https:\/\/www.mauro-lucini.it\/de\/negozio-di-violini\/cremona-violinen\/violine-aus-cremona-nach-antonio-stradivari-werkstatt-mauro-lucini-nr-72\/#primaryimage","url":"https:\/\/www.mauro-lucini.it\/wp-content\/uploads\/2025\/05\/mauro-lucini-creona-n72-1.jpg","contentUrl":"https:\/\/www.mauro-lucini.it\/wp-content\/uploads\/2025\/05\/mauro-lucini-creona-n72-1.jpg","width":1181,"height":1890},{"@type":"BreadcrumbList","@id":"https:\/\/www.mauro-lucini.it\/de\/negozio-di-violini\/cremona-violinen\/violine-aus-cremona-nach-antonio-stradivari-werkstatt-mauro-lucini-nr-72\/#breadcrumb","itemListElement":[{"@type":"ListItem","position":1,"name":"Home","item":"https:\/\/www.mauro-lucini.it\/de\/"},{"@type":"ListItem","position":2,"name":"Shop","item":"https:\/\/www.mauro-lucini.it\/en\/shop\/"},{"@type":"ListItem","position":3,"name":"Violine aus Cremona nach Antonio Stradivari, Werkstatt Mauro Lucini Nr. 72"}]},{"@type":"WebSite","@id":"https:\/\/www.mauro-lucini.it\/de\/#website","url":"https:\/\/www.mauro-lucini.it\/de\/","name":"Mauro Lucini - Liutaio a Cremona","description":"Mauro Lucini liutaio a Cremona - 40 anni di passione ed esperienza","publisher":{"@id":"https:\/\/www.mauro-lucini.it\/de\/#organization"},"potentialAction":[{"@type":"SearchAction","target":{"@type":"EntryPoint","urlTemplate":"https:\/\/www.mauro-lucini.it\/de\/?s={search_term_string}"},"query-input":{"@type":"PropertyValueSpecification","valueRequired":true,"valueName":"search_term_string"}}],"inLanguage":"de"},{"@type":"Organization","@id":"https:\/\/www.mauro-lucini.it\/de\/#organization","name":"Mauro Lucini - Liutaio a Cremona","url":"https:\/\/www.mauro-lucini.it\/de\/","logo":{"@type":"ImageObject","inLanguage":"de","@id":"https:\/\/www.mauro-lucini.it\/de\/#\/schema\/logo\/image\/","url":"https:\/\/www.mauro-lucini.it\/wp-content\/uploads\/2024\/09\/Mauro-Lucini-Liutaio-Cremona.png","contentUrl":"https:\/\/www.mauro-lucini.it\/wp-content\/uploads\/2024\/09\/Mauro-Lucini-Liutaio-Cremona.png","width":480,"height":84,"caption":"Mauro Lucini - Liutaio a Cremona"},"image":{"@id":"https:\/\/www.mauro-lucini.it\/de\/#\/schema\/logo\/image\/"}}]}},"_links":{"self":[{"href":"https:\/\/www.mauro-lucini.it\/de\/wp-json\/wp\/v2\/product\/3423","targetHints":{"allow":["GET"]}}],"collection":[{"href":"https:\/\/www.mauro-lucini.it\/de\/wp-json\/wp\/v2\/product"}],"about":[{"href":"https:\/\/www.mauro-lucini.it\/de\/wp-json\/wp\/v2\/types\/product"}],"wp:featuredmedia":[{"embeddable":true,"href":"https:\/\/www.mauro-lucini.it\/de\/wp-json\/wp\/v2\/media\/3378"}],"wp:attachment":[{"href":"https:\/\/www.mauro-lucini.it\/de\/wp-json\/wp\/v2\/media?parent=3423"}],"wp:term":[{"taxonomy":"product_brand","embeddable":true,"href":"https:\/\/www.mauro-lucini.it\/de\/wp-json\/wp\/v2\/product_brand?post=3423"},{"taxonomy":"product_cat","embeddable":true,"href":"https:\/\/www.mauro-lucini.it\/de\/wp-json\/wp\/v2\/product_cat?post=3423"},{"taxonomy":"product_tag","embeddable":true,"href":"https:\/\/www.mauro-lucini.it\/de\/wp-json\/wp\/v2\/product_tag?post=3423"}],"curies":[{"name":"wp","href":"https:\/\/api.w.org\/{rel}","templated":true}]}}