{"id":3281,"date":"2025-05-13T11:28:24","date_gmt":"2025-05-13T11:28:24","guid":{"rendered":"https:\/\/www.mauro-lucini.it\/?post_type=product&#038;p=3281"},"modified":"2025-05-27T19:59:08","modified_gmt":"2025-05-27T19:59:08","slug":"cremoneser-violine-nr-69-officina-mauro-lucini-cremona-2024-zertifiziert","status":"publish","type":"product","link":"https:\/\/www.mauro-lucini.it\/de\/negozio-di-violini\/cremona-violinen\/cremoneser-violine-nr-69-officina-mauro-lucini-cremona-2024-zertifiziert\/","title":{"rendered":"Cremoneser Violine Nr. 69 Officina Mauro Lucini, Cremona 2024 (zertifiziert)"},"content":{"rendered":"","protected":false},"excerpt":{"rendered":"<p>Diese junge italienische Geige besticht durch ihren warmen, reichen und weichen Klang, eine unverwechselbare Stimme, die den einzigartigen Charakter der Cremoneser Instrumente aus der Werkstatt von Mauro Lucini widerspiegelt. Ihre Vision ist, eine erschwingliche authentische Cremoneser Geige mit einem au\u00dfergew\u00f6hnlichen Klang zu erschaffen, die mit leichter Spielbarkeit und komfortabler Bauweise das Musizieren zu einem Vergn\u00fcgen macht. Mauro Lucini und sein Team haben diese Ziele souver\u00e4n erreicht und das Instrument mit einem gl\u00e4nzenden gold-orangefarbenen Lack veredelt, der sowohl die lebendige Pers\u00f6nlichkeit der Geige als auch den Geist ihrer Werkstatt wunderbar artikuliert.  <\/p>\n","protected":false},"featured_media":3214,"template":"","meta":{"_coblocks_attr":"","_coblocks_dimensions":"","_coblocks_responsive_height":"","_coblocks_accordion_ie_support":"","hide_page_title":""},"product_brand":[],"product_cat":[123],"product_tag":[],"class_list":{"0":"post-3281","1":"product","2":"type-product","3":"status-publish","4":"has-post-thumbnail","6":"product_cat-cremona-violinen","8":"first","9":"outofstock","10":"sold-individually","11":"taxable","12":"shipping-taxable","13":"purchasable","14":"product-type-simple"},"yoast_head":"<!-- This site is optimized with the Yoast SEO plugin v27.4 - https:\/\/yoast.com\/product\/yoast-seo-wordpress\/ -->\n<title>Cremoneser Violine Nr. 69 Officina Mauro Lucini, Cremona 2024 (zertifiziert) - Mauro Lucini - Liutaio a Cremona<\/title>\n<meta name=\"robots\" content=\"index, follow, max-snippet:-1, max-image-preview:large, max-video-preview:-1\" \/>\n<link rel=\"canonical\" href=\"https:\/\/www.mauro-lucini.it\/de\/negozio-di-violini\/cremona-violinen\/cremoneser-violine-nr-69-officina-mauro-lucini-cremona-2024-zertifiziert\/\" \/>\n<meta property=\"og:locale\" content=\"de_DE\" \/>\n<meta property=\"og:type\" content=\"article\" \/>\n<meta property=\"og:title\" content=\"Cremoneser Violine Nr. 69 Officina Mauro Lucini, Cremona 2024 (zertifiziert) - Mauro Lucini - Liutaio a Cremona\" \/>\n<meta property=\"og:description\" content=\"Diese junge italienische Geige besticht durch ihren warmen, reichen und weichen Klang, eine unverwechselbare Stimme, die den einzigartigen Charakter der Cremoneser Instrumente aus der Werkstatt von Mauro Lucini widerspiegelt. Ihre Vision ist, eine erschwingliche authentische Cremoneser Geige mit einem au\u00dfergew\u00f6hnlichen Klang zu erschaffen, die mit leichter Spielbarkeit und komfortabler Bauweise das Musizieren zu einem Vergn\u00fcgen macht. Mauro Lucini und sein Team haben diese Ziele souver\u00e4n erreicht und das Instrument mit einem gl\u00e4nzenden gold-orangefarbenen Lack veredelt, der sowohl die lebendige Pers\u00f6nlichkeit der Geige als auch den Geist ihrer Werkstatt wunderbar artikuliert.\" \/>\n<meta property=\"og:url\" content=\"https:\/\/www.mauro-lucini.it\/de\/negozio-di-violini\/cremona-violinen\/cremoneser-violine-nr-69-officina-mauro-lucini-cremona-2024-zertifiziert\/\" \/>\n<meta property=\"og:site_name\" content=\"Mauro Lucini - Liutaio a Cremona\" \/>\n<meta property=\"article:modified_time\" content=\"2025-05-27T19:59:08+00:00\" \/>\n<meta property=\"og:image\" content=\"https:\/\/www.mauro-lucini.it\/wp-content\/uploads\/2025\/05\/mauro-lucini-no69-1.jpg\" \/>\n\t<meta property=\"og:image:width\" content=\"1181\" \/>\n\t<meta property=\"og:image:height\" content=\"1890\" \/>\n\t<meta property=\"og:image:type\" content=\"image\/jpeg\" \/>\n<meta name=\"twitter:card\" content=\"summary_large_image\" \/>\n<!-- \/ Yoast SEO plugin. -->","yoast_head_json":{"title":"Cremoneser Violine Nr. 69 Officina Mauro Lucini, Cremona 2024 (zertifiziert) - Mauro Lucini - Liutaio a Cremona","robots":{"index":"index","follow":"follow","max-snippet":"max-snippet:-1","max-image-preview":"max-image-preview:large","max-video-preview":"max-video-preview:-1"},"canonical":"https:\/\/www.mauro-lucini.it\/de\/negozio-di-violini\/cremona-violinen\/cremoneser-violine-nr-69-officina-mauro-lucini-cremona-2024-zertifiziert\/","og_locale":"de_DE","og_type":"article","og_title":"Cremoneser Violine Nr. 69 Officina Mauro Lucini, Cremona 2024 (zertifiziert) - Mauro Lucini - Liutaio a Cremona","og_description":"Diese junge italienische Geige besticht durch ihren warmen, reichen und weichen Klang, eine unverwechselbare Stimme, die den einzigartigen Charakter der Cremoneser Instrumente aus der Werkstatt von Mauro Lucini widerspiegelt. Ihre Vision ist, eine erschwingliche authentische Cremoneser Geige mit einem au\u00dfergew\u00f6hnlichen Klang zu erschaffen, die mit leichter Spielbarkeit und komfortabler Bauweise das Musizieren zu einem Vergn\u00fcgen macht. Mauro Lucini und sein Team haben diese Ziele souver\u00e4n erreicht und das Instrument mit einem gl\u00e4nzenden gold-orangefarbenen Lack veredelt, der sowohl die lebendige Pers\u00f6nlichkeit der Geige als auch den Geist ihrer Werkstatt wunderbar artikuliert.","og_url":"https:\/\/www.mauro-lucini.it\/de\/negozio-di-violini\/cremona-violinen\/cremoneser-violine-nr-69-officina-mauro-lucini-cremona-2024-zertifiziert\/","og_site_name":"Mauro Lucini - Liutaio a Cremona","article_modified_time":"2025-05-27T19:59:08+00:00","og_image":[{"width":1181,"height":1890,"url":"https:\/\/www.mauro-lucini.it\/wp-content\/uploads\/2025\/05\/mauro-lucini-no69-1.jpg","type":"image\/jpeg"}],"twitter_card":"summary_large_image","schema":{"@context":"https:\/\/schema.org","@graph":[{"@type":"WebPage","@id":"https:\/\/www.mauro-lucini.it\/de\/negozio-di-violini\/cremona-violinen\/cremoneser-violine-nr-69-officina-mauro-lucini-cremona-2024-zertifiziert\/","url":"https:\/\/www.mauro-lucini.it\/de\/negozio-di-violini\/cremona-violinen\/cremoneser-violine-nr-69-officina-mauro-lucini-cremona-2024-zertifiziert\/","name":"Cremoneser Violine Nr. 69 Officina Mauro Lucini, Cremona 2024 (zertifiziert) - Mauro Lucini - Liutaio a Cremona","isPartOf":{"@id":"https:\/\/www.mauro-lucini.it\/de\/#website"},"primaryImageOfPage":{"@id":"https:\/\/www.mauro-lucini.it\/de\/negozio-di-violini\/cremona-violinen\/cremoneser-violine-nr-69-officina-mauro-lucini-cremona-2024-zertifiziert\/#primaryimage"},"image":{"@id":"https:\/\/www.mauro-lucini.it\/de\/negozio-di-violini\/cremona-violinen\/cremoneser-violine-nr-69-officina-mauro-lucini-cremona-2024-zertifiziert\/#primaryimage"},"thumbnailUrl":"https:\/\/www.mauro-lucini.it\/wp-content\/uploads\/2025\/05\/mauro-lucini-no69-1.jpg","datePublished":"2025-05-13T11:28:24+00:00","dateModified":"2025-05-27T19:59:08+00:00","breadcrumb":{"@id":"https:\/\/www.mauro-lucini.it\/de\/negozio-di-violini\/cremona-violinen\/cremoneser-violine-nr-69-officina-mauro-lucini-cremona-2024-zertifiziert\/#breadcrumb"},"inLanguage":"de","potentialAction":[{"@type":"ReadAction","target":["https:\/\/www.mauro-lucini.it\/de\/negozio-di-violini\/cremona-violinen\/cremoneser-violine-nr-69-officina-mauro-lucini-cremona-2024-zertifiziert\/"]}]},{"@type":"ImageObject","inLanguage":"de","@id":"https:\/\/www.mauro-lucini.it\/de\/negozio-di-violini\/cremona-violinen\/cremoneser-violine-nr-69-officina-mauro-lucini-cremona-2024-zertifiziert\/#primaryimage","url":"https:\/\/www.mauro-lucini.it\/wp-content\/uploads\/2025\/05\/mauro-lucini-no69-1.jpg","contentUrl":"https:\/\/www.mauro-lucini.it\/wp-content\/uploads\/2025\/05\/mauro-lucini-no69-1.jpg","width":1181,"height":1890},{"@type":"BreadcrumbList","@id":"https:\/\/www.mauro-lucini.it\/de\/negozio-di-violini\/cremona-violinen\/cremoneser-violine-nr-69-officina-mauro-lucini-cremona-2024-zertifiziert\/#breadcrumb","itemListElement":[{"@type":"ListItem","position":1,"name":"Home","item":"https:\/\/www.mauro-lucini.it\/de\/"},{"@type":"ListItem","position":2,"name":"Shop","item":"https:\/\/www.mauro-lucini.it\/en\/shop\/"},{"@type":"ListItem","position":3,"name":"Cremoneser Violine Nr. 69 Officina Mauro Lucini, Cremona 2024 (zertifiziert)"}]},{"@type":"WebSite","@id":"https:\/\/www.mauro-lucini.it\/de\/#website","url":"https:\/\/www.mauro-lucini.it\/de\/","name":"Mauro Lucini - Liutaio a Cremona","description":"Mauro Lucini liutaio a Cremona - 40 anni di passione ed esperienza","publisher":{"@id":"https:\/\/www.mauro-lucini.it\/de\/#organization"},"potentialAction":[{"@type":"SearchAction","target":{"@type":"EntryPoint","urlTemplate":"https:\/\/www.mauro-lucini.it\/de\/?s={search_term_string}"},"query-input":{"@type":"PropertyValueSpecification","valueRequired":true,"valueName":"search_term_string"}}],"inLanguage":"de"},{"@type":"Organization","@id":"https:\/\/www.mauro-lucini.it\/de\/#organization","name":"Mauro Lucini - Liutaio a Cremona","url":"https:\/\/www.mauro-lucini.it\/de\/","logo":{"@type":"ImageObject","inLanguage":"de","@id":"https:\/\/www.mauro-lucini.it\/de\/#\/schema\/logo\/image\/","url":"https:\/\/www.mauro-lucini.it\/wp-content\/uploads\/2024\/09\/Mauro-Lucini-Liutaio-Cremona.png","contentUrl":"https:\/\/www.mauro-lucini.it\/wp-content\/uploads\/2024\/09\/Mauro-Lucini-Liutaio-Cremona.png","width":480,"height":84,"caption":"Mauro Lucini - Liutaio a Cremona"},"image":{"@id":"https:\/\/www.mauro-lucini.it\/de\/#\/schema\/logo\/image\/"}}]}},"_links":{"self":[{"href":"https:\/\/www.mauro-lucini.it\/de\/wp-json\/wp\/v2\/product\/3281","targetHints":{"allow":["GET"]}}],"collection":[{"href":"https:\/\/www.mauro-lucini.it\/de\/wp-json\/wp\/v2\/product"}],"about":[{"href":"https:\/\/www.mauro-lucini.it\/de\/wp-json\/wp\/v2\/types\/product"}],"wp:featuredmedia":[{"embeddable":true,"href":"https:\/\/www.mauro-lucini.it\/de\/wp-json\/wp\/v2\/media\/3214"}],"wp:attachment":[{"href":"https:\/\/www.mauro-lucini.it\/de\/wp-json\/wp\/v2\/media?parent=3281"}],"wp:term":[{"taxonomy":"product_brand","embeddable":true,"href":"https:\/\/www.mauro-lucini.it\/de\/wp-json\/wp\/v2\/product_brand?post=3281"},{"taxonomy":"product_cat","embeddable":true,"href":"https:\/\/www.mauro-lucini.it\/de\/wp-json\/wp\/v2\/product_cat?post=3281"},{"taxonomy":"product_tag","embeddable":true,"href":"https:\/\/www.mauro-lucini.it\/de\/wp-json\/wp\/v2\/product_tag?post=3281"}],"curies":[{"name":"wp","href":"https:\/\/api.w.org\/{rel}","templated":true}]}}