{"id":2232,"date":"2024-12-13T11:49:03","date_gmt":"2024-12-13T11:49:03","guid":{"rendered":"https:\/\/www.mauro-lucini.it\/negozio\/unkategorisiert\/violine-nr-42-officina-mauro-lucini-cremona-2024"},"modified":"2025-05-28T06:47:49","modified_gmt":"2025-05-28T06:47:49","slug":"mauro-lucini-cremona-violin-2024-no42","status":"publish","type":"product","link":"https:\/\/www.mauro-lucini.it\/de\/negozio-di-violini\/cremona-violinen\/mauro-lucini-cremona-violin-2024-no42\/","title":{"rendered":"Violine Nr. 42 Werkstatt Mauro Lucini, Cremona 2024 \u2013 VERKAUFT"},"content":{"rendered":"<p>Violine Nr. 42 von Officina Mauro Lucini in Cremona &#8211; ein s\u00fc\u00dfer, reicher und \u00fcberraschender Klang. Ich habe dieses Instrument im Jahr 2024 nach cremonesischer Tradition mit einer orangeroten Lackierung versehen, die die nat\u00fcrliche Sch\u00f6nheit des Holzes hervorhebt. Das von Guarneri inspirierte Modell mit schmalen und gut positionierten f-L\u00f6chern erm\u00f6glicht einen ausgewogenen und einh\u00fcllenden Klang, der die ganze Pers\u00f6nlichkeit einer Cremoneser Bratsche zum Ausdruck bringt. Der Boden ist aus einem St\u00fcck gefertigt, um eine gr\u00f6\u00dfere Resonanz und einen harmonischen Klang zu f\u00f6rdern. Jedes Instrument, das ich herstelle, wird von einem Echtheitszertifikat, einem 30-t\u00e4gigen R\u00fcckgaberecht und kostenlosem Versand begleitet.<\/p>\n","protected":false},"excerpt":{"rendered":"<p>Violine Nr. 42 aus der Werkstatt Mauro Lucini in Cremona \u2013 ein sanfter, voller und \u00fcberraschender Klang. Ich habe dieses Instrument 2024 nach Cremoneser Tradition gefertigt, mit einer orange-roten Lackierung, die die nat\u00fcrliche Sch\u00f6nheit des Holzes unterstreicht. Das von Guarneri inspirierte Modell mit schlanken, gut positionierten F-L\u00f6chern sorgt f\u00fcr einen ausgewogenen, einnehmenden Klang, der die ganze Pers\u00f6nlichkeit einer Cremoneser Geige zum Ausdruck bringt. Der Boden ist aus einem St\u00fcck gefertigt, um eine bessere Resonanz und einen harmonischen Klang zu erzielen. Jedes Instrument, das ich herstelle, wird mit einem Echtheitszertifikat, einem 30-t\u00e4gigen R\u00fcckgaberecht und kostenlosem Versand geliefert.     <\/p>\n","protected":false},"featured_media":2152,"template":"","meta":{"_coblocks_attr":"","_coblocks_dimensions":"","_coblocks_responsive_height":"","_coblocks_accordion_ie_support":"","hide_page_title":""},"product_brand":[],"product_cat":[123],"product_tag":[156,182,154,155,160,158],"class_list":{"0":"post-2232","1":"product","2":"type-product","3":"status-publish","4":"has-post-thumbnail","6":"product_cat-cremona-violinen","7":"product_tag-cremonaviolin-de","8":"product_tag-geige-de","9":"product_tag-geige","10":"product_tag-italienischevioline","11":"product_tag-violinocremona-de","12":"product_tag-violinocremonese-de","14":"first","15":"outofstock","16":"taxable","17":"shipping-taxable","18":"purchasable","19":"product-type-simple"},"yoast_head":"<!-- This site is optimized with the Yoast SEO plugin v27.4 - https:\/\/yoast.com\/product\/yoast-seo-wordpress\/ -->\n<title>Violine Nr. 42 Werkstatt Mauro Lucini, Cremona 2024 \u2013 VERKAUFT - Mauro Lucini - Liutaio a Cremona<\/title>\n<meta name=\"description\" content=\"Die Geige Nr. 42 der Officina Mauro Lucini in Cremona, hergestellt im Jahr 2024 mit einer orange-roten Lackierung und einem einteiligen Boden, bietet einen sanften und harmonischen Klang, der von der Cremoneser Tradition inspiriert ist und sich durch eine perfekte Ausgewogenheit auszeichnet.\" \/>\n<meta name=\"robots\" content=\"index, follow, max-snippet:-1, max-image-preview:large, max-video-preview:-1\" \/>\n<link rel=\"canonical\" href=\"https:\/\/www.mauro-lucini.it\/de\/negozio-di-violini\/cremona-violinen\/mauro-lucini-cremona-violin-2024-no42\/\" \/>\n<meta property=\"og:locale\" content=\"de_DE\" \/>\n<meta property=\"og:type\" content=\"article\" \/>\n<meta property=\"og:title\" content=\"Violine Nr. 42 Werkstatt Mauro Lucini, Cremona 2024 \u2013 VERKAUFT - Mauro Lucini - Liutaio a Cremona\" \/>\n<meta property=\"og:description\" content=\"Die Geige Nr. 42 der Officina Mauro Lucini in Cremona, hergestellt im Jahr 2024 mit einer orange-roten Lackierung und einem einteiligen Boden, bietet einen sanften und harmonischen Klang, der von der Cremoneser Tradition inspiriert ist und sich durch eine perfekte Ausgewogenheit auszeichnet.\" \/>\n<meta property=\"og:url\" content=\"https:\/\/www.mauro-lucini.it\/de\/negozio-di-violini\/cremona-violinen\/mauro-lucini-cremona-violin-2024-no42\/\" \/>\n<meta property=\"og:site_name\" content=\"Mauro Lucini - Liutaio a Cremona\" \/>\n<meta property=\"article:modified_time\" content=\"2025-05-28T06:47:49+00:00\" \/>\n<meta property=\"og:image\" content=\"https:\/\/www.mauro-lucini.it\/wp-content\/uploads\/2024\/12\/mauro-lucini-no42-1_1890x1890-1.jpg\" \/>\n\t<meta property=\"og:image:width\" content=\"1181\" \/>\n\t<meta property=\"og:image:height\" content=\"1890\" \/>\n\t<meta property=\"og:image:type\" content=\"image\/jpeg\" \/>\n<meta name=\"twitter:card\" content=\"summary_large_image\" \/>\n<!-- \/ Yoast SEO plugin. -->","yoast_head_json":{"title":"Violine Nr. 42 Werkstatt Mauro Lucini, Cremona 2024 \u2013 VERKAUFT - Mauro Lucini - Liutaio a Cremona","description":"Die Geige Nr. 42 der Officina Mauro Lucini in Cremona, hergestellt im Jahr 2024 mit einer orange-roten Lackierung und einem einteiligen Boden, bietet einen sanften und harmonischen Klang, der von der Cremoneser Tradition inspiriert ist und sich durch eine perfekte Ausgewogenheit auszeichnet.","robots":{"index":"index","follow":"follow","max-snippet":"max-snippet:-1","max-image-preview":"max-image-preview:large","max-video-preview":"max-video-preview:-1"},"canonical":"https:\/\/www.mauro-lucini.it\/de\/negozio-di-violini\/cremona-violinen\/mauro-lucini-cremona-violin-2024-no42\/","og_locale":"de_DE","og_type":"article","og_title":"Violine Nr. 42 Werkstatt Mauro Lucini, Cremona 2024 \u2013 VERKAUFT - Mauro Lucini - Liutaio a Cremona","og_description":"Die Geige Nr. 42 der Officina Mauro Lucini in Cremona, hergestellt im Jahr 2024 mit einer orange-roten Lackierung und einem einteiligen Boden, bietet einen sanften und harmonischen Klang, der von der Cremoneser Tradition inspiriert ist und sich durch eine perfekte Ausgewogenheit auszeichnet.","og_url":"https:\/\/www.mauro-lucini.it\/de\/negozio-di-violini\/cremona-violinen\/mauro-lucini-cremona-violin-2024-no42\/","og_site_name":"Mauro Lucini - Liutaio a Cremona","article_modified_time":"2025-05-28T06:47:49+00:00","og_image":[{"width":1181,"height":1890,"url":"https:\/\/www.mauro-lucini.it\/wp-content\/uploads\/2024\/12\/mauro-lucini-no42-1_1890x1890-1.jpg","type":"image\/jpeg"}],"twitter_card":"summary_large_image","schema":{"@context":"https:\/\/schema.org","@graph":[{"@type":"WebPage","@id":"https:\/\/www.mauro-lucini.it\/de\/negozio-di-violini\/cremona-violinen\/mauro-lucini-cremona-violin-2024-no42\/","url":"https:\/\/www.mauro-lucini.it\/de\/negozio-di-violini\/cremona-violinen\/mauro-lucini-cremona-violin-2024-no42\/","name":"Violine Nr. 42 Werkstatt Mauro Lucini, Cremona 2024 \u2013 VERKAUFT - Mauro Lucini - Liutaio a Cremona","isPartOf":{"@id":"https:\/\/www.mauro-lucini.it\/de\/#website"},"primaryImageOfPage":{"@id":"https:\/\/www.mauro-lucini.it\/de\/negozio-di-violini\/cremona-violinen\/mauro-lucini-cremona-violin-2024-no42\/#primaryimage"},"image":{"@id":"https:\/\/www.mauro-lucini.it\/de\/negozio-di-violini\/cremona-violinen\/mauro-lucini-cremona-violin-2024-no42\/#primaryimage"},"thumbnailUrl":"https:\/\/www.mauro-lucini.it\/wp-content\/uploads\/2024\/12\/mauro-lucini-no42-1_1890x1890-1.jpg","datePublished":"2024-12-13T11:49:03+00:00","dateModified":"2025-05-28T06:47:49+00:00","description":"Die Geige Nr. 42 der Officina Mauro Lucini in Cremona, hergestellt im Jahr 2024 mit einer orange-roten Lackierung und einem einteiligen Boden, bietet einen sanften und harmonischen Klang, der von der Cremoneser Tradition inspiriert ist und sich durch eine perfekte Ausgewogenheit auszeichnet.","breadcrumb":{"@id":"https:\/\/www.mauro-lucini.it\/de\/negozio-di-violini\/cremona-violinen\/mauro-lucini-cremona-violin-2024-no42\/#breadcrumb"},"inLanguage":"de","potentialAction":[{"@type":"ReadAction","target":["https:\/\/www.mauro-lucini.it\/de\/negozio-di-violini\/cremona-violinen\/mauro-lucini-cremona-violin-2024-no42\/"]}]},{"@type":"ImageObject","inLanguage":"de","@id":"https:\/\/www.mauro-lucini.it\/de\/negozio-di-violini\/cremona-violinen\/mauro-lucini-cremona-violin-2024-no42\/#primaryimage","url":"https:\/\/www.mauro-lucini.it\/wp-content\/uploads\/2024\/12\/mauro-lucini-no42-1_1890x1890-1.jpg","contentUrl":"https:\/\/www.mauro-lucini.it\/wp-content\/uploads\/2024\/12\/mauro-lucini-no42-1_1890x1890-1.jpg","width":1181,"height":1890},{"@type":"BreadcrumbList","@id":"https:\/\/www.mauro-lucini.it\/de\/negozio-di-violini\/cremona-violinen\/mauro-lucini-cremona-violin-2024-no42\/#breadcrumb","itemListElement":[{"@type":"ListItem","position":1,"name":"Home","item":"https:\/\/www.mauro-lucini.it\/de\/"},{"@type":"ListItem","position":2,"name":"Shop","item":"https:\/\/www.mauro-lucini.it\/en\/shop\/"},{"@type":"ListItem","position":3,"name":"Violine Nr. 42 Werkstatt Mauro Lucini, Cremona 2024 \u2013 VERKAUFT"}]},{"@type":"WebSite","@id":"https:\/\/www.mauro-lucini.it\/de\/#website","url":"https:\/\/www.mauro-lucini.it\/de\/","name":"Mauro Lucini - Liutaio a Cremona","description":"Mauro Lucini liutaio a Cremona - 40 anni di passione ed esperienza","publisher":{"@id":"https:\/\/www.mauro-lucini.it\/de\/#organization"},"potentialAction":[{"@type":"SearchAction","target":{"@type":"EntryPoint","urlTemplate":"https:\/\/www.mauro-lucini.it\/de\/?s={search_term_string}"},"query-input":{"@type":"PropertyValueSpecification","valueRequired":true,"valueName":"search_term_string"}}],"inLanguage":"de"},{"@type":"Organization","@id":"https:\/\/www.mauro-lucini.it\/de\/#organization","name":"Mauro Lucini - Liutaio a Cremona","url":"https:\/\/www.mauro-lucini.it\/de\/","logo":{"@type":"ImageObject","inLanguage":"de","@id":"https:\/\/www.mauro-lucini.it\/de\/#\/schema\/logo\/image\/","url":"https:\/\/www.mauro-lucini.it\/wp-content\/uploads\/2024\/09\/Mauro-Lucini-Liutaio-Cremona.png","contentUrl":"https:\/\/www.mauro-lucini.it\/wp-content\/uploads\/2024\/09\/Mauro-Lucini-Liutaio-Cremona.png","width":480,"height":84,"caption":"Mauro Lucini - Liutaio a Cremona"},"image":{"@id":"https:\/\/www.mauro-lucini.it\/de\/#\/schema\/logo\/image\/"}}]}},"_links":{"self":[{"href":"https:\/\/www.mauro-lucini.it\/de\/wp-json\/wp\/v2\/product\/2232","targetHints":{"allow":["GET"]}}],"collection":[{"href":"https:\/\/www.mauro-lucini.it\/de\/wp-json\/wp\/v2\/product"}],"about":[{"href":"https:\/\/www.mauro-lucini.it\/de\/wp-json\/wp\/v2\/types\/product"}],"wp:featuredmedia":[{"embeddable":true,"href":"https:\/\/www.mauro-lucini.it\/de\/wp-json\/wp\/v2\/media\/2152"}],"wp:attachment":[{"href":"https:\/\/www.mauro-lucini.it\/de\/wp-json\/wp\/v2\/media?parent=2232"}],"wp:term":[{"taxonomy":"product_brand","embeddable":true,"href":"https:\/\/www.mauro-lucini.it\/de\/wp-json\/wp\/v2\/product_brand?post=2232"},{"taxonomy":"product_cat","embeddable":true,"href":"https:\/\/www.mauro-lucini.it\/de\/wp-json\/wp\/v2\/product_cat?post=2232"},{"taxonomy":"product_tag","embeddable":true,"href":"https:\/\/www.mauro-lucini.it\/de\/wp-json\/wp\/v2\/product_tag?post=2232"}],"curies":[{"name":"wp","href":"https:\/\/api.w.org\/{rel}","templated":true}]}}