{"id":2454,"date":"2023-05-28T18:56:38","date_gmt":"2023-05-28T18:56:38","guid":{"rendered":"https:\/\/www.mauro-lucini.it\/shop\/rueckerstattung-und-rueckgabe"},"modified":"2024-12-14T07:17:37","modified_gmt":"2024-12-14T07:17:37","slug":"rueckerstattung-und-rueckgabe","status":"publish","type":"page","link":"https:\/\/www.mauro-lucini.it\/de\/rueckerstattung-und-rueckgabe\/","title":{"rendered":"R\u00fcckerstattung und R\u00fcckgabe"},"content":{"rendered":"\n<p><\/p>\n\n<p>Informationen f\u00fcr Nutzer &#8211; Widerrufsrecht<\/p>\n\n<p><\/p>\n\n<p>Gem\u00e4\u00df dem Gesetzesdekret Nr. 206\/2005 (&#8218;Verbrauchergesetzbuch&#8216;) hat der Nutzer das Recht, innerhalb einer Frist von 14 Tagen ab Erhalt des Produkts ohne Angabe von Gr\u00fcnden vom Kaufvertrag zur\u00fcckzutreten. Dieses Widerrufsrecht gilt ausschlie\u00dflich f\u00fcr Eink\u00e4ufe, die auf der Website <a href=\"https:\/\/www.mauro-lucini.it\/de\">www.mauro-lucini.it<\/a> (im Folgenden &#8218;Website&#8216; genannt) get\u00e4tigt werden.<\/p>\n\n<p><\/p>\n\n<p>Aus\u00fcbung des Widerrufsrechts<\/p>\n\n<p>Um Ihr Widerrufsrecht auszu\u00fcben, m\u00fcssen Sie uns durch eine ausdr\u00fcckliche Erkl\u00e4rung per E-Mail oder durch ein anderes schriftliches Kommunikationsmittel \u00fcber Ihren Entschluss, vom Vertrag zur\u00fcckzutreten, informieren. Sie k\u00f6nnen das auf der Website verf\u00fcgbare Widerrufsformular verwenden, das jedoch nicht vorgeschrieben ist.<\/p>\n\n<p><\/p>\n\n<p>R\u00fcckgabe von Produkten<\/p>\n\n<p>Wird das Widerrufsrecht ausge\u00fcbt, muss der Nutzer die erhaltenen Produkte innerhalb von 14 Tagen ab dem Datum, an dem er seine Entscheidung, den Vertrag zu widerrufen, mitgeteilt hat, zur\u00fccksenden. Sie sind f\u00fcr die Versandkosten f\u00fcr die R\u00fccksendung von Produkten verantwortlich, es sei denn, der Grund f\u00fcr die R\u00fccksendung ist auf einen Fehler unsererseits oder einen Defekt des Produkts zur\u00fcckzuf\u00fchren.<\/p>\n\n<p><\/p>\n\n<p>Bedingungen f\u00fcr zur\u00fcckgegebene Produkte<\/p>\n\n<p>Zur\u00fcckgegebene Produkte m\u00fcssen sich in unbenutztem Originalzustand befinden und mit allen Originalzubeh\u00f6rteilen und -etiketten versehen sein. Wir behalten uns das Recht vor, den Zustand der zur\u00fcckgesandten Produkte zu beurteilen, bevor wir mit der R\u00fcckerstattung fortfahren.<\/p>\n\n<p><\/p>\n\n<p>Erstattung<\/p>\n\n<p>Im Falle einer wirksamen Aus\u00fcbung des Widerrufsrechts erstatten wir Ihnen den von Ihnen gezahlten Betrag einschlie\u00dflich der \u00fcblichen Lieferkosten (mit Ausnahme der zus\u00e4tzlichen Kosten, die sich daraus ergeben, dass Sie eine andere Art der Lieferung als die von uns angebotene gew\u00e4hlt haben) innerhalb von 14 Tagen ab dem Tag, an dem wir die zur\u00fcckgesandten Produkte erhalten haben, oder ab dem Tag, an dem Sie den Nachweis \u00fcber den Versand der Produkte erbracht haben, je nachdem, welches der fr\u00fchere Zeitpunkt ist.<\/p>\n\n<p><\/p>\n\n<p>Ausnahmen vom Widerrufsrecht<\/p>\n\n<p>Das Widerrufsrecht gilt nicht in den folgenden F\u00e4llen:<\/p>\n\n<ul class=\"wp-block-list\">\n<li>Kundenspezifische oder ma\u00dfgeschneiderte Produkte;<\/li>\n\n\n\n<li>Versiegelte Produkte, die aus Gr\u00fcnden der Hygiene oder des Gesundheitsschutzes nicht zur\u00fcckgegeben werden k\u00f6nnen, wenn sie nach der Lieferung ge\u00f6ffnet werden;<\/li>\n\n\n\n<li>Produkte, die Gefahr laufen, zu verderben oder schnell abzulaufen;<\/li>\n\n\n\n<li>Versiegelte Audio- oder Videoprodukte oder versiegelte Software, wenn diese nach der Lieferung ge\u00f6ffnet wurden.<\/li>\n<\/ul>\n\n<p>Kontakt<\/p>\n\n<p>Um von Ihrem Widerrufsrecht Gebrauch zu machen oder weitere Informationen zu erhalten, k\u00f6nnen Sie <a href=\"mailto:mauro@mauro-lucini.it\">uns<\/a> \u00fcber die auf der Website angegebenen Kontaktinformationen <a href=\"mailto:mauro@mauro-lucini.it\">kontaktieren<\/a>.<\/p>\n\n<p><\/p>\n\n<p><\/p>\n\n<p><\/p>\n\n<p><\/p>\n","protected":false},"excerpt":{"rendered":"<p>Informationen f\u00fcr Nutzer &#8211; Widerrufsrecht Gem\u00e4\u00df dem Gesetzesdekret Nr. 206\/2005 (&#8218;Verbrauchergesetzbuch&#8216;) hat der Nutzer das Recht, innerhalb einer Frist von 14 Tagen ab Erhalt des Produkts ohne Angabe von Gr\u00fcnden vom Kaufvertrag zur\u00fcckzutreten. Dieses Widerrufsrecht gilt ausschlie\u00dflich f\u00fcr Eink\u00e4ufe, die auf der Website www.mauro-lucini.it (im Folgenden &#8218;Website&#8216; genannt) get\u00e4tigt werden. Aus\u00fcbung des Widerrufsrechts Um Ihr [&hellip;]<\/p>\n","protected":false},"author":1,"featured_media":0,"parent":0,"menu_order":4,"comment_status":"closed","ping_status":"closed","template":"","meta":{"_coblocks_attr":"","_coblocks_dimensions":"","_coblocks_responsive_height":"","_coblocks_accordion_ie_support":"","hide_page_title":"","footnotes":""},"class_list":["post-2454","page","type-page","status-publish","hentry"],"yoast_head":"<!-- This site is optimized with the Yoast SEO plugin v27.4 - https:\/\/yoast.com\/product\/yoast-seo-wordpress\/ -->\n<title>R\u00fcckerstattung und R\u00fcckgabe - Mauro Lucini - Liutaio a Cremona<\/title>\n<meta name=\"description\" content=\"Sie haben ein 30-t\u00e4giges Widerrufsrecht f\u00fcr jede Bestellung in Mauro Lucini&#039;s Cremona violins online shop\" \/>\n<meta name=\"robots\" content=\"index, follow, max-snippet:-1, max-image-preview:large, max-video-preview:-1\" \/>\n<link rel=\"canonical\" href=\"https:\/\/www.mauro-lucini.it\/de\/rueckerstattung-und-rueckgabe\/\" \/>\n<meta property=\"og:locale\" content=\"de_DE\" \/>\n<meta property=\"og:type\" content=\"article\" \/>\n<meta property=\"og:title\" content=\"R\u00fcckerstattung und R\u00fcckgabe - Mauro Lucini - Liutaio a Cremona\" \/>\n<meta property=\"og:description\" content=\"Sie haben ein 30-t\u00e4giges Widerrufsrecht f\u00fcr jede Bestellung in Mauro Lucini&#039;s Cremona violins online shop\" \/>\n<meta property=\"og:url\" content=\"https:\/\/www.mauro-lucini.it\/de\/rueckerstattung-und-rueckgabe\/\" \/>\n<meta property=\"og:site_name\" content=\"Mauro Lucini - Liutaio a Cremona\" \/>\n<meta property=\"article:modified_time\" content=\"2024-12-14T07:17:37+00:00\" \/>\n<meta name=\"twitter:card\" content=\"summary_large_image\" \/>\n<!-- \/ Yoast SEO plugin. -->","yoast_head_json":{"title":"R\u00fcckerstattung und R\u00fcckgabe - Mauro Lucini - Liutaio a Cremona","description":"Sie haben ein 30-t\u00e4giges Widerrufsrecht f\u00fcr jede Bestellung in Mauro Lucini's Cremona violins online shop","robots":{"index":"index","follow":"follow","max-snippet":"max-snippet:-1","max-image-preview":"max-image-preview:large","max-video-preview":"max-video-preview:-1"},"canonical":"https:\/\/www.mauro-lucini.it\/de\/rueckerstattung-und-rueckgabe\/","og_locale":"de_DE","og_type":"article","og_title":"R\u00fcckerstattung und R\u00fcckgabe - Mauro Lucini - Liutaio a Cremona","og_description":"Sie haben ein 30-t\u00e4giges Widerrufsrecht f\u00fcr jede Bestellung in Mauro Lucini's Cremona violins online shop","og_url":"https:\/\/www.mauro-lucini.it\/de\/rueckerstattung-und-rueckgabe\/","og_site_name":"Mauro Lucini - Liutaio a Cremona","article_modified_time":"2024-12-14T07:17:37+00:00","twitter_card":"summary_large_image","schema":{"@context":"https:\/\/schema.org","@graph":[{"@type":"WebPage","@id":"https:\/\/www.mauro-lucini.it\/de\/rueckerstattung-und-rueckgabe\/","url":"https:\/\/www.mauro-lucini.it\/de\/rueckerstattung-und-rueckgabe\/","name":"R\u00fcckerstattung und R\u00fcckgabe - Mauro Lucini - Liutaio a Cremona","isPartOf":{"@id":"https:\/\/www.mauro-lucini.it\/de\/#website"},"datePublished":"2023-05-28T18:56:38+00:00","dateModified":"2024-12-14T07:17:37+00:00","description":"Sie haben ein 30-t\u00e4giges Widerrufsrecht f\u00fcr jede Bestellung in Mauro Lucini's Cremona violins online shop","breadcrumb":{"@id":"https:\/\/www.mauro-lucini.it\/de\/rueckerstattung-und-rueckgabe\/#breadcrumb"},"inLanguage":"de","potentialAction":[{"@type":"ReadAction","target":["https:\/\/www.mauro-lucini.it\/de\/rueckerstattung-und-rueckgabe\/"]}]},{"@type":"BreadcrumbList","@id":"https:\/\/www.mauro-lucini.it\/de\/rueckerstattung-und-rueckgabe\/#breadcrumb","itemListElement":[{"@type":"ListItem","position":1,"name":"Home","item":"https:\/\/www.mauro-lucini.it\/de\/"},{"@type":"ListItem","position":2,"name":"R\u00fcckerstattung und R\u00fcckgabe"}]},{"@type":"WebSite","@id":"https:\/\/www.mauro-lucini.it\/de\/#website","url":"https:\/\/www.mauro-lucini.it\/de\/","name":"Mauro Lucini - Liutaio a Cremona","description":"Mauro Lucini liutaio a Cremona - 40 anni di passione ed esperienza","publisher":{"@id":"https:\/\/www.mauro-lucini.it\/de\/#organization"},"potentialAction":[{"@type":"SearchAction","target":{"@type":"EntryPoint","urlTemplate":"https:\/\/www.mauro-lucini.it\/de\/?s={search_term_string}"},"query-input":{"@type":"PropertyValueSpecification","valueRequired":true,"valueName":"search_term_string"}}],"inLanguage":"de"},{"@type":"Organization","@id":"https:\/\/www.mauro-lucini.it\/de\/#organization","name":"Mauro Lucini - Liutaio a Cremona","url":"https:\/\/www.mauro-lucini.it\/de\/","logo":{"@type":"ImageObject","inLanguage":"de","@id":"https:\/\/www.mauro-lucini.it\/de\/#\/schema\/logo\/image\/","url":"https:\/\/www.mauro-lucini.it\/wp-content\/uploads\/2024\/09\/Mauro-Lucini-Liutaio-Cremona.png","contentUrl":"https:\/\/www.mauro-lucini.it\/wp-content\/uploads\/2024\/09\/Mauro-Lucini-Liutaio-Cremona.png","width":480,"height":84,"caption":"Mauro Lucini - Liutaio a Cremona"},"image":{"@id":"https:\/\/www.mauro-lucini.it\/de\/#\/schema\/logo\/image\/"}}]}},"_links":{"self":[{"href":"https:\/\/www.mauro-lucini.it\/de\/wp-json\/wp\/v2\/pages\/2454","targetHints":{"allow":["GET"]}}],"collection":[{"href":"https:\/\/www.mauro-lucini.it\/de\/wp-json\/wp\/v2\/pages"}],"about":[{"href":"https:\/\/www.mauro-lucini.it\/de\/wp-json\/wp\/v2\/types\/page"}],"author":[{"embeddable":true,"href":"https:\/\/www.mauro-lucini.it\/de\/wp-json\/wp\/v2\/users\/1"}],"replies":[{"embeddable":true,"href":"https:\/\/www.mauro-lucini.it\/de\/wp-json\/wp\/v2\/comments?post=2454"}],"version-history":[{"count":1,"href":"https:\/\/www.mauro-lucini.it\/de\/wp-json\/wp\/v2\/pages\/2454\/revisions"}],"predecessor-version":[{"id":2455,"href":"https:\/\/www.mauro-lucini.it\/de\/wp-json\/wp\/v2\/pages\/2454\/revisions\/2455"}],"wp:attachment":[{"href":"https:\/\/www.mauro-lucini.it\/de\/wp-json\/wp\/v2\/media?parent=2454"}],"curies":[{"name":"wp","href":"https:\/\/api.w.org\/{rel}","templated":true}]}}