{"id":2182,"date":"2023-05-28T17:30:54","date_gmt":"2023-05-28T17:30:54","guid":{"rendered":"https:\/\/www.mauro-lucini.it\/datenschutzbestimmungen"},"modified":"2024-12-14T07:11:36","modified_gmt":"2024-12-14T07:11:36","slug":"datenschutzbestimmungen","status":"publish","type":"page","link":"https:\/\/www.mauro-lucini.it\/de\/datenschutzbestimmungen\/","title":{"rendered":"Datenschutzbestimmungen"},"content":{"rendered":"\n<h2 class=\"wp-block-heading\">Zuletzt aktualisiert: Corilon violins srl<\/h2>\n\n<p>In dieser Datenschutzerkl\u00e4rung wird erl\u00e4utert, wie die pers\u00f6nlichen Daten von Nutzern, die die Website <a href=\"https:\/\/www.mauro-lucini.it\/de\">www.mauro-lucini.it<\/a> (im Folgenden als &#8222;Website&#8220; bezeichnet) besuchen, erfasst, verwendet, gespeichert und gesch\u00fctzt werden. Bitte lesen Sie diese Datenschutzrichtlinie sorgf\u00e4ltig durch, bevor Sie die Website nutzen oder pers\u00f6nliche Daten angeben. Durch die Nutzung der Website erkl\u00e4ren Sie sich mit der Erfassung und Nutzung von Informationen in \u00dcbereinstimmung mit dieser Datenschutzerkl\u00e4rung einverstanden.<\/p>\n\n<h2 class=\"wp-block-heading\">Erhebung pers\u00f6nlicher Daten<\/h2>\n\n<p>Beim Surfen und bei der Nutzung der Website k\u00f6nnen wir bestimmte personenbezogene Daten erfassen, wie z.B. Name, E-Mail-Adresse, Telefonnummer und andere Kontaktinformationen, die von den Nutzern freiwillig \u00fcber Kontaktformulare oder andere Kommunikationsmittel angegeben werden.<\/p>\n\n<h2 class=\"wp-block-heading\">Verwendung von pers\u00f6nlichen Daten<\/h2>\n\n<p>Die gesammelten pers\u00f6nlichen Daten werden ausschlie\u00dflich zur Beantwortung von Nutzeranfragen, zur Bereitstellung von Informationen \u00fcber unsere Dienstleistungen oder f\u00fcr Zwecke verwendet, die ausschlie\u00dflich mit der Verwaltung der Website zusammenh\u00e4ngen. Ohne Ihre ausdr\u00fcckliche Zustimmung werden wir keine pers\u00f6nlichen Daten f\u00fcr Marketingzwecke verwenden.<\/p>\n\n<h2 class=\"wp-block-heading\">Schutz pers\u00f6nlicher Daten<\/h2>\n\n<p>Wir ergreifen angemessene Sicherheitsma\u00dfnahmen, um Ihre pers\u00f6nlichen Daten vor unbefugtem Zugriff, Ver\u00e4nderung, Weitergabe oder Zerst\u00f6rung zu sch\u00fctzen. Bitte beachten Sie jedoch, dass keine Methode der Daten\u00fcbertragung oder -speicherung im Internet vollkommen sicher ist und wir die absolute Sicherheit der \u00fcber die Website \u00fcbermittelten pers\u00f6nlichen Daten nicht garantieren k\u00f6nnen.<\/p>\n\n<h2 class=\"wp-block-heading\">Weitergabe von pers\u00f6nlichen Daten<\/h2>\n\n<p>Die pers\u00f6nlichen Daten der Benutzer d\u00fcrfen nur in den folgenden F\u00e4llen an Dritte weitergegeben werden:<\/p>\n\n<ul class=\"wp-block-list\">\n<li>Wenn dies gesetzlich oder durch eine zust\u00e4ndige Beh\u00f6rde vorgeschrieben ist;<\/li>\n\n\n\n<li>Mit unseren vertrauensw\u00fcrdigen Dienstleistern, die mit uns zusammenarbeiten, um die Website zu betreiben und zu pflegen;<\/li>\n\n\n\n<li>Mit dem Einverst\u00e4ndnis des Nutzers.<\/li>\n<\/ul>\n\n<h2 class=\"wp-block-heading\">Externe Links<\/h2>\n\n<p>Die Website kann Links zu anderen Websites enthalten, die von Dritten betrieben werden. Diese Datenschutzrichtlinie gilt nur f\u00fcr die Website und wir sind nicht verantwortlich f\u00fcr die Datenschutzpraktiken oder den Inhalt solcher Websites Dritter. Wir empfehlen Ihnen, die Datenschutzrichtlinien dieser Websites sorgf\u00e4ltig zu lesen.<\/p>\n\n<h2 class=\"wp-block-heading\">\u00c4nderungen der Datenschutzbestimmungen<\/h2>\n\n<p>Wir behalten uns das Recht vor, diese Datenschutzrichtlinie jederzeit zu \u00e4ndern. Alle \u00c4nderungen werden auf dieser Seite mit dem neuen Datum &#8218;Letzte Aktualisierung&#8216; ver\u00f6ffentlicht. Wir empfehlen Ihnen, diese Seite regelm\u00e4\u00dfig auf Aktualisierungen oder \u00c4nderungen zu \u00fcberpr\u00fcfen.<\/p>\n\n<h2 class=\"wp-block-heading\">Kontakt<\/h2>\n\n<p>Wenn Sie Fragen, Kommentare oder W\u00fcnsche zu dieser Datenschutzrichtlinie haben, <a href=\"mailto:mauro@mauro-lucini.it\">kontaktieren Sie uns<\/a> bitte \u00fcber die auf der Website angegebenen Kontaktinformationen.<\/p>\n\n<h2 class=\"wp-block-heading\">Einverst\u00e4ndnis<\/h2>\n\n<p>Durch die Nutzung der Website erkl\u00e4ren Sie sich mit der Erfassung, Verwendung und Speicherung Ihrer pers\u00f6nlichen Daten wie in dieser Datenschutzrichtlinie beschrieben einverstanden.<\/p>\n","protected":false},"excerpt":{"rendered":"<p>Zuletzt aktualisiert: Corilon violins srl In dieser Datenschutzerkl\u00e4rung wird erl\u00e4utert, wie die pers\u00f6nlichen Daten von Nutzern, die die Website www.mauro-lucini.it (im Folgenden als &#8222;Website&#8220; bezeichnet) besuchen, erfasst, verwendet, gespeichert und gesch\u00fctzt werden. Bitte lesen Sie diese Datenschutzrichtlinie sorgf\u00e4ltig durch, bevor Sie die Website nutzen oder pers\u00f6nliche Daten angeben. Durch die Nutzung der Website erkl\u00e4ren Sie [&hellip;]<\/p>\n","protected":false},"author":1,"featured_media":0,"parent":0,"menu_order":94,"comment_status":"closed","ping_status":"open","template":"","meta":{"_coblocks_attr":"","_coblocks_dimensions":"","_coblocks_responsive_height":"","_coblocks_accordion_ie_support":"","hide_page_title":"","footnotes":""},"class_list":["post-2182","page","type-page","status-publish","hentry"],"yoast_head":"<!-- This site is optimized with the Yoast SEO plugin v27.4 - https:\/\/yoast.com\/product\/yoast-seo-wordpress\/ -->\n<title>Datenschutzbestimmungen - Mauro Lucini - Liutaio a Cremona<\/title>\n<meta name=\"robots\" content=\"index, follow, max-snippet:-1, max-image-preview:large, max-video-preview:-1\" \/>\n<link rel=\"canonical\" href=\"https:\/\/www.mauro-lucini.it\/de\/datenschutzbestimmungen\/\" \/>\n<meta property=\"og:locale\" content=\"de_DE\" \/>\n<meta property=\"og:type\" content=\"article\" \/>\n<meta property=\"og:title\" content=\"Datenschutzbestimmungen - Mauro Lucini - Liutaio a Cremona\" \/>\n<meta property=\"og:description\" content=\"Zuletzt aktualisiert: Corilon violins srl In dieser Datenschutzerkl\u00e4rung wird erl\u00e4utert, wie die pers\u00f6nlichen Daten von Nutzern, die die Website www.mauro-lucini.it (im Folgenden als &#8222;Website&#8220; bezeichnet) besuchen, erfasst, verwendet, gespeichert und gesch\u00fctzt werden. Bitte lesen Sie diese Datenschutzrichtlinie sorgf\u00e4ltig durch, bevor Sie die Website nutzen oder pers\u00f6nliche Daten angeben. Durch die Nutzung der Website erkl\u00e4ren Sie [&hellip;]\" \/>\n<meta property=\"og:url\" content=\"https:\/\/www.mauro-lucini.it\/de\/datenschutzbestimmungen\/\" \/>\n<meta property=\"og:site_name\" content=\"Mauro Lucini - Liutaio a Cremona\" \/>\n<meta property=\"article:modified_time\" content=\"2024-12-14T07:11:36+00:00\" \/>\n<meta name=\"twitter:card\" content=\"summary_large_image\" \/>\n<!-- \/ Yoast SEO plugin. -->","yoast_head_json":{"title":"Datenschutzbestimmungen - Mauro Lucini - Liutaio a Cremona","robots":{"index":"index","follow":"follow","max-snippet":"max-snippet:-1","max-image-preview":"max-image-preview:large","max-video-preview":"max-video-preview:-1"},"canonical":"https:\/\/www.mauro-lucini.it\/de\/datenschutzbestimmungen\/","og_locale":"de_DE","og_type":"article","og_title":"Datenschutzbestimmungen - Mauro Lucini - Liutaio a Cremona","og_description":"Zuletzt aktualisiert: Corilon violins srl In dieser Datenschutzerkl\u00e4rung wird erl\u00e4utert, wie die pers\u00f6nlichen Daten von Nutzern, die die Website www.mauro-lucini.it (im Folgenden als &#8222;Website&#8220; bezeichnet) besuchen, erfasst, verwendet, gespeichert und gesch\u00fctzt werden. Bitte lesen Sie diese Datenschutzrichtlinie sorgf\u00e4ltig durch, bevor Sie die Website nutzen oder pers\u00f6nliche Daten angeben. Durch die Nutzung der Website erkl\u00e4ren Sie [&hellip;]","og_url":"https:\/\/www.mauro-lucini.it\/de\/datenschutzbestimmungen\/","og_site_name":"Mauro Lucini - Liutaio a Cremona","article_modified_time":"2024-12-14T07:11:36+00:00","twitter_card":"summary_large_image","schema":{"@context":"https:\/\/schema.org","@graph":[{"@type":"WebPage","@id":"https:\/\/www.mauro-lucini.it\/de\/datenschutzbestimmungen\/","url":"https:\/\/www.mauro-lucini.it\/de\/datenschutzbestimmungen\/","name":"Datenschutzbestimmungen - Mauro Lucini - Liutaio a Cremona","isPartOf":{"@id":"https:\/\/www.mauro-lucini.it\/de\/#website"},"datePublished":"2023-05-28T17:30:54+00:00","dateModified":"2024-12-14T07:11:36+00:00","breadcrumb":{"@id":"https:\/\/www.mauro-lucini.it\/de\/datenschutzbestimmungen\/#breadcrumb"},"inLanguage":"de","potentialAction":[{"@type":"ReadAction","target":["https:\/\/www.mauro-lucini.it\/de\/datenschutzbestimmungen\/"]}]},{"@type":"BreadcrumbList","@id":"https:\/\/www.mauro-lucini.it\/de\/datenschutzbestimmungen\/#breadcrumb","itemListElement":[{"@type":"ListItem","position":1,"name":"Home","item":"https:\/\/www.mauro-lucini.it\/de\/"},{"@type":"ListItem","position":2,"name":"Datenschutzbestimmungen"}]},{"@type":"WebSite","@id":"https:\/\/www.mauro-lucini.it\/de\/#website","url":"https:\/\/www.mauro-lucini.it\/de\/","name":"Mauro Lucini - Liutaio a Cremona","description":"Mauro Lucini liutaio a Cremona - 40 anni di passione ed esperienza","publisher":{"@id":"https:\/\/www.mauro-lucini.it\/de\/#organization"},"potentialAction":[{"@type":"SearchAction","target":{"@type":"EntryPoint","urlTemplate":"https:\/\/www.mauro-lucini.it\/de\/?s={search_term_string}"},"query-input":{"@type":"PropertyValueSpecification","valueRequired":true,"valueName":"search_term_string"}}],"inLanguage":"de"},{"@type":"Organization","@id":"https:\/\/www.mauro-lucini.it\/de\/#organization","name":"Mauro Lucini - Liutaio a Cremona","url":"https:\/\/www.mauro-lucini.it\/de\/","logo":{"@type":"ImageObject","inLanguage":"de","@id":"https:\/\/www.mauro-lucini.it\/de\/#\/schema\/logo\/image\/","url":"https:\/\/www.mauro-lucini.it\/wp-content\/uploads\/2024\/09\/Mauro-Lucini-Liutaio-Cremona.png","contentUrl":"https:\/\/www.mauro-lucini.it\/wp-content\/uploads\/2024\/09\/Mauro-Lucini-Liutaio-Cremona.png","width":480,"height":84,"caption":"Mauro Lucini - Liutaio a Cremona"},"image":{"@id":"https:\/\/www.mauro-lucini.it\/de\/#\/schema\/logo\/image\/"}}]}},"_links":{"self":[{"href":"https:\/\/www.mauro-lucini.it\/de\/wp-json\/wp\/v2\/pages\/2182","targetHints":{"allow":["GET"]}}],"collection":[{"href":"https:\/\/www.mauro-lucini.it\/de\/wp-json\/wp\/v2\/pages"}],"about":[{"href":"https:\/\/www.mauro-lucini.it\/de\/wp-json\/wp\/v2\/types\/page"}],"author":[{"embeddable":true,"href":"https:\/\/www.mauro-lucini.it\/de\/wp-json\/wp\/v2\/users\/1"}],"replies":[{"embeddable":true,"href":"https:\/\/www.mauro-lucini.it\/de\/wp-json\/wp\/v2\/comments?post=2182"}],"version-history":[{"count":1,"href":"https:\/\/www.mauro-lucini.it\/de\/wp-json\/wp\/v2\/pages\/2182\/revisions"}],"predecessor-version":[{"id":2190,"href":"https:\/\/www.mauro-lucini.it\/de\/wp-json\/wp\/v2\/pages\/2182\/revisions\/2190"}],"wp:attachment":[{"href":"https:\/\/www.mauro-lucini.it\/de\/wp-json\/wp\/v2\/media?parent=2182"}],"curies":[{"name":"wp","href":"https:\/\/api.w.org\/{rel}","templated":true}]}}